{"id":5538,"date":"2024-11-29T16:52:43","date_gmt":"2024-11-29T15:52:43","guid":{"rendered":"https:\/\/www.laminet.ch\/ventouses\/"},"modified":"2024-11-29T16:52:43","modified_gmt":"2024-11-29T15:52:43","slug":"ventouses","status":"publish","type":"page","link":"https:\/\/www.laminet.ch\/fr\/ventouses\/","title":{"rendered":"Ventouses"},"content":{"rendered":"\t\t<div data-elementor-type=\"wp-page\" data-elementor-id=\"5538\" class=\"elementor elementor-5538 elementor-3312\" data-elementor-post-type=\"page\">\n\t\t\t\t<div class=\"elementor-element elementor-element-a15ad20 e-flex e-con-boxed e-con e-parent\" data-id=\"a15ad20\" data-element_type=\"container\" data-e-type=\"container\">\n\t\t\t\t\t<div class=\"e-con-inner\">\n\t\t\t\t<div class=\"elementor-element elementor-element-7c01b25 elementor-widget elementor-widget-heading\" data-id=\"7c01b25\" data-element_type=\"widget\" data-e-type=\"widget\" data-widget_type=\"heading.default\">\n\t\t\t\t<div class=\"elementor-widget-container\">\n\t\t\t\t\t<h4 class=\"elementor-heading-title elementor-size-default\">Ventouses<\/h4>\t\t\t\t<\/div>\n\t\t\t\t<\/div>\n\t\t\t\t<div class=\"elementor-element elementor-element-9f06744 elementor-widget elementor-widget-heading\" data-id=\"9f06744\" data-element_type=\"widget\" data-e-type=\"widget\" data-widget_type=\"heading.default\">\n\t\t\t\t<div class=\"elementor-widget-container\">\n\t\t\t\t\t<h6 class=\"elementor-heading-title elementor-size-default\">Une des plus anciennes formes de th\u00e9rapie<\/h6>\t\t\t\t<\/div>\n\t\t\t\t<\/div>\n\t\t\t\t<div class=\"elementor-element elementor-element-b562cc6 elementor-widget elementor-widget-text-editor\" data-id=\"b562cc6\" data-element_type=\"widget\" data-e-type=\"widget\" data-widget_type=\"text-editor.default\">\n\t\t\t\t<div class=\"elementor-widget-container\">\n\t\t\t\t\t\t\t\t\t<p style=\"font-weight: 400;\"><img fetchpriority=\"high\" decoding=\"async\" class=\"alignleft wp-image-4350\" src=\"https:\/\/www.laminet.ch\/wp-content\/uploads\/2024\/07\/Schroepfen_2-300x225.png\" alt=\"\" width=\"600\" height=\"450\" srcset=\"https:\/\/www.laminet.ch\/wp-content\/uploads\/2024\/07\/Schroepfen_2-300x225.png 300w, https:\/\/www.laminet.ch\/wp-content\/uploads\/2024\/07\/Schroepfen_2-768x576.png 768w, https:\/\/www.laminet.ch\/wp-content\/uploads\/2024\/07\/Schroepfen_2.png 800w\" sizes=\"(max-width: 600px) 100vw, 600px\" \/>Les ventouses sont l&rsquo;une des plus anciennes m\u00e9thodes th\u00e9rapeutiques. Les ventouses consistent \u00e0 placer des ventouses soit sur des zones douloureuses et tendues, soit directement sur des points d&rsquo;acupuncture. Selon la m\u00e9decine traditionnelle chinoise (MTC), les ventouses favorisent la circulation du Qi, l&rsquo;\u00e9nergie vitale, et du sang, ainsi que du liquide lymphatique.<\/p>\n<p style=\"font-weight: 400;\">La d\u00e9pression cr\u00e9\u00e9e dans le verre \u00e0 ventouses aspire la peau et les tissus sous-jacents, ce qui augmente la circulation sanguine, stimule le m\u00e9tabolisme et provoque un \u00e9tirement du tissu conjonctif. Ainsi, les ventouses sont une m\u00e9thode tr\u00e8s efficace pour r\u00e9tablir le Qi et le flux sanguin, ce qui facilite l&rsquo;\u00e9limination des d\u00e9chets et l&rsquo;apport de sang frais et de nutriments aux tissus. Les contractures musculaires disparaissent et les tissus coll\u00e9s se rel\u00e2chent. En outre, les points d&rsquo;acupuncture peuvent \u00e9galement influencer les organes internes, activer les forces d&rsquo;autogu\u00e9rison et \u00e9liminer les facteurs pathog\u00e8nes.<\/p>\n<p style=\"font-weight: 400;\">Du point de vue de la m\u00e9decine traditionnelle, les ventouses influencent la s\u00e9cr\u00e9tion d&rsquo;endorphines et de prostaglandines, ce qui a pour effet d&rsquo;att\u00e9nuer la douleur. De plus, le m\u00e9tabolisme cellulaire est stimul\u00e9 et le syst\u00e8me immunitaire est renforc\u00e9.&nbsp;<span style=\"text-align: var(--text-align); font-family: var( --e-global-typography-text-font-family ), Sans-serif; font-size: var( --e-global-typography-text-font-size );\">Les ventouses sont un bon compl\u00e9ment \u00e0 l&rsquo;acupuncture ainsi qu&rsquo;au massage Tuina. Cependant, il peut \u00e9galement \u00eatre utilis\u00e9 comme m\u00e9thode th\u00e9rapeutique ind\u00e9pendante.<\/span><\/p>\t\t\t\t\t\t\t\t<\/div>\n\t\t\t\t<\/div>\n\t\t\t\t\t<\/div>\n\t\t\t\t<\/div>\n\t\t<div class=\"elementor-element elementor-element-3a066357 e-flex e-con-boxed e-con e-parent\" data-id=\"3a066357\" data-element_type=\"container\" data-e-type=\"container\">\n\t\t\t\t\t<div class=\"e-con-inner\">\n\t\t\t\t<div class=\"elementor-element elementor-element-6830c7bb elementor-widget elementor-widget-heading\" data-id=\"6830c7bb\" data-element_type=\"widget\" data-e-type=\"widget\" data-widget_type=\"heading.default\">\n\t\t\t\t<div class=\"elementor-widget-container\">\n\t\t\t\t\t<h4 class=\"elementor-heading-title elementor-size-default\">Gua Sha<\/h4>\t\t\t\t<\/div>\n\t\t\t\t<\/div>\n\t\t\t\t<div class=\"elementor-element elementor-element-fb3dce7 elementor-widget elementor-widget-heading\" data-id=\"fb3dce7\" data-element_type=\"widget\" data-e-type=\"widget\" data-widget_type=\"heading.default\">\n\t\t\t\t<div class=\"elementor-widget-container\">\n\t\t\t\t\t<h6 class=\"elementor-heading-title elementor-size-default\">Fait circuler le sang \u00e0 nouveau<\/h6>\t\t\t\t<\/div>\n\t\t\t\t<\/div>\n\t\t\t\t<div class=\"elementor-element elementor-element-53e8f8ff elementor-widget elementor-widget-text-editor\" data-id=\"53e8f8ff\" data-element_type=\"widget\" data-e-type=\"widget\" data-widget_type=\"text-editor.default\">\n\t\t\t\t<div class=\"elementor-widget-container\">\n\t\t\t\t\t\t\t\t\t<div>\n<p><img decoding=\"async\" class=\"alignright wp-image-4354\" src=\"https:\/\/www.laminet.ch\/wp-content\/uploads\/2024\/07\/GuaSha-300x225.png\" alt=\"\" width=\"600\" height=\"450\" srcset=\"https:\/\/www.laminet.ch\/wp-content\/uploads\/2024\/07\/GuaSha-300x225.png 300w, https:\/\/www.laminet.ch\/wp-content\/uploads\/2024\/07\/GuaSha-768x576.png 768w, https:\/\/www.laminet.ch\/wp-content\/uploads\/2024\/07\/GuaSha.png 800w\" sizes=\"(max-width: 600px) 100vw, 600px\" \/>Le Gua Sha est une m\u00e9thode de gu\u00e9rison traditionnelle chinoise qui agit sur la peau pour am\u00e9liorer le flux \u00e9nerg\u00e9tique et favoriser le bien-\u00eatre. Le terme \u00ab\u00a0Gua Sha\u00a0\u00bb est la contraction des mots \u00ab\u00a0Gua\u00a0\u00bb (raclage) et \u00ab\u00a0Sha\u00a0\u00bb (rougeur).<\/p>\n<\/div>\n<div>\n<p>La technique du Gua Sha consiste \u00e0 gratter un outil arrondi, souvent en jade ou en corne, sur la peau huil\u00e9e. Cela produit de petites rougeurs ponctuelles (p\u00e9t\u00e9chies) appel\u00e9es sha. Cela permet de lib\u00e9rer l&rsquo;\u00e9nergie stagnante (Qi) dans les m\u00e9ridiens du corps, d&rsquo;am\u00e9liorer la circulation sanguine et donc de soulager les douleurs et de renforcer le syst\u00e8me immunitaire. Le grattage permet de stimuler la microcirculation de la peau. Cela entra\u00eene la lib\u00e9ration de substances anti-inflammatoires et analg\u00e9siques.<\/p>\n<\/div>\n<div>\n<p>Le Gua Sha est souvent utilis\u00e9 pour traiter les tensions musculaires, les douleurs, les inflammations chroniques et les rhumes.<\/p>\n<\/div>\n<div>\n<p>Outre son utilisation traditionnelle, le Gua Sha a r\u00e9cemment gagn\u00e9 en popularit\u00e9 en Occident, notamment dans le domaine des soins du visage, pour am\u00e9liorer la fermet\u00e9 de la peau et r\u00e9duire les rides.<\/p>\n<\/div>\n\t\t\t\t\t\t\t\t<\/div>\n\t\t\t\t<\/div>\n\t\t\t\t<div class=\"elementor-element elementor-element-d98ac8a elementor-widget elementor-widget-button\" data-id=\"d98ac8a\" data-element_type=\"widget\" data-e-type=\"widget\" data-widget_type=\"button.default\">\n\t\t\t\t<div class=\"elementor-widget-container\">\n\t\t\t\t\t\t\t\t\t<div class=\"elementor-button-wrapper\">\n\t\t\t\t\t<a class=\"elementor-button elementor-button-link elementor-size-sm\" href=\"https:\/\/www.laminet.ch\/fr\/offres\/\">\n\t\t\t\t\t\t<span class=\"elementor-button-content-wrapper\">\n\t\t\t\t\t\t<span class=\"elementor-button-icon\">\n\t\t\t\t<i aria-hidden=\"true\" class=\"far fa-arrow-alt-circle-left\"><\/i>\t\t\t<\/span>\n\t\t\t\t\t\t\t\t\t<span class=\"elementor-button-text\">Retour \u00e0 Offres<\/span>\n\t\t\t\t\t<\/span>\n\t\t\t\t\t<\/a>\n\t\t\t\t<\/div>\n\t\t\t\t\t\t\t\t<\/div>\n\t\t\t\t<\/div>\n\t\t\t\t\t<\/div>\n\t\t\t\t<\/div>\n\t\t\t\t<\/div>\n\t\t","protected":false},"excerpt":{"rendered":"<p>Ventouses Une des plus anciennes formes de th\u00e9rapie Les ventouses sont l&rsquo;une des plus anciennes m\u00e9thodes th\u00e9rapeutiques. Les ventouses consistent \u00e0 placer des ventouses soit sur des zones douloureuses et tendues, soit directement sur des points d&rsquo;acupuncture. Selon la m\u00e9decine traditionnelle chinoise (MTC), les ventouses favorisent la circulation du Qi, l&rsquo;\u00e9nergie vitale, et du sang, [&hellip;]<\/p>\n","protected":false},"author":4,"featured_media":0,"parent":0,"menu_order":0,"comment_status":"closed","ping_status":"closed","template":"","meta":{"footnotes":""},"class_list":["post-5538","page","type-page","status-publish","hentry"],"_links":{"self":[{"href":"https:\/\/www.laminet.ch\/fr\/wp-json\/wp\/v2\/pages\/5538","targetHints":{"allow":["GET"]}}],"collection":[{"href":"https:\/\/www.laminet.ch\/fr\/wp-json\/wp\/v2\/pages"}],"about":[{"href":"https:\/\/www.laminet.ch\/fr\/wp-json\/wp\/v2\/types\/page"}],"author":[{"embeddable":true,"href":"https:\/\/www.laminet.ch\/fr\/wp-json\/wp\/v2\/users\/4"}],"replies":[{"embeddable":true,"href":"https:\/\/www.laminet.ch\/fr\/wp-json\/wp\/v2\/comments?post=5538"}],"version-history":[{"count":1,"href":"https:\/\/www.laminet.ch\/fr\/wp-json\/wp\/v2\/pages\/5538\/revisions"}],"predecessor-version":[{"id":5539,"href":"https:\/\/www.laminet.ch\/fr\/wp-json\/wp\/v2\/pages\/5538\/revisions\/5539"}],"wp:attachment":[{"href":"https:\/\/www.laminet.ch\/fr\/wp-json\/wp\/v2\/media?parent=5538"}],"curies":[{"name":"wp","href":"https:\/\/api.w.org\/{rel}","templated":true}]}}