{"id":5536,"date":"2024-11-29T16:49:42","date_gmt":"2024-11-29T15:49:42","guid":{"rendered":"https:\/\/www.laminet.ch\/douleurs\/"},"modified":"2024-11-29T16:49:42","modified_gmt":"2024-11-29T15:49:42","slug":"douleurs","status":"publish","type":"page","link":"https:\/\/www.laminet.ch\/fr\/douleurs\/","title":{"rendered":"Douleurs"},"content":{"rendered":"\t\t<div data-elementor-type=\"wp-page\" data-elementor-id=\"5536\" class=\"elementor elementor-5536 elementor-2883\" data-elementor-post-type=\"page\">\n\t\t\t\t<div class=\"elementor-element elementor-element-4fae3e4f e-flex e-con-boxed e-con e-parent\" data-id=\"4fae3e4f\" data-element_type=\"container\" data-e-type=\"container\">\n\t\t\t\t\t<div class=\"e-con-inner\">\n\t\t<div class=\"elementor-element elementor-element-71a78a21 e-con-full e-flex e-con e-child\" data-id=\"71a78a21\" data-element_type=\"container\" data-e-type=\"container\">\n\t\t\t\t<div class=\"elementor-element elementor-element-295fb08b elementor-widget elementor-widget-heading\" data-id=\"295fb08b\" data-element_type=\"widget\" data-e-type=\"widget\" data-widget_type=\"heading.default\">\n\t\t\t\t<div class=\"elementor-widget-container\">\n\t\t\t\t\t<h4 class=\"elementor-heading-title elementor-size-default\">Douleurs<\/h4>\t\t\t\t<\/div>\n\t\t\t\t<\/div>\n\t\t\t\t<div class=\"elementor-element elementor-element-6de47078 elementor-widget elementor-widget-heading\" data-id=\"6de47078\" data-element_type=\"widget\" data-e-type=\"widget\" data-widget_type=\"heading.default\">\n\t\t\t\t<div class=\"elementor-widget-container\">\n\t\t\t\t\t<h6 class=\"elementor-heading-title elementor-size-default\">Deuxi\u00e8me titre<\/h6>\t\t\t\t<\/div>\n\t\t\t\t<\/div>\n\t\t\t\t<div class=\"elementor-element elementor-element-5b366a6b elementor-widget elementor-widget-text-editor\" data-id=\"5b366a6b\" data-element_type=\"widget\" data-e-type=\"widget\" data-widget_type=\"text-editor.default\">\n\t\t\t\t<div class=\"elementor-widget-container\">\n\t\t\t\t\t\t\t\t\t<p>Le Lorem Ipsum est tout simplement un texte stupide de l&rsquo;industrie de l&rsquo;impression et de la typographie. Le Lorem Ipsum a \u00e9t\u00e9 le texte fictif standard de l&rsquo;industrie depuis les ann\u00e9es 1500, lorsqu&rsquo;un imprimeur inconnu a pris une gal\u00e8re de type et l&rsquo;a brouill\u00e9e pour en faire un livre de sp\u00e9cimens de type. Elle a surv\u00e9cu non seulement \u00e0 cinq si\u00e8cles, mais aussi au passage au typage \u00e9lectronique, en restant essentiellement inchang\u00e9e. Il a \u00e9t\u00e9 popularis\u00e9 dans les ann\u00e9es 1960 avec la sortie des feuilles Letraset contenant des passages du Lorem Ipsum, et plus r\u00e9cemment avec des logiciels de publication de bureau tels que Aldus PageMaker incluant des versions du Lorem Ipsum.<\/p>\n\t\t\t\t\t\t\t\t<\/div>\n\t\t\t\t<\/div>\n\t\t\t\t<\/div>\n\t\t<div class=\"elementor-element elementor-element-3020edde e-con-full e-flex e-con e-child\" data-id=\"3020edde\" data-element_type=\"container\" data-e-type=\"container\">\n\t\t\t\t<div class=\"elementor-element elementor-element-14d8e9bb elementor-widget elementor-widget-image\" data-id=\"14d8e9bb\" data-element_type=\"widget\" data-e-type=\"widget\" data-widget_type=\"image.default\">\n\t\t\t\t<div class=\"elementor-widget-container\">\n\t\t\t\t\t\t\t\t\t\t\t\t\t\t\t<img fetchpriority=\"high\" decoding=\"async\" width=\"800\" height=\"600\" src=\"https:\/\/www.laminet.ch\/wp-content\/uploads\/2024\/05\/BILD-ERSETZTEN-RATIO-43-800-PX-BREIT.webp\" class=\"attachment-full size-full wp-image-2532\" alt=\"\" srcset=\"https:\/\/www.laminet.ch\/wp-content\/uploads\/2024\/05\/BILD-ERSETZTEN-RATIO-43-800-PX-BREIT.webp 800w, https:\/\/www.laminet.ch\/wp-content\/uploads\/2024\/05\/BILD-ERSETZTEN-RATIO-43-800-PX-BREIT-300x225.webp 300w, https:\/\/www.laminet.ch\/wp-content\/uploads\/2024\/05\/BILD-ERSETZTEN-RATIO-43-800-PX-BREIT-768x576.webp 768w\" sizes=\"(max-width: 800px) 100vw, 800px\" \/>\t\t\t\t\t\t\t\t\t\t\t\t\t\t\t<\/div>\n\t\t\t\t<\/div>\n\t\t\t\t<\/div>\n\t\t\t\t\t<\/div>\n\t\t\t\t<\/div>\n\t\t<div class=\"elementor-element elementor-element-d7cfde9 e-flex e-con-boxed e-con e-parent\" data-id=\"d7cfde9\" data-element_type=\"container\" data-e-type=\"container\">\n\t\t\t\t\t<div class=\"e-con-inner\">\n\t\t\t\t<div class=\"elementor-element elementor-element-7f75c3e3 elementor-widget elementor-widget-heading\" data-id=\"7f75c3e3\" data-element_type=\"widget\" data-e-type=\"widget\" data-widget_type=\"heading.default\">\n\t\t\t\t<div class=\"elementor-widget-container\">\n\t\t\t\t\t<h6 class=\"elementor-heading-title elementor-size-default\">Troisi\u00e8me titre<\/h6>\t\t\t\t<\/div>\n\t\t\t\t<\/div>\n\t\t\t\t<div class=\"elementor-element elementor-element-8e9d9b2 elementor-widget elementor-widget-text-editor\" data-id=\"8e9d9b2\" data-element_type=\"widget\" data-e-type=\"widget\" data-widget_type=\"text-editor.default\">\n\t\t\t\t<div class=\"elementor-widget-container\">\n\t\t\t\t\t\t\t\t\t<p>Le Lorem Ipsum est tout simplement un texte stupide de l&rsquo;industrie de l&rsquo;impression et de la typographie. Le Lorem Ipsum a \u00e9t\u00e9 le texte fictif standard de l&rsquo;industrie depuis les ann\u00e9es 1500, lorsqu&rsquo;un imprimeur inconnu a pris une gal\u00e8re de type et l&rsquo;a brouill\u00e9e pour en faire un livre de sp\u00e9cimens de type. Elle a surv\u00e9cu non seulement \u00e0 cinq si\u00e8cles, mais aussi au passage au typage \u00e9lectronique, en restant essentiellement inchang\u00e9e. Il a \u00e9t\u00e9 popularis\u00e9 dans les ann\u00e9es 1960 avec la sortie des feuilles Letraset contenant des passages du Lorem Ipsum, et plus r\u00e9cemment avec des logiciels de publication de bureau tels que Aldus PageMaker incluant des versions du Lorem Ipsum.<\/p>\n\t\t\t\t\t\t\t\t<\/div>\n\t\t\t\t<\/div>\n\t\t\t\t\t<\/div>\n\t\t\t\t<\/div>\n\t\t\t\t<\/div>\n\t\t","protected":false},"excerpt":{"rendered":"<p>Douleurs Deuxi\u00e8me titre Le Lorem Ipsum est tout simplement un texte stupide de l&rsquo;industrie de l&rsquo;impression et de la typographie. Le Lorem Ipsum a \u00e9t\u00e9 le texte fictif standard de l&rsquo;industrie depuis les ann\u00e9es 1500, lorsqu&rsquo;un imprimeur inconnu a pris une gal\u00e8re de type et l&rsquo;a brouill\u00e9e pour en faire un livre de sp\u00e9cimens de [&hellip;]<\/p>\n","protected":false},"author":1,"featured_media":0,"parent":0,"menu_order":0,"comment_status":"closed","ping_status":"closed","template":"","meta":{"footnotes":""},"class_list":["post-5536","page","type-page","status-publish","hentry"],"_links":{"self":[{"href":"https:\/\/www.laminet.ch\/fr\/wp-json\/wp\/v2\/pages\/5536","targetHints":{"allow":["GET"]}}],"collection":[{"href":"https:\/\/www.laminet.ch\/fr\/wp-json\/wp\/v2\/pages"}],"about":[{"href":"https:\/\/www.laminet.ch\/fr\/wp-json\/wp\/v2\/types\/page"}],"author":[{"embeddable":true,"href":"https:\/\/www.laminet.ch\/fr\/wp-json\/wp\/v2\/users\/1"}],"replies":[{"embeddable":true,"href":"https:\/\/www.laminet.ch\/fr\/wp-json\/wp\/v2\/comments?post=5536"}],"version-history":[{"count":1,"href":"https:\/\/www.laminet.ch\/fr\/wp-json\/wp\/v2\/pages\/5536\/revisions"}],"predecessor-version":[{"id":5537,"href":"https:\/\/www.laminet.ch\/fr\/wp-json\/wp\/v2\/pages\/5536\/revisions\/5537"}],"wp:attachment":[{"href":"https:\/\/www.laminet.ch\/fr\/wp-json\/wp\/v2\/media?parent=5536"}],"curies":[{"name":"wp","href":"https:\/\/api.w.org\/{rel}","templated":true}]}}