{"id":5534,"date":"2024-11-29T16:49:10","date_gmt":"2024-11-29T15:49:10","guid":{"rendered":"https:\/\/www.laminet.ch\/travail-de-guerison-chamanique\/"},"modified":"2024-12-09T16:05:01","modified_gmt":"2024-12-09T15:05:01","slug":"travail-de-guerison-chamanique","status":"publish","type":"page","link":"https:\/\/www.laminet.ch\/fr\/travail-de-guerison-chamanique\/","title":{"rendered":"Travail de gu\u00e9rison chamanique"},"content":{"rendered":"\t\t<div data-elementor-type=\"wp-page\" data-elementor-id=\"5534\" class=\"elementor elementor-5534 elementor-3317\" data-elementor-post-type=\"page\">\n\t\t\t\t<div class=\"elementor-element elementor-element-2efe1bd1 e-flex e-con-boxed e-con e-parent\" data-id=\"2efe1bd1\" data-element_type=\"container\" data-e-type=\"container\">\n\t\t\t\t\t<div class=\"e-con-inner\">\n\t\t<div class=\"elementor-element elementor-element-6dcbdd1 e-con-full e-flex e-con e-child\" data-id=\"6dcbdd1\" data-element_type=\"container\" data-e-type=\"container\">\n\t\t\t\t<div class=\"elementor-element elementor-element-562db956 elementor-widget elementor-widget-heading\" data-id=\"562db956\" data-element_type=\"widget\" data-e-type=\"widget\" data-widget_type=\"heading.default\">\n\t\t\t\t<div class=\"elementor-widget-container\">\n\t\t\t\t\t<h4 class=\"elementor-heading-title elementor-size-default\">Travail de gu\u00e9rison chamanique<\/h4>\t\t\t\t<\/div>\n\t\t\t\t<\/div>\n\t\t\t\t<div class=\"elementor-element elementor-element-4711f1d5 elementor-widget elementor-widget-heading\" data-id=\"4711f1d5\" data-element_type=\"widget\" data-e-type=\"widget\" data-widget_type=\"heading.default\">\n\t\t\t\t<div class=\"elementor-widget-container\">\n\t\t\t\t\t<h6 class=\"elementor-heading-title elementor-size-default\">Connaissances th\u00e9rapeutiques indig\u00e8nes<\/h6>\t\t\t\t<\/div>\n\t\t\t\t<\/div>\n\t\t\t\t<div class=\"elementor-element elementor-element-13fd0387 elementor-widget elementor-widget-text-editor\" data-id=\"13fd0387\" data-element_type=\"widget\" data-e-type=\"widget\" data-widget_type=\"text-editor.default\">\n\t\t\t\t<div class=\"elementor-widget-container\">\n\t\t\t\t\t\t\t\t\t<p>Le chamanisme est l&rsquo;art de la gu\u00e9rison le plus ancien qui soit. Les traditions chamaniques, que l&rsquo;on retrouve dans les cultures indig\u00e8nes du monde entier, nous relient \u00e0 un savoir ancestral, profond\u00e9ment ancr\u00e9 dans le lien avec toute vie. La m\u00e9decine chinoise trouve \u00e9galement ses racines dans le chamanisme, par exemple, de nombreux noms de points d&rsquo;acupuncture y font r\u00e9f\u00e9rence. Par exemple, les points dits \u00ab\u00a0d\u00e9mons\u00a0\u00bb sont encore utilis\u00e9s aujourd&rsquo;hui pour \u00e9vacuer les traumatismes ou les \u00e9nergies \u00e9trang\u00e8res. Lorsque ces points sont tenus ou aiguillet\u00e9s, les th\u00e8mes associ\u00e9s peuvent remonter \u00e0 la surface et \u00eatre trait\u00e9s sur le plan \u00e9motionnel.    <\/p>\n<div>\n<p>En plus de mes racines dans la m\u00e9decine chinoise, j&rsquo;ai un grand lien avec le chamanisme andin gr\u00e2ce \u00e0 ma formation \u00e0 la Light Body School d&rsquo;Alberto Villoldo en tant que \u00ab\u00a0practicioner of energy medicine\u00a0\u00bb. J&rsquo;approfondis \u00e9galement r\u00e9guli\u00e8rement mes connaissances avec un chaman mexicain. <\/p>\n<\/div>\n\t\t\t\t\t\t\t\t<\/div>\n\t\t\t\t<\/div>\n\t\t\t\t<\/div>\n\t\t<div class=\"elementor-element elementor-element-72ff357c e-con-full e-flex e-con e-child\" data-id=\"72ff357c\" data-element_type=\"container\" data-e-type=\"container\">\n\t\t\t\t<div class=\"elementor-element elementor-element-6c1a6a02 elementor-widget elementor-widget-image\" data-id=\"6c1a6a02\" data-element_type=\"widget\" data-e-type=\"widget\" data-widget_type=\"image.default\">\n\t\t\t\t<div class=\"elementor-widget-container\">\n\t\t\t\t\t\t\t\t\t\t\t\t\t\t\t<img fetchpriority=\"high\" decoding=\"async\" width=\"800\" height=\"600\" src=\"https:\/\/www.laminet.ch\/wp-content\/uploads\/2024\/07\/Schamanismus_2.png\" class=\"attachment-full size-full wp-image-4496\" alt=\"\" srcset=\"https:\/\/www.laminet.ch\/wp-content\/uploads\/2024\/07\/Schamanismus_2.png 800w, https:\/\/www.laminet.ch\/wp-content\/uploads\/2024\/07\/Schamanismus_2-300x225.png 300w, https:\/\/www.laminet.ch\/wp-content\/uploads\/2024\/07\/Schamanismus_2-768x576.png 768w\" sizes=\"(max-width: 800px) 100vw, 800px\" \/>\t\t\t\t\t\t\t\t\t\t\t\t\t\t\t<\/div>\n\t\t\t\t<\/div>\n\t\t\t\t<\/div>\n\t\t\t\t\t<\/div>\n\t\t\t\t<\/div>\n\t\t<div class=\"elementor-element elementor-element-3a066357 e-flex e-con-boxed e-con e-parent\" data-id=\"3a066357\" data-element_type=\"container\" data-e-type=\"container\">\n\t\t\t\t\t<div class=\"e-con-inner\">\n\t\t\t\t<div class=\"elementor-element elementor-element-5407b3d elementor-widget elementor-widget-text-editor\" data-id=\"5407b3d\" data-element_type=\"widget\" data-e-type=\"widget\" data-widget_type=\"text-editor.default\">\n\t\t\t\t<div class=\"elementor-widget-container\">\n\t\t\t\t\t\t\t\t\t<em>\u00ab\u00a0Si vous voulez gu\u00e9rir le corps, vous devez d&rsquo;abord gu\u00e9rir l&rsquo;\u00e2me\u00a0\u00bb.<\/em> <\/br><span style=\"font-size: 0.8em;\">Platon<\/span>\n\t\t\t\t\t\t\t\t<\/div>\n\t\t\t\t<\/div>\n\t\t\t\t<div class=\"elementor-element elementor-element-6830c7bb elementor-widget elementor-widget-heading\" data-id=\"6830c7bb\" data-element_type=\"widget\" data-e-type=\"widget\" data-widget_type=\"heading.default\">\n\t\t\t\t<div class=\"elementor-widget-container\">\n\t\t\t\t\t<h6 class=\"elementor-heading-title elementor-size-default\">Travail \u00e9nerg\u00e9tique sur le plan subtil<\/h6>\t\t\t\t<\/div>\n\t\t\t\t<\/div>\n\t\t\t\t<div class=\"elementor-element elementor-element-53e8f8ff elementor-widget elementor-widget-text-editor\" data-id=\"53e8f8ff\" data-element_type=\"widget\" data-e-type=\"widget\" data-widget_type=\"text-editor.default\">\n\t\t\t\t<div class=\"elementor-widget-container\">\n\t\t\t\t\t\t\t\t\t<p style=\"font-weight: 400;\">Le contenu du travail \u00e9nerg\u00e9tique chamanique peut inclure<\/p>\n<ul>\n<li style=\"font-weight: 400;\">Nettoyage \u00e9nerg\u00e9tique : Se d\u00e9barrasser des \u00e9nergies n\u00e9gatives, des sch\u00e9mas ou des croyances qui vous entravent ou vous nuisent.<\/li>\n<li style=\"font-weight: 400;\">\u00c9liminer les \u00e9nergies et les \u00e9motions lourdes et \u00e9trang\u00e8res qui ont envahi votre champ.<\/li>\n<li style=\"font-weight: 400;\">R\u00e9cup\u00e9ration de l&rsquo;\u00e2me : ram\u00e8ne les qualit\u00e9s de l&rsquo;\u00e2me que vous avez perdues dans des situations douloureuses ou traumatisantes, une grande peur ou une d\u00e9tresse.<\/li>\n<li style=\"font-weight: 400;\">Les rituels de transition vous aident \u00e0 entrer consciemment dans une nouvelle phase de votre vie et \u00e0 dire adieu \u00e0 des parties de vous-m\u00eame et de votre vie que vous souhaitez laisser partir ou transformer.<\/li>\n<li style=\"font-weight: 400;\">Le nettoyage \u00e9nerg\u00e9tique d&rsquo;appartements, de maisons ou de bureaux permet aux \u00e9nergies n\u00e9gatives de s&rsquo;en aller et \u00e0 un \u00ab\u00a0vent frais\u00a0\u00bb de souffler \u00e0 nouveau, c&rsquo;est-\u00e0-dire que quelque chose peut \u00eatre remis en circulation.&nbsp;<\/li>\n<\/ul>\n<div>&nbsp;<\/div>\n<p style=\"font-weight: 400;\">En plus de&nbsp;, les s\u00e9ances chamaniques peuvent \u00eatre r\u00e9serv\u00e9es \u00e0 distance si vous le souhaitez. Elles durent environ 1 heure \u00e0 1 heure et demie.<\/p>\t\t\t\t\t\t\t\t<\/div>\n\t\t\t\t<\/div>\n\t\t\t\t<div class=\"elementor-element elementor-element-e65b896 elementor-widget elementor-widget-button\" data-id=\"e65b896\" data-element_type=\"widget\" data-e-type=\"widget\" data-widget_type=\"button.default\">\n\t\t\t\t<div class=\"elementor-widget-container\">\n\t\t\t\t\t\t\t\t\t<div class=\"elementor-button-wrapper\">\n\t\t\t\t\t<a class=\"elementor-button elementor-button-link elementor-size-sm\" href=\"https:\/\/www.laminet.ch\/fr\/offres\/\">\n\t\t\t\t\t\t<span class=\"elementor-button-content-wrapper\">\n\t\t\t\t\t\t<span class=\"elementor-button-icon\">\n\t\t\t\t<i aria-hidden=\"true\" class=\"far fa-arrow-alt-circle-left\"><\/i>\t\t\t<\/span>\n\t\t\t\t\t\t\t\t\t<span class=\"elementor-button-text\">Retour \u00e0 Offres<\/span>\n\t\t\t\t\t<\/span>\n\t\t\t\t\t<\/a>\n\t\t\t\t<\/div>\n\t\t\t\t\t\t\t\t<\/div>\n\t\t\t\t<\/div>\n\t\t\t\t\t<\/div>\n\t\t\t\t<\/div>\n\t\t\t\t<\/div>\n\t\t","protected":false},"excerpt":{"rendered":"<p>Travail de gu\u00e9rison chamanique Connaissances th\u00e9rapeutiques indig\u00e8nes Le chamanisme est l&rsquo;art de la gu\u00e9rison le plus ancien qui soit. Les traditions chamaniques, que l&rsquo;on retrouve dans les cultures indig\u00e8nes du monde entier, nous relient \u00e0 un savoir ancestral, profond\u00e9ment ancr\u00e9 dans le lien avec toute vie. La m\u00e9decine chinoise trouve \u00e9galement ses racines dans le [&hellip;]<\/p>\n","protected":false},"author":4,"featured_media":0,"parent":0,"menu_order":0,"comment_status":"closed","ping_status":"closed","template":"","meta":{"footnotes":""},"class_list":["post-5534","page","type-page","status-publish","hentry"],"_links":{"self":[{"href":"https:\/\/www.laminet.ch\/fr\/wp-json\/wp\/v2\/pages\/5534","targetHints":{"allow":["GET"]}}],"collection":[{"href":"https:\/\/www.laminet.ch\/fr\/wp-json\/wp\/v2\/pages"}],"about":[{"href":"https:\/\/www.laminet.ch\/fr\/wp-json\/wp\/v2\/types\/page"}],"author":[{"embeddable":true,"href":"https:\/\/www.laminet.ch\/fr\/wp-json\/wp\/v2\/users\/4"}],"replies":[{"embeddable":true,"href":"https:\/\/www.laminet.ch\/fr\/wp-json\/wp\/v2\/comments?post=5534"}],"version-history":[{"count":3,"href":"https:\/\/www.laminet.ch\/fr\/wp-json\/wp\/v2\/pages\/5534\/revisions"}],"predecessor-version":[{"id":5945,"href":"https:\/\/www.laminet.ch\/fr\/wp-json\/wp\/v2\/pages\/5534\/revisions\/5945"}],"wp:attachment":[{"href":"https:\/\/www.laminet.ch\/fr\/wp-json\/wp\/v2\/media?parent=5534"}],"curies":[{"name":"wp","href":"https:\/\/api.w.org\/{rel}","templated":true}]}}