{"id":5532,"date":"2024-11-29T16:48:29","date_gmt":"2024-11-29T15:48:29","guid":{"rendered":"https:\/\/www.laminet.ch\/qi-gong\/"},"modified":"2025-09-04T12:43:33","modified_gmt":"2025-09-04T10:43:33","slug":"qi-gong","status":"publish","type":"page","link":"https:\/\/www.laminet.ch\/fr\/qi-gong\/","title":{"rendered":"Qi Gong"},"content":{"rendered":"\t\t<div data-elementor-type=\"wp-page\" data-elementor-id=\"5532\" class=\"elementor elementor-5532 elementor-4184\" data-elementor-post-type=\"page\">\n\t\t\t\t<div class=\"elementor-element elementor-element-268e38a9 e-flex e-con-boxed e-con e-parent\" data-id=\"268e38a9\" data-element_type=\"container\" data-e-type=\"container\">\n\t\t\t\t\t<div class=\"e-con-inner\">\n\t\t\t\t<div class=\"elementor-element elementor-element-3ae29816 elementor-widget elementor-widget-spacer\" data-id=\"3ae29816\" data-element_type=\"widget\" data-e-type=\"widget\" data-widget_type=\"spacer.default\">\n\t\t\t\t<div class=\"elementor-widget-container\">\n\t\t\t\t\t\t\t<div class=\"elementor-spacer\">\n\t\t\t<div class=\"elementor-spacer-inner\"><\/div>\n\t\t<\/div>\n\t\t\t\t\t\t<\/div>\n\t\t\t\t<\/div>\n\t\t\t\t\t<\/div>\n\t\t\t\t<\/div>\n\t\t<div class=\"elementor-element elementor-element-73c4f6df e-flex e-con-boxed e-con e-parent\" data-id=\"73c4f6df\" data-element_type=\"container\" data-e-type=\"container\">\n\t\t\t\t\t<div class=\"e-con-inner\">\n\t\t<div class=\"elementor-element elementor-element-18fca87b e-con-full e-flex e-con e-child\" data-id=\"18fca87b\" data-element_type=\"container\" data-e-type=\"container\">\n\t\t<div class=\"elementor-element elementor-element-4d580ccd e-con-full e-flex e-con e-child\" data-id=\"4d580ccd\" data-element_type=\"container\" data-e-type=\"container\">\n\t\t\t\t<div class=\"elementor-element elementor-element-17beb0b6 elementor-widget elementor-widget-heading\" data-id=\"17beb0b6\" data-element_type=\"widget\" data-e-type=\"widget\" data-widget_type=\"heading.default\">\n\t\t\t\t<div class=\"elementor-widget-container\">\n\t\t\t\t\t<h4 class=\"elementor-heading-title elementor-size-default\">Qi Gong m\u00e9dical <\/h4>\t\t\t\t<\/div>\n\t\t\t\t<\/div>\n\t\t\t\t<div class=\"elementor-element elementor-element-13fa7c57 elementor-widget elementor-widget-text-editor\" data-id=\"13fa7c57\" data-element_type=\"widget\" data-e-type=\"widget\" data-widget_type=\"text-editor.default\">\n\t\t\t\t<div class=\"elementor-widget-container\">\n\t\t\t\t\t\t\t\t\t<p style=\"font-weight: 400;\">Des exercices simples mais efficaces vous aident \u00e0 d\u00e9velopper plus d&rsquo;\u00e9nergie et \u00e0 trouver un \u00e9quilibre plus profond dans votre corps et votre esprit.<\/p><p style=\"font-weight: 400;\">Le Qi Gong m\u00e9dical associe des mouvements doux et faciles \u00e0 apprendre \u00e0 la respiration et \u00e0 la force de la visualisation. <\/p><p>Les exercices permettent d&rsquo;am\u00e9liorer la mobilit\u00e9 et la flexibilit\u00e9, la d\u00e9tente, la s\u00e9r\u00e9nit\u00e9 et la force int\u00e9rieure.<\/p><p style=\"font-weight: 400;\">Ils visent \u00e0 harmoniser le corps et \u00e0 stimuler le flux d&rsquo;\u00e9nergie. <\/p><p style=\"font-weight: 400;\">Vous vous sentez stress\u00e9, \u00e9puis\u00e9 ou souffrez de troubles physiques ? Le qi gong m\u00e9dical peut vous aider \u00e0 vous recentrer. Gr\u00e2ce \u00e0 des exercices cibl\u00e9s et des techniques de respiration, vous apprendrez \u00e0 harmoniser votre \u00e9nergie int\u00e9rieure et \u00e0 \u00e9liminer les blocages. Cliquez ici pour lire l&rsquo;article de <strong><a href=\"https:\/\/www.laminet.ch\/fr\/qi-gong-medical-guerison-par-le-mouvement-la-respiration-et-la-pleine-conscience\/\" target=\"_blank\" rel=\"noopener\">blog sur le qi gong !<\/a><\/strong>   <\/p><p style=\"font-weight: 400;\"> <\/p>\t\t\t\t\t\t\t\t<\/div>\n\t\t\t\t<\/div>\n\t\t\t\t<\/div>\n\t\t\t\t<\/div>\n\t\t<div class=\"elementor-element elementor-element-63961a46 e-con-full e-flex e-con e-child\" data-id=\"63961a46\" data-element_type=\"container\" data-e-type=\"container\">\n\t\t\t\t<div class=\"elementor-element elementor-element-2c16dd65 elementor-widget elementor-widget-image\" data-id=\"2c16dd65\" data-element_type=\"widget\" data-e-type=\"widget\" data-widget_type=\"image.default\">\n\t\t\t\t<div class=\"elementor-widget-container\">\n\t\t\t\t\t\t\t\t\t\t\t\t\t\t\t<img fetchpriority=\"high\" decoding=\"async\" width=\"768\" height=\"576\" src=\"https:\/\/www.laminet.ch\/wp-content\/uploads\/Qi_Gong_Foto-768x576.png\" class=\"attachment-medium_large size-medium_large wp-image-6578\" alt=\"Qigong\" srcset=\"https:\/\/www.laminet.ch\/wp-content\/uploads\/Qi_Gong_Foto-768x576.png 768w, https:\/\/www.laminet.ch\/wp-content\/uploads\/Qi_Gong_Foto-300x225.png 300w, https:\/\/www.laminet.ch\/wp-content\/uploads\/Qi_Gong_Foto.png 800w\" sizes=\"(max-width: 768px) 100vw, 768px\" \/>\t\t\t\t\t\t\t\t\t\t\t\t\t\t\t<\/div>\n\t\t\t\t<\/div>\n\t\t\t\t<\/div>\n\t\t\t\t\t<\/div>\n\t\t\t\t<\/div>\n\t\t<div class=\"elementor-element elementor-element-fcb6363 e-flex e-con-boxed e-con e-parent\" data-id=\"fcb6363\" data-element_type=\"container\" data-e-type=\"container\">\n\t\t\t\t\t<div class=\"e-con-inner\">\n\t\t\t\t<div class=\"elementor-element elementor-element-170e44a0 elementor-widget elementor-widget-heading\" data-id=\"170e44a0\" data-element_type=\"widget\" data-e-type=\"widget\" data-widget_type=\"heading.default\">\n\t\t\t\t<div class=\"elementor-widget-container\">\n\t\t\t\t\t<h5 class=\"elementor-heading-title elementor-size-default\">Effets du Qi Gong m\u00e9dical<\/h5>\t\t\t\t<\/div>\n\t\t\t\t<\/div>\n\t\t\t\t<div class=\"elementor-element elementor-element-f7e2b8d elementor-icon-list--layout-traditional elementor-list-item-link-full_width elementor-widget elementor-widget-icon-list\" data-id=\"f7e2b8d\" data-element_type=\"widget\" data-e-type=\"widget\" data-widget_type=\"icon-list.default\">\n\t\t\t\t<div class=\"elementor-widget-container\">\n\t\t\t\t\t\t\t<ul class=\"elementor-icon-list-items\">\n\t\t\t\t\t\t\t<li class=\"elementor-icon-list-item\">\n\t\t\t\t\t\t\t\t\t\t\t<span class=\"elementor-icon-list-icon\">\n\t\t\t\t\t\t\t<i aria-hidden=\"true\" class=\"fas fa-yin-yang\"><\/i>\t\t\t\t\t\t<\/span>\n\t\t\t\t\t\t\t\t\t\t<span class=\"elementor-icon-list-text\">Favorise la sant\u00e9 physique<\/span>\n\t\t\t\t\t\t\t\t\t<\/li>\n\t\t\t\t\t\t\t\t<li class=\"elementor-icon-list-item\">\n\t\t\t\t\t\t\t\t\t\t\t<span class=\"elementor-icon-list-icon\">\n\t\t\t\t\t\t\t<i aria-hidden=\"true\" class=\"fas fa-yin-yang\"><\/i>\t\t\t\t\t\t<\/span>\n\t\t\t\t\t\t\t\t\t\t<span class=\"elementor-icon-list-text\">Augmente l'\u00e9nergie vitale Qi<\/span>\n\t\t\t\t\t\t\t\t\t<\/li>\n\t\t\t\t\t\t\t\t<li class=\"elementor-icon-list-item\">\n\t\t\t\t\t\t\t\t\t\t\t<span class=\"elementor-icon-list-icon\">\n\t\t\t\t\t\t\t<i aria-hidden=\"true\" class=\"fas fa-yin-yang\"><\/i>\t\t\t\t\t\t<\/span>\n\t\t\t\t\t\t\t\t\t\t<span class=\"elementor-icon-list-text\">R\u00e9duit le stress et la tension<\/span>\n\t\t\t\t\t\t\t\t\t<\/li>\n\t\t\t\t\t\t\t\t<li class=\"elementor-icon-list-item\">\n\t\t\t\t\t\t\t\t\t\t\t<span class=\"elementor-icon-list-icon\">\n\t\t\t\t\t\t\t<i aria-hidden=\"true\" class=\"fas fa-yin-yang\"><\/i>\t\t\t\t\t\t<\/span>\n\t\t\t\t\t\t\t\t\t\t<span class=\"elementor-icon-list-text\">Favorise le calme int\u00e9rieur et l'\u00e9quilibre<\/span>\n\t\t\t\t\t\t\t\t\t<\/li>\n\t\t\t\t\t\t\t\t<li class=\"elementor-icon-list-item\">\n\t\t\t\t\t\t\t\t\t\t\t<span class=\"elementor-icon-list-icon\">\n\t\t\t\t\t\t\t<i aria-hidden=\"true\" class=\"fas fa-yin-yang\"><\/i>\t\t\t\t\t\t<\/span>\n\t\t\t\t\t\t\t\t\t\t<span class=\"elementor-icon-list-text\">Equilibre le corps et l'esprit<\/span>\n\t\t\t\t\t\t\t\t\t<\/li>\n\t\t\t\t\t\t\t\t<li class=\"elementor-icon-list-item\">\n\t\t\t\t\t\t\t\t\t\t\t<span class=\"elementor-icon-list-icon\">\n\t\t\t\t\t\t\t<i aria-hidden=\"true\" class=\"fas fa-yin-yang\"><\/i>\t\t\t\t\t\t<\/span>\n\t\t\t\t\t\t\t\t\t\t<span class=\"elementor-icon-list-text\">Soulage la douleur<\/span>\n\t\t\t\t\t\t\t\t\t<\/li>\n\t\t\t\t\t\t\t\t<li class=\"elementor-icon-list-item\">\n\t\t\t\t\t\t\t\t\t\t\t<span class=\"elementor-icon-list-icon\">\n\t\t\t\t\t\t\t<i aria-hidden=\"true\" class=\"fas fa-yin-yang\"><\/i>\t\t\t\t\t\t<\/span>\n\t\t\t\t\t\t\t\t\t\t<span class=\"elementor-icon-list-text\">Renforce le syst\u00e8me immunitaire<\/span>\n\t\t\t\t\t\t\t\t\t<\/li>\n\t\t\t\t\t\t<\/ul>\n\t\t\t\t\t\t<\/div>\n\t\t\t\t<\/div>\n\t\t\t\t<div class=\"elementor-element elementor-element-29f34382 elementor-widget-divider--view-line elementor-widget elementor-widget-divider\" data-id=\"29f34382\" data-element_type=\"widget\" data-e-type=\"widget\" data-widget_type=\"divider.default\">\n\t\t\t\t<div class=\"elementor-widget-container\">\n\t\t\t\t\t\t\t<div class=\"elementor-divider\">\n\t\t\t<span class=\"elementor-divider-separator\">\n\t\t\t\t\t\t<\/span>\n\t\t<\/div>\n\t\t\t\t\t\t<\/div>\n\t\t\t\t<\/div>\n\t\t\t\t\t<\/div>\n\t\t\t\t<\/div>\n\t\t<div class=\"elementor-element elementor-element-5d9709d6 e-flex e-con-boxed e-con e-parent\" data-id=\"5d9709d6\" data-element_type=\"container\" data-e-type=\"container\">\n\t\t\t\t\t<div class=\"e-con-inner\">\n\t\t<div class=\"elementor-element elementor-element-4740a894 e-con-full e-flex e-con e-child\" data-id=\"4740a894\" data-element_type=\"container\" data-e-type=\"container\">\n\t\t\t\t<div class=\"elementor-element elementor-element-4242a552 elementor-widget elementor-widget-heading\" data-id=\"4242a552\" data-element_type=\"widget\" data-e-type=\"widget\" data-widget_type=\"heading.default\">\n\t\t\t\t<div class=\"elementor-widget-container\">\n\t\t\t\t\t<h6 class=\"elementor-heading-title elementor-size-default\">Date\/heure<\/h6>\t\t\t\t<\/div>\n\t\t\t\t<\/div>\n\t\t\t\t<div class=\"elementor-element elementor-element-7b0db5a elementor-icon-list--layout-traditional elementor-list-item-link-full_width elementor-widget elementor-widget-icon-list\" data-id=\"7b0db5a\" data-element_type=\"widget\" data-e-type=\"widget\" data-widget_type=\"icon-list.default\">\n\t\t\t\t<div class=\"elementor-widget-container\">\n\t\t\t\t\t\t\t<ul class=\"elementor-icon-list-items\">\n\t\t\t\t\t\t\t<li class=\"elementor-icon-list-item\">\n\t\t\t\t\t\t\t\t\t\t\t<span class=\"elementor-icon-list-icon\">\n\t\t\t\t\t\t\t<i aria-hidden=\"true\" class=\"far fa-clock\"><\/i>\t\t\t\t\t\t<\/span>\n\t\t\t\t\t\t\t\t\t\t<span class=\"elementor-icon-list-text\">Mercredi de 10.00 - 11.00<\/span>\n\t\t\t\t\t\t\t\t\t<\/li>\n\t\t\t\t\t\t\t\t<li class=\"elementor-icon-list-item\">\n\t\t\t\t\t\t\t\t\t\t\t<span class=\"elementor-icon-list-icon\">\n\t\t\t\t\t\t\t<i aria-hidden=\"true\" class=\"far fa-clock\"><\/i>\t\t\t\t\t\t<\/span>\n\t\t\t\t\t\t\t\t\t\t<span class=\"elementor-icon-list-text\">Vendredi de 12.15 - 13.15<\/span>\n\t\t\t\t\t\t\t\t\t<\/li>\n\t\t\t\t\t\t\t\t<li class=\"elementor-icon-list-item\">\n\t\t\t\t\t\t\t\t\t\t\t<span class=\"elementor-icon-list-icon\">\n\t\t\t\t\t\t\t<i aria-hidden=\"true\" class=\"fas fa-exclamation-circle\"><\/i>\t\t\t\t\t\t<\/span>\n\t\t\t\t\t\t\t\t\t\t<span class=\"elementor-icon-list-text\">Il n'y aura pas de cours aux dates suivantes: 12.09.25\/17.9.25\/26.09.25\/1.10.25<\/span>\n\t\t\t\t\t\t\t\t\t<\/li>\n\t\t\t\t\t\t<\/ul>\n\t\t\t\t\t\t<\/div>\n\t\t\t\t<\/div>\n\t\t\t\t<div class=\"elementor-element elementor-element-6a88e6f4 elementor-widget elementor-widget-heading\" data-id=\"6a88e6f4\" data-element_type=\"widget\" data-e-type=\"widget\" data-widget_type=\"heading.default\">\n\t\t\t\t<div class=\"elementor-widget-container\">\n\t\t\t\t\t<h6 class=\"elementor-heading-title elementor-size-default\">Contact<\/h6>\t\t\t\t<\/div>\n\t\t\t\t<\/div>\n\t\t\t\t<div class=\"elementor-element elementor-element-45302eb7 elementor-widget elementor-widget-text-editor\" data-id=\"45302eb7\" data-element_type=\"widget\" data-e-type=\"widget\" data-widget_type=\"text-editor.default\">\n\t\t\t\t<div class=\"elementor-widget-container\">\n\t\t\t\t\t\t\t\t\t<p>Si vous avez des questions, vous pouvez m&rsquo;envoyer un e-mail \u00e0 <strong><a href=\"mailto:qigong@laminet.ch\">qigong@laminet.ch<\/a><\/strong> ou me joindre par t\u00e9l\u00e9phone au 032\/ 322 26 03.<\/p><p>Inscrivez-vous d\u00e8s aujourd&rsquo;hui, je vous attends avec impatience.<\/p>\t\t\t\t\t\t\t\t<\/div>\n\t\t\t\t<\/div>\n\t\t\t\t<\/div>\n\t\t<div class=\"elementor-element elementor-element-c9873a5 e-con-full e-flex e-con e-child\" data-id=\"c9873a5\" data-element_type=\"container\" data-e-type=\"container\">\n\t\t\t\t<div class=\"elementor-element elementor-element-668341be elementor-widget elementor-widget-heading\" data-id=\"668341be\" data-element_type=\"widget\" data-e-type=\"widget\" data-widget_type=\"heading.default\">\n\t\t\t\t<div class=\"elementor-widget-container\">\n\t\t\t\t\t<h6 class=\"elementor-heading-title elementor-size-default\">Tarifs<\/h6>\t\t\t\t<\/div>\n\t\t\t\t<\/div>\n\t\t\t\t<div class=\"elementor-element elementor-element-79babebb elementor-widget elementor-widget-text-editor\" data-id=\"79babebb\" data-element_type=\"widget\" data-e-type=\"widget\" data-widget_type=\"text-editor.default\">\n\t\t\t\t<div class=\"elementor-widget-container\">\n\t\t\t\t\t\t\t\t\t<p><strong>Abonnement<\/strong><br>Abonnement de 10 s\u00e9ances de 60 min <strong>CHF 250.-<\/strong><br>(valable 6 mois)<\/p><p><strong>Le\u00e7on simple<\/strong><br>60 min. <strong>CHF 30.-<\/strong><\/p><p><strong>Le\u00e7on d&rsquo;essai<\/strong><br>Gratuit, mais uniquement sur inscription pr\u00e9alable<\/p><p>Les le\u00e7ons de Qi-Gong sont partiellement ou totalement prises en charge par diff\u00e9rentes caisses d&rsquo;assurance maladie dans le cadre de l&rsquo;assurance compl\u00e9mentaire pour la m\u00e9decine alternative. <\/p>\t\t\t\t\t\t\t\t<\/div>\n\t\t\t\t<\/div>\n\t\t\t\t<\/div>\n\t\t<div class=\"elementor-element elementor-element-9d5200f e-con-full e-flex e-con e-child\" data-id=\"9d5200f\" data-element_type=\"container\" data-e-type=\"container\">\n\t\t\t\t<div class=\"elementor-element elementor-element-5f638bcf elementor-widget elementor-widget-heading\" data-id=\"5f638bcf\" data-element_type=\"widget\" data-e-type=\"widget\" data-widget_type=\"heading.default\">\n\t\t\t\t<div class=\"elementor-widget-container\">\n\t\t\t\t\t<h6 class=\"elementor-heading-title elementor-size-default\">Lieu<\/h6>\t\t\t\t<\/div>\n\t\t\t\t<\/div>\n\t\t\t\t<div class=\"elementor-element elementor-element-46150d2 elementor-widget elementor-widget-text-editor\" data-id=\"46150d2\" data-element_type=\"widget\" data-e-type=\"widget\" data-widget_type=\"text-editor.default\">\n\t\t\t\t<div class=\"elementor-widget-container\">\n\t\t\t\t\t\t\t\t\t<p>\u00c9cole de Tai Ji DAO<span class=\"Apple-converted-space\"> <\/span><\/p><p><a href=\"https:\/\/taiji-dao.ch\">Association Dao<\/a><\/p><p>Kontrollstrasse 12<\/p><p>2502 Biel<\/p>\t\t\t\t\t\t\t\t<\/div>\n\t\t\t\t<\/div>\n\t\t\t\t<div class=\"elementor-element elementor-element-48bb1dac elementor-widget elementor-widget-google_maps\" data-id=\"48bb1dac\" data-element_type=\"widget\" data-e-type=\"widget\" data-widget_type=\"google_maps.default\">\n\t\t\t\t<div class=\"elementor-widget-container\">\n\t\t\t\t\t\t\t<div class=\"elementor-custom-embed\">\n\t\t\t<iframe loading=\"lazy\"\n\t\t\t\t\tsrc=\"https:\/\/maps.google.com\/maps?q=Association%20DAO%20rue%20du%20Contr%C3%B4le%2012%202502%20Bienne&#038;t=m&#038;z=14&#038;output=embed&#038;iwloc=near\"\n\t\t\t\t\ttitle=\"Association DAO rue du Contr\u00f4le 12 2502 Bienne\"\n\t\t\t\t\taria-label=\"Association DAO rue du Contr\u00f4le 12 2502 Bienne\"\n\t\t\t><\/iframe>\n\t\t<\/div>\n\t\t\t\t\t\t<\/div>\n\t\t\t\t<\/div>\n\t\t\t\t<\/div>\n\t\t\t\t\t<\/div>\n\t\t\t\t<\/div>\n\t\t<div class=\"elementor-element elementor-element-695dd656 e-flex e-con-boxed e-con e-parent\" data-id=\"695dd656\" data-element_type=\"container\" data-e-type=\"container\">\n\t\t\t\t\t<div class=\"e-con-inner\">\n\t\t\t\t<div class=\"elementor-element elementor-element-3e517d53 elementor-widget elementor-widget-button\" data-id=\"3e517d53\" data-element_type=\"widget\" data-e-type=\"widget\" data-widget_type=\"button.default\">\n\t\t\t\t<div class=\"elementor-widget-container\">\n\t\t\t\t\t\t\t\t\t<div class=\"elementor-button-wrapper\">\n\t\t\t\t\t<a class=\"elementor-button elementor-button-link elementor-size-sm\" href=\"mailto:praxis@laminet.ch\">\n\t\t\t\t\t\t<span class=\"elementor-button-content-wrapper\">\n\t\t\t\t\t\t\t\t\t<span class=\"elementor-button-text\">Vers l'inscription<\/span>\n\t\t\t\t\t<\/span>\n\t\t\t\t\t<\/a>\n\t\t\t\t<\/div>\n\t\t\t\t\t\t\t\t<\/div>\n\t\t\t\t<\/div>\n\t\t\t\t\t<\/div>\n\t\t\t\t<\/div>\n\t\t\t\t<\/div>\n\t\t","protected":false},"excerpt":{"rendered":"<p>Qi Gong m\u00e9dical Des exercices simples mais efficaces vous aident \u00e0 d\u00e9velopper plus d&rsquo;\u00e9nergie et \u00e0 trouver un \u00e9quilibre plus profond dans votre corps et votre esprit. Le Qi Gong m\u00e9dical associe des mouvements doux et faciles \u00e0 apprendre \u00e0 la respiration et \u00e0 la force de la visualisation. Les exercices permettent d&rsquo;am\u00e9liorer la mobilit\u00e9 [&hellip;]<\/p>\n","protected":false},"author":4,"featured_media":0,"parent":0,"menu_order":0,"comment_status":"closed","ping_status":"closed","template":"","meta":{"footnotes":""},"class_list":["post-5532","page","type-page","status-publish","hentry"],"_links":{"self":[{"href":"https:\/\/www.laminet.ch\/fr\/wp-json\/wp\/v2\/pages\/5532","targetHints":{"allow":["GET"]}}],"collection":[{"href":"https:\/\/www.laminet.ch\/fr\/wp-json\/wp\/v2\/pages"}],"about":[{"href":"https:\/\/www.laminet.ch\/fr\/wp-json\/wp\/v2\/types\/page"}],"author":[{"embeddable":true,"href":"https:\/\/www.laminet.ch\/fr\/wp-json\/wp\/v2\/users\/4"}],"replies":[{"embeddable":true,"href":"https:\/\/www.laminet.ch\/fr\/wp-json\/wp\/v2\/comments?post=5532"}],"version-history":[{"count":7,"href":"https:\/\/www.laminet.ch\/fr\/wp-json\/wp\/v2\/pages\/5532\/revisions"}],"predecessor-version":[{"id":6874,"href":"https:\/\/www.laminet.ch\/fr\/wp-json\/wp\/v2\/pages\/5532\/revisions\/6874"}],"wp:attachment":[{"href":"https:\/\/www.laminet.ch\/fr\/wp-json\/wp\/v2\/media?parent=5532"}],"curies":[{"name":"wp","href":"https:\/\/api.w.org\/{rel}","templated":true}]}}