{"id":5524,"date":"2024-11-29T16:46:04","date_gmt":"2024-11-29T15:46:04","guid":{"rendered":"https:\/\/www.laminet.ch\/nada\/"},"modified":"2025-05-24T15:10:56","modified_gmt":"2025-05-24T13:10:56","slug":"nada","status":"publish","type":"page","link":"https:\/\/www.laminet.ch\/fr\/nada\/","title":{"rendered":"NADA"},"content":{"rendered":"\t\t<div data-elementor-type=\"wp-page\" data-elementor-id=\"5524\" class=\"elementor elementor-5524 elementor-3584\" data-elementor-post-type=\"page\">\n\t\t\t\t<div class=\"elementor-element elementor-element-7a58ebe4 e-flex e-con-boxed e-con e-parent\" data-id=\"7a58ebe4\" data-element_type=\"container\" data-e-type=\"container\">\n\t\t\t\t\t<div class=\"e-con-inner\">\n\t\t<div class=\"elementor-element elementor-element-679cb64 e-con-full e-flex e-con e-child\" data-id=\"679cb64\" data-element_type=\"container\" data-e-type=\"container\">\n\t\t\t\t<div class=\"elementor-element elementor-element-7ab7d55f elementor-widget elementor-widget-heading\" data-id=\"7ab7d55f\" data-element_type=\"widget\" data-e-type=\"widget\" data-widget_type=\"heading.default\">\n\t\t\t\t<div class=\"elementor-widget-container\">\n\t\t\t\t\t<h4 class=\"elementor-heading-title elementor-size-default\">Nutrition int\u00e9grative<\/h4>\t\t\t\t<\/div>\n\t\t\t\t<\/div>\n\t\t\t\t<div class=\"elementor-element elementor-element-65855c0 elementor-widget elementor-widget-heading\" data-id=\"65855c0\" data-element_type=\"widget\" data-e-type=\"widget\" data-widget_type=\"heading.default\">\n\t\t\t\t<div class=\"elementor-widget-container\">\n\t\t\t\t\t<h6 class=\"elementor-heading-title elementor-size-default\">Deuxi\u00e8me titre<\/h6>\t\t\t\t<\/div>\n\t\t\t\t<\/div>\n\t\t\t\t<div class=\"elementor-element elementor-element-5ce00313 elementor-widget elementor-widget-text-editor\" data-id=\"5ce00313\" data-element_type=\"widget\" data-e-type=\"widget\" data-widget_type=\"text-editor.default\">\n\t\t\t\t<div class=\"elementor-widget-container\">\n\t\t\t\t\t\t\t\t\t<p>Le Lorem Ipsum est tout simplement un texte stupide de l&rsquo;industrie de l&rsquo;impression et de la typographie. Le Lorem Ipsum a \u00e9t\u00e9 le texte fictif standard de l&rsquo;industrie depuis les ann\u00e9es 1500, lorsqu&rsquo;un imprimeur inconnu a pris une gal\u00e8re de type et l&rsquo;a brouill\u00e9e pour en faire un livre de sp\u00e9cimens de type. Elle a surv\u00e9cu non seulement \u00e0 cinq si\u00e8cles, mais aussi au passage au typage \u00e9lectronique, en restant essentiellement inchang\u00e9e. Il a \u00e9t\u00e9 popularis\u00e9 dans les ann\u00e9es 1960 avec la sortie des feuilles Letraset contenant des passages du Lorem Ipsum, et plus r\u00e9cemment avec des logiciels de publication de bureau tels que Aldus PageMaker incluant des versions du Lorem Ipsum.<\/p>\t\t\t\t\t\t\t\t<\/div>\n\t\t\t\t<\/div>\n\t\t\t\t<\/div>\n\t\t<div class=\"elementor-element elementor-element-20006949 e-con-full e-flex e-con e-child\" data-id=\"20006949\" data-element_type=\"container\" data-e-type=\"container\">\n\t\t\t\t<div class=\"elementor-element elementor-element-d4b54b4 elementor-widget elementor-widget-image\" data-id=\"d4b54b4\" data-element_type=\"widget\" data-e-type=\"widget\" data-widget_type=\"image.default\">\n\t\t\t\t<div class=\"elementor-widget-container\">\n\t\t\t\t\t\t\t\t\t\t\t\t\t\t\t<img fetchpriority=\"high\" decoding=\"async\" width=\"800\" height=\"600\" src=\"https:\/\/www.laminet.ch\/wp-content\/uploads\/2024\/05\/BILD-ERSETZTEN-RATIO-43-800-PX-BREIT.webp\" class=\"attachment-full size-full wp-image-2532\" alt=\"\" srcset=\"https:\/\/www.laminet.ch\/wp-content\/uploads\/2024\/05\/BILD-ERSETZTEN-RATIO-43-800-PX-BREIT.webp 800w, https:\/\/www.laminet.ch\/wp-content\/uploads\/2024\/05\/BILD-ERSETZTEN-RATIO-43-800-PX-BREIT-300x225.webp 300w, https:\/\/www.laminet.ch\/wp-content\/uploads\/2024\/05\/BILD-ERSETZTEN-RATIO-43-800-PX-BREIT-768x576.webp 768w\" sizes=\"(max-width: 800px) 100vw, 800px\" \/>\t\t\t\t\t\t\t\t\t\t\t\t\t\t\t<\/div>\n\t\t\t\t<\/div>\n\t\t\t\t<\/div>\n\t\t\t\t\t<\/div>\n\t\t\t\t<\/div>\n\t\t<div class=\"elementor-element elementor-element-2b655816 e-flex e-con-boxed e-con e-parent\" data-id=\"2b655816\" data-element_type=\"container\" data-e-type=\"container\">\n\t\t\t\t\t<div class=\"e-con-inner\">\n\t\t\t\t<div class=\"elementor-element elementor-element-25818421 elementor-widget elementor-widget-heading\" data-id=\"25818421\" data-element_type=\"widget\" data-e-type=\"widget\" data-widget_type=\"heading.default\">\n\t\t\t\t<div class=\"elementor-widget-container\">\n\t\t\t\t\t<h6 class=\"elementor-heading-title elementor-size-default\">Troisi\u00e8me titre<\/h6>\t\t\t\t<\/div>\n\t\t\t\t<\/div>\n\t\t\t\t<div class=\"elementor-element elementor-element-23bbb971 elementor-widget elementor-widget-text-editor\" data-id=\"23bbb971\" data-element_type=\"widget\" data-e-type=\"widget\" data-widget_type=\"text-editor.default\">\n\t\t\t\t<div class=\"elementor-widget-container\">\n\t\t\t\t\t\t\t\t\t<p>Le Lorem Ipsum est tout simplement un texte stupide de l&rsquo;industrie de l&rsquo;impression et de la typographie. Le Lorem Ipsum a \u00e9t\u00e9 le texte fictif standard de l&rsquo;industrie depuis les ann\u00e9es 1500, lorsqu&rsquo;un imprimeur inconnu a pris une gal\u00e8re de type et l&rsquo;a brouill\u00e9e pour en faire un livre de sp\u00e9cimens de type. Elle a surv\u00e9cu non seulement \u00e0 cinq si\u00e8cles, mais aussi au passage au typage \u00e9lectronique, en restant essentiellement inchang\u00e9e. Il a \u00e9t\u00e9 popularis\u00e9 dans les ann\u00e9es 1960 avec la sortie des feuilles Letraset contenant des passages du Lorem Ipsum, et plus r\u00e9cemment avec des logiciels de publication de bureau tels que Aldus PageMaker incluant des versions du Lorem Ipsum.<\/p>\t\t\t\t\t\t\t\t<\/div>\n\t\t\t\t<\/div>\n\t\t\t\t\t<\/div>\n\t\t\t\t<\/div>\n\t\t\t\t<\/div>\n\t\t","protected":false},"excerpt":{"rendered":"<p>Nutrition int\u00e9grative Deuxi\u00e8me titre Le Lorem Ipsum est tout simplement un texte stupide de l&rsquo;industrie de l&rsquo;impression et de la typographie. Le Lorem Ipsum a \u00e9t\u00e9 le texte fictif standard de l&rsquo;industrie depuis les ann\u00e9es 1500, lorsqu&rsquo;un imprimeur inconnu a pris une gal\u00e8re de type et l&rsquo;a brouill\u00e9e pour en faire un livre de sp\u00e9cimens [&hellip;]<\/p>\n","protected":false},"author":4,"featured_media":0,"parent":0,"menu_order":0,"comment_status":"closed","ping_status":"closed","template":"","meta":{"footnotes":""},"class_list":["post-5524","page","type-page","status-publish","hentry"],"_links":{"self":[{"href":"https:\/\/www.laminet.ch\/fr\/wp-json\/wp\/v2\/pages\/5524","targetHints":{"allow":["GET"]}}],"collection":[{"href":"https:\/\/www.laminet.ch\/fr\/wp-json\/wp\/v2\/pages"}],"about":[{"href":"https:\/\/www.laminet.ch\/fr\/wp-json\/wp\/v2\/types\/page"}],"author":[{"embeddable":true,"href":"https:\/\/www.laminet.ch\/fr\/wp-json\/wp\/v2\/users\/4"}],"replies":[{"embeddable":true,"href":"https:\/\/www.laminet.ch\/fr\/wp-json\/wp\/v2\/comments?post=5524"}],"version-history":[{"count":5,"href":"https:\/\/www.laminet.ch\/fr\/wp-json\/wp\/v2\/pages\/5524\/revisions"}],"predecessor-version":[{"id":6493,"href":"https:\/\/www.laminet.ch\/fr\/wp-json\/wp\/v2\/pages\/5524\/revisions\/6493"}],"wp:attachment":[{"href":"https:\/\/www.laminet.ch\/fr\/wp-json\/wp\/v2\/media?parent=5524"}],"curies":[{"name":"wp","href":"https:\/\/api.w.org\/{rel}","templated":true}]}}