{"id":5522,"date":"2024-11-29T16:45:43","date_gmt":"2024-11-29T15:45:43","guid":{"rendered":"https:\/\/www.laminet.ch\/mentorat\/"},"modified":"2024-12-10T20:51:26","modified_gmt":"2024-12-10T19:51:26","slug":"mentorat","status":"publish","type":"page","link":"https:\/\/www.laminet.ch\/fr\/mentorat\/","title":{"rendered":"Mentorat"},"content":{"rendered":"\t\t<div data-elementor-type=\"wp-page\" data-elementor-id=\"5522\" class=\"elementor elementor-5522 elementor-3217\" data-elementor-post-type=\"page\">\n\t\t\t\t<div class=\"elementor-element elementor-element-172bda33 e-flex e-con-boxed e-con e-parent\" data-id=\"172bda33\" data-element_type=\"container\" data-e-type=\"container\">\n\t\t\t\t\t<div class=\"e-con-inner\">\n\t\t<div class=\"elementor-element elementor-element-15439c5b e-con-full e-flex e-con e-child\" data-id=\"15439c5b\" data-element_type=\"container\" data-e-type=\"container\">\n\t\t\t\t<div class=\"elementor-element elementor-element-4632779 elementor-widget elementor-widget-heading\" data-id=\"4632779\" data-element_type=\"widget\" data-e-type=\"widget\" data-widget_type=\"heading.default\">\n\t\t\t\t<div class=\"elementor-widget-container\">\n\t\t\t\t\t<h4 class=\"elementor-heading-title elementor-size-default\">Mentorat<\/h4>\t\t\t\t<\/div>\n\t\t\t\t<\/div>\n\t\t\t\t<div class=\"elementor-element elementor-element-3144788e elementor-widget elementor-widget-heading\" data-id=\"3144788e\" data-element_type=\"widget\" data-e-type=\"widget\" data-widget_type=\"heading.default\">\n\t\t\t\t<div class=\"elementor-widget-container\">\n\t\t\t\t\t<h6 class=\"elementor-heading-title elementor-size-default\">Pr\u00e9paration \u00e0 l'examen HFP<\/h6>\t\t\t\t<\/div>\n\t\t\t\t<\/div>\n\t\t\t\t<div class=\"elementor-element elementor-element-2fa3545f elementor-widget elementor-widget-text-editor\" data-id=\"2fa3545f\" data-element_type=\"widget\" data-e-type=\"widget\" data-widget_type=\"text-editor.default\">\n\t\t\t\t<div class=\"elementor-widget-container\">\n\t\t\t\t\t\t\t\t\t<p style=\"font-weight: 400;\">Le module M7 \u00ab\u00a0Pratique professionnelle sous mentorat\u00a0\u00bb est ax\u00e9 sur l&rsquo;application et l&rsquo;\u00e9largissement des comp\u00e9tences th\u00e9oriques et pratiques acquises pendant la formation dans le cadre d&rsquo;une premi\u00e8re activit\u00e9 pratique ind\u00e9pendante. Le pr\u00e9requis pour le M7 est la r\u00e9ussite des modules M1 \u00e0 M6. Il s&rsquo;agit essentiellement de faire en sorte qu&rsquo;\u00e0 l&rsquo;issue du M7, les \u00ab\u00a0d\u00e9butants\u00a0\u00bb deviennent finalement des \u00ab\u00a0professionnels exp\u00e9riment\u00e9s\u00a0\u00bb.<\/p>\n<p style=\"font-weight: 400;\">Le module M7 est n\u00e9cessaire pour \u00eatre admis \u00e0 l&rsquo;examen professionnel sup\u00e9rieur (EPS) de l&rsquo;OrTra AM. Au moins 60 heures de mentorat doivent \u00eatre effectu\u00e9es au cours des 2 \u00e0 5 derni\u00e8res ann\u00e9es de pratique professionnelle au maximum avant l&rsquo;inscription \u00e0 l&rsquo;EPS. Il faut au moins 30 heures de mentorat individuel et 30 heures de mentorat en groupe doivent \u00eatre attest\u00e9es, avec un minimum de 3 heures de mentorat par semestre. En savoir plus sur les directives M7 (lien)<\/p>\n<p style=\"font-weight: 400;\">\n\t\t\t\t\t\t\t\t<\/div>\n\t\t\t\t<\/div>\n\t\t\t\t<\/div>\n\t\t<div class=\"elementor-element elementor-element-2d1551db e-con-full e-flex e-con e-child\" data-id=\"2d1551db\" data-element_type=\"container\" data-e-type=\"container\">\n\t\t\t\t<div class=\"elementor-element elementor-element-16365e49 elementor-widget elementor-widget-image\" data-id=\"16365e49\" data-element_type=\"widget\" data-e-type=\"widget\" data-widget_type=\"image.default\">\n\t\t\t\t<div class=\"elementor-widget-container\">\n\t\t\t\t\t\t\t\t\t\t\t\t\t\t\t<img fetchpriority=\"high\" decoding=\"async\" width=\"800\" height=\"600\" src=\"https:\/\/www.laminet.ch\/wp-content\/uploads\/2024\/08\/Mentoring-e1723732497456.png\" class=\"attachment-full size-full wp-image-4654\" alt=\"\" \/>\t\t\t\t\t\t\t\t\t\t\t\t\t\t\t<\/div>\n\t\t\t\t<\/div>\n\t\t\t\t<\/div>\n\t\t\t\t\t<\/div>\n\t\t\t\t<\/div>\n\t\t<div class=\"elementor-element elementor-element-c17f1ad e-flex e-con-boxed e-con e-parent\" data-id=\"c17f1ad\" data-element_type=\"container\" data-e-type=\"container\">\n\t\t\t\t\t<div class=\"e-con-inner\">\n\t\t\t\t<div class=\"elementor-element elementor-element-b07d86d elementor-widget elementor-widget-text-editor\" data-id=\"b07d86d\" data-element_type=\"widget\" data-e-type=\"widget\" data-widget_type=\"text-editor.default\">\n\t\t\t\t<div class=\"elementor-widget-container\">\n\t\t\t\t\t\t\t\t\t<p>\u00ab\u00a0Un mentor est quelqu&rsquo;un qui voit en vous plus de talent et de capacit\u00e9s que vous n&rsquo;en voyez vous-m\u00eame et qui vous aide \u00e0 les faire ressortir\u00a0\u00bb. <br \/> <span style=\"font-size: 0.8em;\"><em>(Bob Proctor)<\/em><\/span><\/p>\n\t\t\t\t\t\t\t\t<\/div>\n\t\t\t\t<\/div>\n\t\t\t\t<div class=\"elementor-element elementor-element-68e444ca elementor-widget elementor-widget-heading\" data-id=\"68e444ca\" data-element_type=\"widget\" data-e-type=\"widget\" data-widget_type=\"heading.default\">\n\t\t\t\t<div class=\"elementor-widget-container\">\n\t\t\t\t\t<h6 class=\"elementor-heading-title elementor-size-default\">Mentorat individuel<\/h6>\t\t\t\t<\/div>\n\t\t\t\t<\/div>\n\t\t\t\t<div class=\"elementor-element elementor-element-2b6975f6 elementor-widget elementor-widget-text-editor\" data-id=\"2b6975f6\" data-element_type=\"widget\" data-e-type=\"widget\" data-widget_type=\"text-editor.default\">\n\t\t\t\t<div class=\"elementor-widget-container\">\n\t\t\t\t\t\t\t\t\t<p style=\"font-weight: 400;\">Ce sont des heures sp\u00e9cialement con\u00e7ues pour vous, o\u00f9 je vous conseille sur votre sujet pr\u00e9cis, vos questions et vos pr\u00e9occupations. Vous choisissez ce dont vous avez besoin. J&rsquo;aime partager mes connaissances avec vous et vous soutenir avec mes comp\u00e9tences et ma longue exp\u00e9rience dans le domaine de la MTC, de l&rsquo;acupuncture et du tuina, afin de vous faire progresser et de faire ressortir votre plus grand potentiel.<\/p>\n<p style=\"font-weight: 400;\">\n\t\t\t\t\t\t\t\t<\/div>\n\t\t\t\t<\/div>\n\t\t\t\t<div class=\"elementor-element elementor-element-0ab6a0f elementor-widget elementor-widget-heading\" data-id=\"0ab6a0f\" data-element_type=\"widget\" data-e-type=\"widget\" data-widget_type=\"heading.default\">\n\t\t\t\t<div class=\"elementor-widget-container\">\n\t\t\t\t\t<h6 class=\"elementor-heading-title elementor-size-default\">Mentorat de groupe<\/h6>\t\t\t\t<\/div>\n\t\t\t\t<\/div>\n\t\t\t\t\t<\/div>\n\t\t\t\t<\/div>\n\t\t<div class=\"elementor-element elementor-element-7247c8f e-flex e-con-boxed e-con e-parent\" data-id=\"7247c8f\" data-element_type=\"container\" data-e-type=\"container\">\n\t\t\t\t\t<div class=\"e-con-inner\">\n\t\t\t\t<div class=\"elementor-element elementor-element-0cd9ba4 elementor-widget elementor-widget-text-editor\" data-id=\"0cd9ba4\" data-element_type=\"widget\" data-e-type=\"widget\" data-widget_type=\"text-editor.default\">\n\t\t\t\t<div class=\"elementor-widget-container\">\n\t\t\t\t\t\t\t\t\t<p>Offres 2025<\/p>\n\t\t\t\t\t\t\t\t<\/div>\n\t\t\t\t<\/div>\n\t\t\t\t\t<\/div>\n\t\t\t\t<\/div>\n\t\t\t\t<\/div>\n\t\t","protected":false},"excerpt":{"rendered":"<p>Mentorat Pr\u00e9paration \u00e0 l&rsquo;examen HFP Le module M7 \u00ab\u00a0Pratique professionnelle sous mentorat\u00a0\u00bb est ax\u00e9 sur l&rsquo;application et l&rsquo;\u00e9largissement des comp\u00e9tences th\u00e9oriques et pratiques acquises pendant la formation dans le cadre d&rsquo;une premi\u00e8re activit\u00e9 pratique ind\u00e9pendante. Le pr\u00e9requis pour le M7 est la r\u00e9ussite des modules M1 \u00e0 M6. Il s&rsquo;agit essentiellement de faire en sorte [&hellip;]<\/p>\n","protected":false},"author":4,"featured_media":0,"parent":0,"menu_order":0,"comment_status":"closed","ping_status":"closed","template":"","meta":{"footnotes":""},"class_list":["post-5522","page","type-page","status-publish","hentry"],"_links":{"self":[{"href":"https:\/\/www.laminet.ch\/fr\/wp-json\/wp\/v2\/pages\/5522","targetHints":{"allow":["GET"]}}],"collection":[{"href":"https:\/\/www.laminet.ch\/fr\/wp-json\/wp\/v2\/pages"}],"about":[{"href":"https:\/\/www.laminet.ch\/fr\/wp-json\/wp\/v2\/types\/page"}],"author":[{"embeddable":true,"href":"https:\/\/www.laminet.ch\/fr\/wp-json\/wp\/v2\/users\/4"}],"replies":[{"embeddable":true,"href":"https:\/\/www.laminet.ch\/fr\/wp-json\/wp\/v2\/comments?post=5522"}],"version-history":[{"count":8,"href":"https:\/\/www.laminet.ch\/fr\/wp-json\/wp\/v2\/pages\/5522\/revisions"}],"predecessor-version":[{"id":6053,"href":"https:\/\/www.laminet.ch\/fr\/wp-json\/wp\/v2\/pages\/5522\/revisions\/6053"}],"wp:attachment":[{"href":"https:\/\/www.laminet.ch\/fr\/wp-json\/wp\/v2\/media?parent=5522"}],"curies":[{"name":"wp","href":"https:\/\/api.w.org\/{rel}","templated":true}]}}