{"id":5512,"date":"2024-11-29T16:42:47","date_gmt":"2024-11-29T15:42:47","guid":{"rendered":"https:\/\/www.laminet.ch\/enfants\/"},"modified":"2024-12-11T21:31:41","modified_gmt":"2024-12-11T20:31:41","slug":"enfants","status":"publish","type":"page","link":"https:\/\/www.laminet.ch\/fr\/enfants\/","title":{"rendered":"Enfants"},"content":{"rendered":"\t\t<div data-elementor-type=\"wp-page\" data-elementor-id=\"5512\" class=\"elementor elementor-5512 elementor-3255\" data-elementor-post-type=\"page\">\n\t\t\t\t<div class=\"elementor-element elementor-element-2efe1bd1 e-flex e-con-boxed e-con e-parent\" data-id=\"2efe1bd1\" data-element_type=\"container\" data-e-type=\"container\">\n\t\t\t\t\t<div class=\"e-con-inner\">\n\t\t<div class=\"elementor-element elementor-element-6dcbdd1 e-con-full e-flex e-con e-child\" data-id=\"6dcbdd1\" data-element_type=\"container\" data-e-type=\"container\">\n\t\t\t\t<div class=\"elementor-element elementor-element-562db956 elementor-widget elementor-widget-heading\" data-id=\"562db956\" data-element_type=\"widget\" data-e-type=\"widget\" data-widget_type=\"heading.default\">\n\t\t\t\t<div class=\"elementor-widget-container\">\n\t\t\t\t\t<h4 class=\"elementor-heading-title elementor-size-default\">Enfants<\/h4>\t\t\t\t<\/div>\n\t\t\t\t<\/div>\n\t\t\t\t<div class=\"elementor-element elementor-element-4711f1d5 elementor-widget elementor-widget-heading\" data-id=\"4711f1d5\" data-element_type=\"widget\" data-e-type=\"widget\" data-widget_type=\"heading.default\">\n\t\t\t\t<div class=\"elementor-widget-container\">\n\t\t\t\t\t<h6 class=\"elementor-heading-title elementor-size-default\">Traitement en douceur pour les petits<\/h6>\t\t\t\t<\/div>\n\t\t\t\t<\/div>\n\t\t\t\t<div class=\"elementor-element elementor-element-13fd0387 elementor-widget elementor-widget-text-editor\" data-id=\"13fd0387\" data-element_type=\"widget\" data-e-type=\"widget\" data-widget_type=\"text-editor.default\">\n\t\t\t\t<div class=\"elementor-widget-container\">\n\t\t\t\t\t\t\t\t\t<p style=\"font-weight: 400;\">Comme le syst\u00e8me des m\u00e9ridiens n&rsquo;est pas encore totalement mature chez les enfants, des points tr\u00e8s sp\u00e9cifiques sont trait\u00e9s chez eux. Ceux-ci sont stimul\u00e9s par des man\u0153uvres de massage et des techniques de manipulation douces. Les jeunes patients sont tr\u00e8s r\u00e9ceptifs \u00e0 cette forme de th\u00e9rapie et y r\u00e9pondent \u00e9tonnamment rapidement.<\/p>\n<p style=\"font-weight: 400;\">En outre, je traite souvent ces points avec le Teishin, un instrument sp\u00e9cial qui est totalement indolore et qui est appliqu\u00e9 uniquement sur la surface de la peau, donc non invasif. J&rsquo;utilise aussi r\u00e9guli\u00e8rement le laser ou je stimule ces points en y collant des aimants.<\/p>\n<p style=\"font-weight: 400;\">De plus, je guide les parents pour qu&rsquo;ils contribuent activement \u00e0 la gu\u00e9rison ou au maintien de la sant\u00e9 de leurs enfants.<\/p>\n<p style=\"font-weight: 400;\">\n\t\t\t\t\t\t\t\t<\/div>\n\t\t\t\t<\/div>\n\t\t\t\t<\/div>\n\t\t<div class=\"elementor-element elementor-element-72ff357c e-con-full e-flex e-con e-child\" data-id=\"72ff357c\" data-element_type=\"container\" data-e-type=\"container\">\n\t\t\t\t<div class=\"elementor-element elementor-element-6c1a6a02 elementor-widget elementor-widget-image\" data-id=\"6c1a6a02\" data-element_type=\"widget\" data-e-type=\"widget\" data-widget_type=\"image.default\">\n\t\t\t\t<div class=\"elementor-widget-container\">\n\t\t\t\t\t\t\t\t\t\t\t\t\t\t\t<img fetchpriority=\"high\" decoding=\"async\" width=\"800\" height=\"600\" src=\"https:\/\/www.laminet.ch\/wp-content\/uploads\/2024\/06\/Kind_1.png\" class=\"attachment-full size-full wp-image-3621\" alt=\"\" srcset=\"https:\/\/www.laminet.ch\/wp-content\/uploads\/2024\/06\/Kind_1.png 800w, https:\/\/www.laminet.ch\/wp-content\/uploads\/2024\/06\/Kind_1-300x225.png 300w, https:\/\/www.laminet.ch\/wp-content\/uploads\/2024\/06\/Kind_1-768x576.png 768w\" sizes=\"(max-width: 800px) 100vw, 800px\" \/>\t\t\t\t\t\t\t\t\t\t\t\t\t\t\t<\/div>\n\t\t\t\t<\/div>\n\t\t\t\t<\/div>\n\t\t\t\t\t<\/div>\n\t\t\t\t<\/div>\n\t\t<div class=\"elementor-element elementor-element-3a066357 e-flex e-con-boxed e-con e-parent\" data-id=\"3a066357\" data-element_type=\"container\" data-e-type=\"container\">\n\t\t\t\t\t<div class=\"e-con-inner\">\n\t\t\t\t<div class=\"elementor-element elementor-element-6830c7bb elementor-widget elementor-widget-heading\" data-id=\"6830c7bb\" data-element_type=\"widget\" data-e-type=\"widget\" data-widget_type=\"heading.default\">\n\t\t\t\t<div class=\"elementor-widget-container\">\n\t\t\t\t\t<h6 class=\"elementor-heading-title elementor-size-default\">Indications<\/h6>\t\t\t\t<\/div>\n\t\t\t\t<\/div>\n\t\t\t\t<div class=\"elementor-element elementor-element-53e8f8ff elementor-widget elementor-widget-text-editor\" data-id=\"53e8f8ff\" data-element_type=\"widget\" data-e-type=\"widget\" data-widget_type=\"text-editor.default\">\n\t\t\t\t<div class=\"elementor-widget-container\">\n\t\t\t\t\t\t\t\t\t<p style=\"font-weight: 400;\"><strong>Troubles digestifs :<\/strong> coliques de 3 mois, douleurs abdominales, constipation, diarrh\u00e9e, naus\u00e9es, vomissements<\/p>\n<p style=\"font-weight: 400;\"><strong>les maladies li\u00e9es au rhume :<\/strong> sensibilit\u00e9 aux infections, fi\u00e8vre, maux de gorge, toux, maux d&rsquo;oreille, asthme, bronchite<\/p>\n<p style=\"font-weight: 400;\"><strong>Troubles psychologiques :<\/strong> Troubles du sommeil, agitation, anxi\u00e9t\u00e9, \u00e9nur\u00e9sie, difficult\u00e9s d&rsquo;apprentissage, difficult\u00e9s de concentration, TDAH<\/p>\n<p style=\"font-weight: 400;\"><strong>Probl\u00e8mes de peau et allergies :<\/strong> rhume des foins, dermatite atopique, dermatite, ecz\u00e9ma, psoriasis, acn\u00e9<\/p>\n<p style=\"font-weight: 400;\">\n\t\t\t\t\t\t\t\t<\/div>\n\t\t\t\t<\/div>\n\t\t\t\t<div class=\"elementor-element elementor-element-6b28c07 elementor-widget elementor-widget-button\" data-id=\"6b28c07\" data-element_type=\"widget\" data-e-type=\"widget\" data-widget_type=\"button.default\">\n\t\t\t\t<div class=\"elementor-widget-container\">\n\t\t\t\t\t\t\t\t\t<div class=\"elementor-button-wrapper\">\n\t\t\t\t\t<a class=\"elementor-button elementor-button-link elementor-size-sm\" href=\"https:\/\/www.laminet.ch\/fr\/offres\/\">\n\t\t\t\t\t\t<span class=\"elementor-button-content-wrapper\">\n\t\t\t\t\t\t<span class=\"elementor-button-icon\">\n\t\t\t\t<i aria-hidden=\"true\" class=\"far fa-arrow-alt-circle-left\"><\/i>\t\t\t<\/span>\n\t\t\t\t\t\t\t\t\t<span class=\"elementor-button-text\">Retour \u00e0 Offres<\/span>\n\t\t\t\t\t<\/span>\n\t\t\t\t\t<\/a>\n\t\t\t\t<\/div>\n\t\t\t\t\t\t\t\t<\/div>\n\t\t\t\t<\/div>\n\t\t\t\t\t<\/div>\n\t\t\t\t<\/div>\n\t\t\t\t<\/div>\n\t\t","protected":false},"excerpt":{"rendered":"<p>Enfants Traitement en douceur pour les petits Comme le syst\u00e8me des m\u00e9ridiens n&rsquo;est pas encore totalement mature chez les enfants, des points tr\u00e8s sp\u00e9cifiques sont trait\u00e9s chez eux. Ceux-ci sont stimul\u00e9s par des man\u0153uvres de massage et des techniques de manipulation douces. Les jeunes patients sont tr\u00e8s r\u00e9ceptifs \u00e0 cette forme de th\u00e9rapie et y [&hellip;]<\/p>\n","protected":false},"author":4,"featured_media":0,"parent":0,"menu_order":0,"comment_status":"closed","ping_status":"closed","template":"","meta":{"footnotes":""},"class_list":["post-5512","page","type-page","status-publish","hentry"],"_links":{"self":[{"href":"https:\/\/www.laminet.ch\/fr\/wp-json\/wp\/v2\/pages\/5512","targetHints":{"allow":["GET"]}}],"collection":[{"href":"https:\/\/www.laminet.ch\/fr\/wp-json\/wp\/v2\/pages"}],"about":[{"href":"https:\/\/www.laminet.ch\/fr\/wp-json\/wp\/v2\/types\/page"}],"author":[{"embeddable":true,"href":"https:\/\/www.laminet.ch\/fr\/wp-json\/wp\/v2\/users\/4"}],"replies":[{"embeddable":true,"href":"https:\/\/www.laminet.ch\/fr\/wp-json\/wp\/v2\/comments?post=5512"}],"version-history":[{"count":1,"href":"https:\/\/www.laminet.ch\/fr\/wp-json\/wp\/v2\/pages\/5512\/revisions"}],"predecessor-version":[{"id":5513,"href":"https:\/\/www.laminet.ch\/fr\/wp-json\/wp\/v2\/pages\/5512\/revisions\/5513"}],"wp:attachment":[{"href":"https:\/\/www.laminet.ch\/fr\/wp-json\/wp\/v2\/media?parent=5512"}],"curies":[{"name":"wp","href":"https:\/\/api.w.org\/{rel}","templated":true}]}}