{"id":5510,"date":"2024-11-29T16:42:19","date_gmt":"2024-11-29T15:42:19","guid":{"rendered":"https:\/\/www.laminet.ch\/nutrition-integrative\/"},"modified":"2024-11-29T16:42:19","modified_gmt":"2024-11-29T15:42:19","slug":"nutrition-integrative","status":"publish","type":"page","link":"https:\/\/www.laminet.ch\/fr\/nutrition-integrative\/","title":{"rendered":"Nutrition int\u00e9grative"},"content":{"rendered":"\t\t<div data-elementor-type=\"wp-page\" data-elementor-id=\"5510\" class=\"elementor elementor-5510 elementor-3598\" data-elementor-post-type=\"page\">\n\t\t\t\t<div class=\"elementor-element elementor-element-7a38a7a e-flex e-con-boxed e-con e-parent\" data-id=\"7a38a7a\" data-element_type=\"container\" data-e-type=\"container\">\n\t\t\t\t\t<div class=\"e-con-inner\">\n\t\t\t\t<div class=\"elementor-element elementor-element-18dc51f elementor-widget elementor-widget-heading\" data-id=\"18dc51f\" data-element_type=\"widget\" data-e-type=\"widget\" data-widget_type=\"heading.default\">\n\t\t\t\t<div class=\"elementor-widget-container\">\n\t\t\t\t\t<h4 class=\"elementor-heading-title elementor-size-default\">Nutrition int\u00e9grative<\/h4>\t\t\t\t<\/div>\n\t\t\t\t<\/div>\n\t\t\t\t<div class=\"elementor-element elementor-element-b65fc66 elementor-widget elementor-widget-heading\" data-id=\"b65fc66\" data-element_type=\"widget\" data-e-type=\"widget\" data-widget_type=\"heading.default\">\n\t\t\t\t<div class=\"elementor-widget-container\">\n\t\t\t\t\t<h6 class=\"elementor-heading-title elementor-size-default\">Le meilleur de l'Est et de l'Ouest r\u00e9unis<\/h6>\t\t\t\t<\/div>\n\t\t\t\t<\/div>\n\t\t\t\t<div class=\"elementor-element elementor-element-add95dd elementor-widget elementor-widget-text-editor\" data-id=\"add95dd\" data-element_type=\"widget\" data-e-type=\"widget\" data-widget_type=\"text-editor.default\">\n\t\t\t\t<div class=\"elementor-widget-container\">\n\t\t\t\t\t\t\t\t\t<p style=\"font-weight: 400;\"><img fetchpriority=\"high\" decoding=\"async\" class=\"alignright wp-image-4845 size-full\" src=\"https:\/\/www.laminet.ch\/wp-content\/uploads\/2024\/08\/Integrative_Ernaehrung.png\" alt=\"\" width=\"600\" height=\"400\">La Nutrition Int\u00e9grative repose sur deux piliers : Le savoir m\u00e9dical occidental de la science moderne de la nutrition et le tr\u00e9sor d&rsquo;exp\u00e9rience mill\u00e9naire de la m\u00e9decine chinoise et la connaissance des 5 \u00e9l\u00e9ments. Ces deux piliers, tr\u00e8s diff\u00e9rents dans leur approche, sont leurs points forts, car la combinaison des points de vue orientaux et occidentaux s&rsquo;enrichit et se compl\u00e8te id\u00e9alement. Alors qu&rsquo;ici, en Occident, l&rsquo;accent est davantage mis sur les composants des aliments, l&rsquo;alimentation en MTC se concentre avant tout sur les performances digestives. La racine d&rsquo;une bonne sant\u00e9 est une bonne digestion.&nbsp;<\/p>\n<p style=\"font-weight: 400;\">Vivre plus sainement, se nourrir plus sainement, c&rsquo;est l&rsquo;objectif de beaucoup. Mais il est souvent difficile de les mettre en \u0153uvre dans un environnement traditionnel aux structures fig\u00e9es. La nutrition int\u00e9grative aide par petites touches et par des conseils personnalis\u00e9s. Des conseils nutritionnels en un clin d&rsquo;\u0153il.&nbsp;<\/p>\n<p style=\"font-weight: 400;\">Lors d&rsquo;une consultation di\u00e9t\u00e9tique, nous \u00e9laborons ensemble un plan alimentaire qui est orient\u00e9 vers la pratique et adapt\u00e9 individuellement \u00e0 vous et \u00e0 vos besoins. En effet, chaque corps est unique, ce qui fonctionne pour les autres ne fonctionnera peut-\u00eatre pas pour vous. De temps en temps, nous effectuons ensemble un contr\u00f4le des r\u00e9sultats et proc\u00e9dons \u00e0 d&rsquo;\u00e9ventuels ajustements du plan. Je vous donne de nombreuses recettes et des conseils pratiques. Si vous le souhaitez, nous pouvons \u00e9galement vous apporter un soutien plus \u00e9troit afin que vous puissiez atteindre de mani\u00e8re fiable votre objectif, par exemple devenir plus sain ou perdre du poids.<\/p>\n<p style=\"font-weight: 400;\">Cela permet de contribuer de mani\u00e8re significative \u00e0 la sant\u00e9 et de jeter les bases d&rsquo;un corps et d&rsquo;un esprit sains. Il est possible de pr\u00e9venir de nombreuses maladies et, m\u00eame dans le cas de maladies chroniques, d&rsquo;obtenir une am\u00e9lioration significative des sympt\u00f4mes gr\u00e2ce \u00e0 un changement d&rsquo;alimentation.<\/p>\n<p style=\"font-weight: 400;\">Prenez votre sant\u00e9 et votre bien-\u00eatre en main et contactez-moi pour une consultation &#8211; des conseils nutritionnels \u00e0 port\u00e9e de main.<\/p>\t\t\t\t\t\t\t\t<\/div>\n\t\t\t\t<\/div>\n\t\t\t\t\t<\/div>\n\t\t\t\t<\/div>\n\t\t<div class=\"elementor-element elementor-element-c17f1ad e-flex e-con-boxed e-con e-parent\" data-id=\"c17f1ad\" data-element_type=\"container\" data-e-type=\"container\">\n\t\t\t\t\t<div class=\"e-con-inner\">\n\t\t\t\t<div class=\"elementor-element elementor-element-2b6975f6 elementor-widget elementor-widget-text-editor\" data-id=\"2b6975f6\" data-element_type=\"widget\" data-e-type=\"widget\" data-widget_type=\"text-editor.default\">\n\t\t\t\t<div class=\"elementor-widget-container\">\n\t\t\t\t\t\t\t\t\t<p>\u00ab\u00a0Que vos aliments soient vos rem\u00e8des et que vos rem\u00e8des soient vos aliments\u00a0\u00bb. <span style=\"font-size: 0.8em;\"><em> Hippocrate<\/em><\/span><\/p>\n\t\t\t\t\t\t\t\t<\/div>\n\t\t\t\t<\/div>\n\t\t\t\t<div class=\"elementor-element elementor-element-af4c29b elementor-widget elementor-widget-button\" data-id=\"af4c29b\" data-element_type=\"widget\" data-e-type=\"widget\" data-widget_type=\"button.default\">\n\t\t\t\t<div class=\"elementor-widget-container\">\n\t\t\t\t\t\t\t\t\t<div class=\"elementor-button-wrapper\">\n\t\t\t\t\t<a class=\"elementor-button elementor-button-link elementor-size-sm\" href=\"https:\/\/www.laminet.ch\/fr\/offres\/\">\n\t\t\t\t\t\t<span class=\"elementor-button-content-wrapper\">\n\t\t\t\t\t\t<span class=\"elementor-button-icon\">\n\t\t\t\t<i aria-hidden=\"true\" class=\"far fa-arrow-alt-circle-left\"><\/i>\t\t\t<\/span>\n\t\t\t\t\t\t\t\t\t<span class=\"elementor-button-text\">Retour \u00e0 Offres<\/span>\n\t\t\t\t\t<\/span>\n\t\t\t\t\t<\/a>\n\t\t\t\t<\/div>\n\t\t\t\t\t\t\t\t<\/div>\n\t\t\t\t<\/div>\n\t\t\t\t\t<\/div>\n\t\t\t\t<\/div>\n\t\t\t\t<\/div>\n\t\t","protected":false},"excerpt":{"rendered":"<p>Nutrition int\u00e9grative Le meilleur de l&rsquo;Est et de l&rsquo;Ouest r\u00e9unis La Nutrition Int\u00e9grative repose sur deux piliers : Le savoir m\u00e9dical occidental de la science moderne de la nutrition et le tr\u00e9sor d&rsquo;exp\u00e9rience mill\u00e9naire de la m\u00e9decine chinoise et la connaissance des 5 \u00e9l\u00e9ments. Ces deux piliers, tr\u00e8s diff\u00e9rents dans leur approche, sont leurs points [&hellip;]<\/p>\n","protected":false},"author":4,"featured_media":0,"parent":0,"menu_order":0,"comment_status":"closed","ping_status":"closed","template":"","meta":{"footnotes":""},"class_list":["post-5510","page","type-page","status-publish","hentry"],"_links":{"self":[{"href":"https:\/\/www.laminet.ch\/fr\/wp-json\/wp\/v2\/pages\/5510","targetHints":{"allow":["GET"]}}],"collection":[{"href":"https:\/\/www.laminet.ch\/fr\/wp-json\/wp\/v2\/pages"}],"about":[{"href":"https:\/\/www.laminet.ch\/fr\/wp-json\/wp\/v2\/types\/page"}],"author":[{"embeddable":true,"href":"https:\/\/www.laminet.ch\/fr\/wp-json\/wp\/v2\/users\/4"}],"replies":[{"embeddable":true,"href":"https:\/\/www.laminet.ch\/fr\/wp-json\/wp\/v2\/comments?post=5510"}],"version-history":[{"count":1,"href":"https:\/\/www.laminet.ch\/fr\/wp-json\/wp\/v2\/pages\/5510\/revisions"}],"predecessor-version":[{"id":5511,"href":"https:\/\/www.laminet.ch\/fr\/wp-json\/wp\/v2\/pages\/5510\/revisions\/5511"}],"wp:attachment":[{"href":"https:\/\/www.laminet.ch\/fr\/wp-json\/wp\/v2\/media?parent=5510"}],"curies":[{"name":"wp","href":"https:\/\/api.w.org\/{rel}","templated":true}]}}