{"id":5502,"date":"2024-11-29T16:37:34","date_gmt":"2024-11-29T15:37:34","guid":{"rendered":"https:\/\/www.laminet.ch\/semaine-de-jeune\/"},"modified":"2024-12-11T21:31:41","modified_gmt":"2024-12-11T20:31:41","slug":"semaine-de-jeune","status":"publish","type":"page","link":"https:\/\/www.laminet.ch\/fr\/semaine-de-jeune\/","title":{"rendered":"Semaine de je\u00fbne"},"content":{"rendered":"\t\t<div data-elementor-type=\"wp-page\" data-elementor-id=\"5502\" class=\"elementor elementor-5502 elementor-4197\" data-elementor-post-type=\"page\">\n\t\t\t\t<div class=\"elementor-element elementor-element-ad5d253 e-flex e-con-boxed e-con e-parent\" data-id=\"ad5d253\" data-element_type=\"container\" data-e-type=\"container\">\n\t\t\t\t\t<div class=\"e-con-inner\">\n\t\t\t\t<div class=\"elementor-element elementor-element-4ccbfe9c elementor-widget elementor-widget-spacer\" data-id=\"4ccbfe9c\" data-element_type=\"widget\" data-e-type=\"widget\" data-widget_type=\"spacer.default\">\n\t\t\t\t<div class=\"elementor-widget-container\">\n\t\t\t\t\t\t\t<div class=\"elementor-spacer\">\n\t\t\t<div class=\"elementor-spacer-inner\"><\/div>\n\t\t<\/div>\n\t\t\t\t\t\t<\/div>\n\t\t\t\t<\/div>\n\t\t\t\t\t<\/div>\n\t\t\t\t<\/div>\n\t\t<div class=\"elementor-element elementor-element-2eb54e17 e-flex e-con-boxed e-con e-parent\" data-id=\"2eb54e17\" data-element_type=\"container\" data-e-type=\"container\">\n\t\t\t\t\t<div class=\"e-con-inner\">\n\t\t<div class=\"elementor-element elementor-element-37a418b1 e-con-full e-flex e-con e-child\" data-id=\"37a418b1\" data-element_type=\"container\" data-e-type=\"container\">\n\t\t<div class=\"elementor-element elementor-element-461cce55 e-con-full e-flex e-con e-child\" data-id=\"461cce55\" data-element_type=\"container\" data-e-type=\"container\">\n\t\t\t\t<div class=\"elementor-element elementor-element-31818b8 elementor-widget elementor-widget-heading\" data-id=\"31818b8\" data-element_type=\"widget\" data-e-type=\"widget\" data-widget_type=\"heading.default\">\n\t\t\t\t<div class=\"elementor-widget-container\">\n\t\t\t\t\t<h4 class=\"elementor-heading-title elementor-size-default\">Cure d\u00e9tox \u00e0 base de c\u00e9r\u00e9ales selon la MTC<\/h4>\t\t\t\t<\/div>\n\t\t\t\t<\/div>\n\t\t\t\t<div class=\"elementor-element elementor-element-4b44ffd6 elementor-widget elementor-widget-text-editor\" data-id=\"4b44ffd6\" data-element_type=\"widget\" data-e-type=\"widget\" data-widget_type=\"text-editor.default\">\n\t\t\t\t<div class=\"elementor-widget-container\">\n\t\t\t\t\t\t\t\t\t<p style=\"font-weight: 400;\">D\u00e9toxifiez votre corps pour plus d&rsquo;\u00e9nergie, de joie de vivre et de bien-\u00eatre avec une cure de c\u00e9r\u00e9ales selon la MTC. Ils optimisent leur digestion, stimulent leur m\u00e9tabolisme et perdent leurs kilos superflus.<\/p>\n<p style=\"font-weight: 400;\">Pendant la p\u00e9riode de d\u00e9tox, le corps est all\u00e9g\u00e9 gr\u00e2ce \u00e0 des recettes simples mais d\u00e9licieuses, compos\u00e9es de c\u00e9r\u00e9ales, de beaucoup de l\u00e9gumes, de fruits et de soupes. Adapt\u00e9e \u00e0 vos besoins individuels, sans faim ni perte d&rsquo;\u00e9nergie, la cure de c\u00e9r\u00e9ales selon la MTC est \u00e9galement id\u00e9ale pour les personnes actives et s&rsquo;int\u00e8gre facilement dans la vie quotidienne.<\/p>\n<p style=\"font-weight: 400;\">Lors de l&rsquo;entretien de conseil, j&rsquo;aborde vos besoins de mani\u00e8re individuelle et j&rsquo;adapte les recettes sp\u00e9cialement pour vous.<\/p>\n<p style=\"font-weight: 400;\"><br><\/p>\n<p style=\"font-weight: 400;\">\n<\/p>\t\t\t\t\t\t\t\t<\/div>\n\t\t\t\t<\/div>\n\t\t\t\t<\/div>\n\t\t\t\t<\/div>\n\t\t<div class=\"elementor-element elementor-element-22421fdb e-con-full e-flex e-con e-child\" data-id=\"22421fdb\" data-element_type=\"container\" data-e-type=\"container\">\n\t\t\t\t<div class=\"elementor-element elementor-element-7525bc78 elementor-widget elementor-widget-image\" data-id=\"7525bc78\" data-element_type=\"widget\" data-e-type=\"widget\" data-widget_type=\"image.default\">\n\t\t\t\t<div class=\"elementor-widget-container\">\n\t\t\t\t\t\t\t\t\t\t\t\t\t\t\t<img fetchpriority=\"high\" decoding=\"async\" width=\"768\" height=\"576\" src=\"https:\/\/www.laminet.ch\/wp-content\/uploads\/2024\/09\/Detox-Getreidekur-768x576.png\" class=\"attachment-medium_large size-medium_large wp-image-5049\" alt=\"\" srcset=\"https:\/\/www.laminet.ch\/wp-content\/uploads\/2024\/09\/Detox-Getreidekur-768x576.png 768w, https:\/\/www.laminet.ch\/wp-content\/uploads\/2024\/09\/Detox-Getreidekur-300x225.png 300w, https:\/\/www.laminet.ch\/wp-content\/uploads\/2024\/09\/Detox-Getreidekur.png 800w\" sizes=\"(max-width: 768px) 100vw, 768px\" \/>\t\t\t\t\t\t\t\t\t\t\t\t\t\t\t<\/div>\n\t\t\t\t<\/div>\n\t\t\t\t<\/div>\n\t\t\t\t\t<\/div>\n\t\t\t\t<\/div>\n\t\t<div class=\"elementor-element elementor-element-ba76415 e-flex e-con-boxed e-con e-parent\" data-id=\"ba76415\" data-element_type=\"container\" data-e-type=\"container\">\n\t\t\t\t\t<div class=\"e-con-inner\">\n\t\t<div class=\"elementor-element elementor-element-c9b08e1 e-con-full e-flex e-con e-child\" data-id=\"c9b08e1\" data-element_type=\"container\" data-e-type=\"container\">\n\t\t\t\t<div class=\"elementor-element elementor-element-f50620a elementor-widget__width-initial elementor-widget elementor-widget-text-editor\" data-id=\"f50620a\" data-element_type=\"widget\" data-e-type=\"widget\" data-widget_type=\"text-editor.default\">\n\t\t\t\t<div class=\"elementor-widget-container\">\n\t\t\t\t\t\t\t\t\t<p style=\"font-weight: 400;\"><strong>Ce que vous obtenez avec la cure de c\u00e9r\u00e9ales selon la MTC :<\/strong><\/p>\n<ul style=\"font-weight: 400;\">\n<li>Fra\u00eecheur et vitalit\u00e9<\/li>\n<li>Performance et concentration<\/li>\n<li>Un sommeil r\u00e9parateur<\/li>\n<li>Un sentiment de bien-\u00eatre<\/li>\n<li>R\u00e9g\u00e9n\u00e9ration de la flore intestinale (par ex. apr\u00e8s antibiotiques, chimioth\u00e9rapie \/ radioth\u00e9rapie)<\/li>\n<li>Drainage &amp; jambes l\u00e9g\u00e8res<\/li>\n<li>Une bonne image de son corps<\/li>\n<li>Silhouette raffermie &amp; sculpt\u00e9e<\/li>\n<li>\u00c9clat, meilleure apparence de la peau<\/li>\n<li>Le bien-\u00eatre \u00e0 l&rsquo;\u00e9tat pur<\/li>\n<\/ul>\n<div> <\/div>\n\t\t\t\t\t\t\t\t<\/div>\n\t\t\t\t<\/div>\n\t\t\t\t<\/div>\n\t\t<div class=\"elementor-element elementor-element-c5fc54c e-con-full e-flex e-con e-child\" data-id=\"c5fc54c\" data-element_type=\"container\" data-e-type=\"container\">\n\t\t\t\t<div class=\"elementor-element elementor-element-c022c95 elementor-widget elementor-widget-text-editor\" data-id=\"c022c95\" data-element_type=\"widget\" data-e-type=\"widget\" data-widget_type=\"text-editor.default\">\n\t\t\t\t<div class=\"elementor-widget-container\">\n\t\t\t\t\t\t\t\t\t<p>Le bon fonctionnement de la digestion est tr\u00e8s important pour notre bien-\u00eatre. Un programme de d\u00e9sintoxication personnalis\u00e9 peut non seulement r\u00e9guler votre digestion et s&rsquo;attaquer \u00e0 vos probl\u00e8mes de poids, mais aussi am\u00e9liorer sensiblement de nombreux autres troubles tels que douleurs, malaises, troubles du sommeil, probl\u00e8mes de peau, etc. La cure est un soutien pr\u00e9cieux \u00e0 la th\u00e9rapie ainsi qu&rsquo;\u00e0 la pr\u00e9vention de nombreux troubles.<\/p>\n\t\t\t\t\t\t\t\t<\/div>\n\t\t\t\t<\/div>\n\t\t\t\t<\/div>\n\t\t\t\t\t<\/div>\n\t\t\t\t<\/div>\n\t\t<div class=\"elementor-element elementor-element-558a1480 e-flex e-con-boxed e-con e-parent\" data-id=\"558a1480\" data-element_type=\"container\" data-e-type=\"container\">\n\t\t\t\t\t<div class=\"e-con-inner\">\n\t\t\t\t<div class=\"elementor-element elementor-element-46f570d5 elementor-widget elementor-widget-heading\" data-id=\"46f570d5\" data-element_type=\"widget\" data-e-type=\"widget\" data-widget_type=\"heading.default\">\n\t\t\t\t<div class=\"elementor-widget-container\">\n\t\t\t\t\t<h5 class=\"elementor-heading-title elementor-size-default\">7 jours de d\u00e9toxication des c\u00e9r\u00e9ales comprend :<\/h5>\t\t\t\t<\/div>\n\t\t\t\t<\/div>\n\t\t\t\t<div class=\"elementor-element elementor-element-5ac2e187 elementor-widget elementor-widget-text-editor\" data-id=\"5ac2e187\" data-element_type=\"widget\" data-e-type=\"widget\" data-widget_type=\"text-editor.default\">\n\t\t\t\t<div class=\"elementor-widget-container\">\n\t\t\t\t\t\t\t\t\t<ul>\n<li>Premier entretien avec leurs objectifs et leurs souhaits (en ligne ou au cabinet)<\/li>\n<li>Les 7 jours sont suivis personnellement par moi (en ligne ou par Whatsapp)<\/li>\n<li>Vous recevez un guide pour les 7 jours (incluant des recettes, une liste de courses, des conseils nutritionnels)<\/li>\n<li>Recommandations individuelles pour les herbes \u00e0 th\u00e9, les huiles essentielles, les bains de d\u00e9sintoxication, les enveloppements du foie, etc.<\/li>\n<li>des exercices de respiration ainsi que des exercices l\u00e9gers de Qi Gong.<\/li><\/ul>\n<p><\/p>\t\t\t\t\t\t\t\t<\/div>\n\t\t\t\t<\/div>\n\t\t\t\t<div class=\"elementor-element elementor-element-3e0006f7 elementor-widget-divider--view-line elementor-widget elementor-widget-divider\" data-id=\"3e0006f7\" data-element_type=\"widget\" data-e-type=\"widget\" data-widget_type=\"divider.default\">\n\t\t\t\t<div class=\"elementor-widget-container\">\n\t\t\t\t\t\t\t<div class=\"elementor-divider\">\n\t\t\t<span class=\"elementor-divider-separator\">\n\t\t\t\t\t\t<\/span>\n\t\t<\/div>\n\t\t\t\t\t\t<\/div>\n\t\t\t\t<\/div>\n\t\t\t\t\t<\/div>\n\t\t\t\t<\/div>\n\t\t<div class=\"elementor-element elementor-element-2da6e92b e-flex e-con-boxed e-con e-parent\" data-id=\"2da6e92b\" data-element_type=\"container\" data-e-type=\"container\">\n\t\t\t\t\t<div class=\"e-con-inner\">\n\t\t<div class=\"elementor-element elementor-element-745d985f e-con-full e-flex e-con e-child\" data-id=\"745d985f\" data-element_type=\"container\" data-e-type=\"container\">\n\t\t\t\t<div class=\"elementor-element elementor-element-54aaa63c elementor-widget elementor-widget-heading\" data-id=\"54aaa63c\" data-element_type=\"widget\" data-e-type=\"widget\" data-widget_type=\"heading.default\">\n\t\t\t\t<div class=\"elementor-widget-container\">\n\t\t\t\t\t<h6 class=\"elementor-heading-title elementor-size-default\">Date\/heure<\/h6>\t\t\t\t<\/div>\n\t\t\t\t<\/div>\n\t\t\t\t<div class=\"elementor-element elementor-element-693efcee elementor-widget elementor-widget-text-editor\" data-id=\"693efcee\" data-element_type=\"widget\" data-e-type=\"widget\" data-widget_type=\"text-editor.default\">\n\t\t\t\t<div class=\"elementor-widget-container\">\n\t\t\t\t\t\t\t\t\t<p>La cure d\u00e9tox de 7 jours peut \u00eatre commenc\u00e9e chaque semaine.<\/p>\n\t\t\t\t\t\t\t\t<\/div>\n\t\t\t\t<\/div>\n\t\t\t\t<div class=\"elementor-element elementor-element-22650ef0 elementor-widget elementor-widget-heading\" data-id=\"22650ef0\" data-element_type=\"widget\" data-e-type=\"widget\" data-widget_type=\"heading.default\">\n\t\t\t\t<div class=\"elementor-widget-container\">\n\t\t\t\t\t<h6 class=\"elementor-heading-title elementor-size-default\">Contact<\/h6>\t\t\t\t<\/div>\n\t\t\t\t<\/div>\n\t\t\t\t<div class=\"elementor-element elementor-element-3549ff6e elementor-widget elementor-widget-text-editor\" data-id=\"3549ff6e\" data-element_type=\"widget\" data-e-type=\"widget\" data-widget_type=\"text-editor.default\">\n\t\t\t\t<div class=\"elementor-widget-container\">\n\t\t\t\t\t\t\t\t\t<p>Si vous avez des questions, vous pouvez soit m&rsquo;envoyer un e-mail \u00e0 <a href=\"mailto:praxis@thereselaminet.ch\">praxis@thereselaminet.ch<\/a>, soit me contacter par t\u00e9l\u00e9phone au 032\/ 322 26 03.<\/p>\n<p>Inscrivez-vous d\u00e8s aujourd&rsquo;hui, je vous attends avec impatience.<\/p>\n\t\t\t\t\t\t\t\t<\/div>\n\t\t\t\t<\/div>\n\t\t\t\t<div class=\"elementor-element elementor-element-30be0ab6 elementor-widget elementor-widget-button\" data-id=\"30be0ab6\" data-element_type=\"widget\" data-e-type=\"widget\" data-widget_type=\"button.default\">\n\t\t\t\t<div class=\"elementor-widget-container\">\n\t\t\t\t\t\t\t\t\t<div class=\"elementor-button-wrapper\">\n\t\t\t\t\t<a class=\"elementor-button elementor-button-link elementor-size-sm\" href=\"#\">\n\t\t\t\t\t\t<span class=\"elementor-button-content-wrapper\">\n\t\t\t\t\t\t\t\t\t<span class=\"elementor-button-text\">Vers l'inscription<\/span>\n\t\t\t\t\t<\/span>\n\t\t\t\t\t<\/a>\n\t\t\t\t<\/div>\n\t\t\t\t\t\t\t\t<\/div>\n\t\t\t\t<\/div>\n\t\t\t\t<\/div>\n\t\t<div class=\"elementor-element elementor-element-64bcead0 e-con-full e-flex e-con e-child\" data-id=\"64bcead0\" data-element_type=\"container\" data-e-type=\"container\">\n\t\t\t\t<div class=\"elementor-element elementor-element-60a50fab elementor-widget elementor-widget-heading\" data-id=\"60a50fab\" data-element_type=\"widget\" data-e-type=\"widget\" data-widget_type=\"heading.default\">\n\t\t\t\t<div class=\"elementor-widget-container\">\n\t\t\t\t\t<h6 class=\"elementor-heading-title elementor-size-default\">Tarifs<\/h6>\t\t\t\t<\/div>\n\t\t\t\t<\/div>\n\t\t\t\t<div class=\"elementor-element elementor-element-5d8bf8f6 elementor-widget elementor-widget-text-editor\" data-id=\"5d8bf8f6\" data-element_type=\"widget\" data-e-type=\"widget\" data-widget_type=\"text-editor.default\">\n\t\t\t\t<div class=\"elementor-widget-container\">\n\t\t\t\t\t\t\t\t\t<p>Prix : 250 CHF, y compris entretien individuel &amp; suivi et conseil<\/p>\n\t\t\t\t\t\t\t\t<\/div>\n\t\t\t\t<\/div>\n\t\t\t\t<\/div>\n\t\t<div class=\"elementor-element elementor-element-20762bc4 e-con-full e-flex e-con e-child\" data-id=\"20762bc4\" data-element_type=\"container\" data-e-type=\"container\">\n\t\t\t\t<div class=\"elementor-element elementor-element-a3d6164 elementor-widget elementor-widget-heading\" data-id=\"a3d6164\" data-element_type=\"widget\" data-e-type=\"widget\" data-widget_type=\"heading.default\">\n\t\t\t\t<div class=\"elementor-widget-container\">\n\t\t\t\t\t<h6 class=\"elementor-heading-title elementor-size-default\">Lieu<\/h6>\t\t\t\t<\/div>\n\t\t\t\t<\/div>\n\t\t\t\t<div class=\"elementor-element elementor-element-22a9c610 elementor-widget elementor-widget-text-editor\" data-id=\"22a9c610\" data-element_type=\"widget\" data-e-type=\"widget\" data-widget_type=\"text-editor.default\">\n\t\t\t\t<div class=\"elementor-widget-container\">\n\t\t\t\t\t\t\t\t\t<p>Cabinet de MTC Laminet,<br \/>Rue de Nidau 28, <br \/>2502 Bienne<\/p>\n\t\t\t\t\t\t\t\t<\/div>\n\t\t\t\t<\/div>\n\t\t\t\t<div class=\"elementor-element elementor-element-addaa17 elementor-widget elementor-widget-google_maps\" data-id=\"addaa17\" data-element_type=\"widget\" data-e-type=\"widget\" data-widget_type=\"google_maps.default\">\n\t\t\t\t<div class=\"elementor-widget-container\">\n\t\t\t\t\t\t\t<div class=\"elementor-custom-embed\">\n\t\t\t<iframe loading=\"lazy\"\n\t\t\t\t\tsrc=\"https:\/\/maps.google.com\/maps?q=Biel%20Nidaugasse%2028%20&#038;t=m&#038;z=13&#038;output=embed&#038;iwloc=near\"\n\t\t\t\t\ttitle=\"Biel Nidaugasse 28 \"\n\t\t\t\t\taria-label=\"Biel Nidaugasse 28 \"\n\t\t\t><\/iframe>\n\t\t<\/div>\n\t\t\t\t\t\t<\/div>\n\t\t\t\t<\/div>\n\t\t\t\t<\/div>\n\t\t\t\t\t<\/div>\n\t\t\t\t<\/div>\n\t\t<div class=\"elementor-element elementor-element-10f633df e-flex e-con-boxed e-con e-parent\" data-id=\"10f633df\" data-element_type=\"container\" data-e-type=\"container\">\n\t\t\t\t\t<div class=\"e-con-inner\">\n\t\t\t\t\t<\/div>\n\t\t\t\t<\/div>\n\t\t\t\t<\/div>\n\t\t","protected":false},"excerpt":{"rendered":"<p>Cure d\u00e9tox \u00e0 base de c\u00e9r\u00e9ales selon la MTC D\u00e9toxifiez votre corps pour plus d&rsquo;\u00e9nergie, de joie de vivre et de bien-\u00eatre avec une cure de c\u00e9r\u00e9ales selon la MTC. Ils optimisent leur digestion, stimulent leur m\u00e9tabolisme et perdent leurs kilos superflus. Pendant la p\u00e9riode de d\u00e9tox, le corps est all\u00e9g\u00e9 gr\u00e2ce \u00e0 des recettes [&hellip;]<\/p>\n","protected":false},"author":4,"featured_media":0,"parent":0,"menu_order":0,"comment_status":"closed","ping_status":"closed","template":"","meta":{"footnotes":""},"class_list":["post-5502","page","type-page","status-publish","hentry"],"_links":{"self":[{"href":"https:\/\/www.laminet.ch\/fr\/wp-json\/wp\/v2\/pages\/5502","targetHints":{"allow":["GET"]}}],"collection":[{"href":"https:\/\/www.laminet.ch\/fr\/wp-json\/wp\/v2\/pages"}],"about":[{"href":"https:\/\/www.laminet.ch\/fr\/wp-json\/wp\/v2\/types\/page"}],"author":[{"embeddable":true,"href":"https:\/\/www.laminet.ch\/fr\/wp-json\/wp\/v2\/users\/4"}],"replies":[{"embeddable":true,"href":"https:\/\/www.laminet.ch\/fr\/wp-json\/wp\/v2\/comments?post=5502"}],"version-history":[{"count":1,"href":"https:\/\/www.laminet.ch\/fr\/wp-json\/wp\/v2\/pages\/5502\/revisions"}],"predecessor-version":[{"id":5503,"href":"https:\/\/www.laminet.ch\/fr\/wp-json\/wp\/v2\/pages\/5502\/revisions\/5503"}],"wp:attachment":[{"href":"https:\/\/www.laminet.ch\/fr\/wp-json\/wp\/v2\/media?parent=5502"}],"curies":[{"name":"wp","href":"https:\/\/api.w.org\/{rel}","templated":true}]}}