{"id":5500,"date":"2024-11-29T16:37:06","date_gmt":"2024-11-29T15:37:06","guid":{"rendered":"https:\/\/www.laminet.ch\/constellations-familiales\/"},"modified":"2025-01-02T07:53:58","modified_gmt":"2025-01-02T06:53:58","slug":"constellations-familiales","status":"publish","type":"page","link":"https:\/\/www.laminet.ch\/fr\/constellations-familiales\/","title":{"rendered":"Constellations familiales"},"content":{"rendered":"\t\t<div data-elementor-type=\"wp-page\" data-elementor-id=\"5500\" class=\"elementor elementor-5500 elementor-4001\" data-elementor-post-type=\"page\">\n\t\t\t\t<div class=\"elementor-element elementor-element-d375ba5 e-flex e-con-boxed e-con e-parent\" data-id=\"d375ba5\" data-element_type=\"container\" data-e-type=\"container\">\n\t\t\t\t\t<div class=\"e-con-inner\">\n\t\t\t\t<div class=\"elementor-element elementor-element-5808f354 elementor-widget elementor-widget-spacer\" data-id=\"5808f354\" data-element_type=\"widget\" data-e-type=\"widget\" data-widget_type=\"spacer.default\">\n\t\t\t\t<div class=\"elementor-widget-container\">\n\t\t\t\t\t\t\t<div class=\"elementor-spacer\">\n\t\t\t<div class=\"elementor-spacer-inner\"><\/div>\n\t\t<\/div>\n\t\t\t\t\t\t<\/div>\n\t\t\t\t<\/div>\n\t\t\t\t\t<\/div>\n\t\t\t\t<\/div>\n\t\t<div class=\"elementor-element elementor-element-92832b8 e-flex e-con-boxed e-con e-parent\" data-id=\"92832b8\" data-element_type=\"container\" data-e-type=\"container\">\n\t\t\t\t\t<div class=\"e-con-inner\">\n\t\t\t\t<div class=\"elementor-element elementor-element-3797d04 elementor-widget elementor-widget-heading\" data-id=\"3797d04\" data-element_type=\"widget\" data-e-type=\"widget\" data-widget_type=\"heading.default\">\n\t\t\t\t<div class=\"elementor-widget-container\">\n\t\t\t\t\t<h4 class=\"elementor-heading-title elementor-size-default\">Constellations familiales<\/h4>\t\t\t\t<\/div>\n\t\t\t\t<\/div>\n\t\t\t\t<div class=\"elementor-element elementor-element-c3c253a elementor-widget elementor-widget-text-editor\" data-id=\"c3c253a\" data-element_type=\"widget\" data-e-type=\"widget\" data-widget_type=\"text-editor.default\">\n\t\t\t\t<div class=\"elementor-widget-container\">\n\t\t\t\t\t\t\t\t\t<img decoding=\"async\" class=\"alignright wp-image-4379\" style=\"margin-left: 20px; margin-bottom: 10px; border-radius: 15px;\" src=\"https:\/\/www.laminet.ch\/wp-content\/uploads\/2024\/07\/Stammbaum-300x200.png\" alt=\"\" width=\"500\" srcset=\"https:\/\/www.laminet.ch\/wp-content\/uploads\/2024\/07\/Stammbaum-300x200.png 300w, https:\/\/www.laminet.ch\/wp-content\/uploads\/2024\/07\/Stammbaum.png 600w\" sizes=\"(max-width: 300px) 100vw, 300px\" \/>Le travail de constellation syst\u00e9mique nous aide \u00e0 en savoir plus sur nous-m\u00eames. Qu&rsquo;est-ce qui nous emp\u00eache d&rsquo;aller plus loin dans la vie ? Cette m\u00e9thode th\u00e9rapeutique n&rsquo;est pas n\u00e9cessairement li\u00e9e \u00e0 la famille. Elle vise \u00e0 mettre en \u00e9vidence et \u00e0 comprendre les structures et dynamiques inconscientes qui influencent n\u00e9gativement notre vie et notre comportement, afin de pouvoir ensuite les modifier.    Les constellations peuvent \u00eatre utilis\u00e9es pour des sch\u00e9mas r\u00e9p\u00e9titifs de relations, de maladies, de difficult\u00e9s professionnelles ou de probl\u00e8mes \u00e9motionnels, voire de traumatismes. Les constellations sont propos\u00e9es en groupe ou en s\u00e9ance individuelle. En groupe, il est possible de repr\u00e9senter ensemble des syst\u00e8mes plus complexes. Il est possible de voir son propre sujet d&rsquo;abord en s\u00e9ance individuelle et ensuite en groupe. Dans les deux cas, la vie priv\u00e9e est pr\u00e9serv\u00e9e. Il n&rsquo;y a pas de probl\u00e8me qui n&rsquo;ait pas le droit d&rsquo;\u00eatre examin\u00e9 et r\u00e9solu.    \t\t\t\t\t\t\t\t<\/div>\n\t\t\t\t<\/div>\n\t\t\t\t\t<\/div>\n\t\t\t\t<\/div>\n\t\t<div class=\"elementor-element elementor-element-2bbc1fea e-flex e-con-boxed e-con e-parent\" data-id=\"2bbc1fea\" data-element_type=\"container\" data-e-type=\"container\">\n\t\t\t\t\t<div class=\"e-con-inner\">\n\t\t\t\t<div class=\"elementor-element elementor-element-382de1a9 elementor-widget elementor-widget-heading\" data-id=\"382de1a9\" data-element_type=\"widget\" data-e-type=\"widget\" data-widget_type=\"heading.default\">\n\t\t\t\t<div class=\"elementor-widget-container\">\n\t\t\t\t\t<h5 class=\"elementor-heading-title elementor-size-default\">Pourquoi les constellations fonctionnent-elles ?<\/h5>\t\t\t\t<\/div>\n\t\t\t\t<\/div>\n\t\t\t\t<div class=\"elementor-element elementor-element-1a1c3896 elementor-widget elementor-widget-text-editor\" data-id=\"1a1c3896\" data-element_type=\"widget\" data-e-type=\"widget\" data-widget_type=\"text-editor.default\">\n\t\t\t\t<div class=\"elementor-widget-container\">\n\t\t\t\t\t\t\t\t\t<p>Il est prouv\u00e9 que l&rsquo;ext\u00e9riorit\u00e9 peut \u00eatre transmise de g\u00e9n\u00e9ration en g\u00e9n\u00e9ration. Aujourd&rsquo;hui, la psycho-\u00e9pig\u00e9n\u00e9tique sait que les \u00e9v\u00e9nements \u00e9motionnels (traumatismes) se transmettent de g\u00e9n\u00e9ration en g\u00e9n\u00e9ration. Les \u00e9v\u00e9nements qui ont affect\u00e9 la m\u00e8re pendant la grossesse affectent \u00e9galement les enfants. Il en va de m\u00eame pour les \u00e9v\u00e9nements n\u00e9gatifs de l&rsquo;enfance, comme la violence physique et psychologique, les abus sexuels ou d&rsquo;autres chocs.&nbsp;Chacun d&rsquo;entre nous porte en lui quelque chose qui peut lui peser. Ce n&rsquo;est pas parce que l&rsquo;on ne regarde pas que cela dispara\u00eet.      &nbsp;<\/p>\n<p>Dans le <strong>groupe du soir<\/strong> que nous proposons une fois par mois, nous disposons de 3 heures pour nous consacrer aux sujets que vous apportez. Les sujets peuvent concerner la maladie, les relations, la famille, le travail ou la prise de d\u00e9cision. Si vous souhaitez simplement d\u00e9couvrir le travail, vous pouvez participer par procuration, ce qui est \u00e9galement tr\u00e8s \u00e9mouvant et salutaire. On sous-estime souvent le fait que derri\u00e8re les maladies ou sympt\u00f4mes r\u00e9currents &nbsp;se cache un tout autre niveau. La gu\u00e9rison du corps est toujours li\u00e9e \u00e0 la gu\u00e9rison des \u00ab\u00a0blessures psychologiques\u00a0\u00bb. Lors d&rsquo;un <strong>atelier d&rsquo;une journ\u00e9e<\/strong>, nous avons plus de temps pour nous consacrer \u00e0 ces th\u00e8mes. Il faut parfois plus de temps pour examiner les sujets et aller plus loin. Le d\u00e9roulement est toutefois identique \u00e0 celui des groupes du soir.       &nbsp;<\/p>\n<p>Aucune condition particuli\u00e8re n&rsquo;est requise. Il n&rsquo;y a pas de jugement de valeur dans le groupe, et il n&rsquo;est pas n\u00e9cessaire de r\u00e9v\u00e9ler ce dont il est question en d\u00e9tail. Les sujets que nous abordons restent dans la salle. Si vous avez des questions, n&rsquo;h\u00e9sitez pas \u00e0 nous contacter.     <a href=\"https:\/\/systemicworks.ch\"><strong>POUR EN SAVOIR PLUS SUR LA M\u00c9THODE, CLIQUEZ ICI  &nbsp; &nbsp;<\/strong><\/a><\/p>\t\t\t\t\t\t\t\t<\/div>\n\t\t\t\t<\/div>\n\t\t\t\t<div class=\"elementor-element elementor-element-df1919f elementor-widget-divider--view-line elementor-widget elementor-widget-divider\" data-id=\"df1919f\" data-element_type=\"widget\" data-e-type=\"widget\" data-widget_type=\"divider.default\">\n\t\t\t\t<div class=\"elementor-widget-container\">\n\t\t\t\t\t\t\t<div class=\"elementor-divider\">\n\t\t\t<span class=\"elementor-divider-separator\">\n\t\t\t\t\t\t<\/span>\n\t\t<\/div>\n\t\t\t\t\t\t<\/div>\n\t\t\t\t<\/div>\n\t\t\t\t\t<\/div>\n\t\t\t\t<\/div>\n\t\t<div class=\"elementor-element elementor-element-72124a69 e-flex e-con-boxed e-con e-parent\" data-id=\"72124a69\" data-element_type=\"container\" data-e-type=\"container\">\n\t\t\t\t\t<div class=\"e-con-inner\">\n\t\t<div class=\"elementor-element elementor-element-4829dd66 e-con-full e-flex e-con e-child\" data-id=\"4829dd66\" data-element_type=\"container\" data-e-type=\"container\">\n\t\t\t\t<div class=\"elementor-element elementor-element-2a7aafcb elementor-widget elementor-widget-heading\" data-id=\"2a7aafcb\" data-element_type=\"widget\" data-e-type=\"widget\" data-widget_type=\"heading.default\">\n\t\t\t\t<div class=\"elementor-widget-container\">\n\t\t\t\t\t<h6 class=\"elementor-heading-title elementor-size-default\">Date\/heure<\/h6>\t\t\t\t<\/div>\n\t\t\t\t<\/div>\n\t\t\t\t<div class=\"elementor-element elementor-element-69ec4f6 elementor-icon-list--layout-traditional elementor-list-item-link-full_width elementor-widget elementor-widget-icon-list\" data-id=\"69ec4f6\" data-element_type=\"widget\" data-e-type=\"widget\" data-widget_type=\"icon-list.default\">\n\t\t\t\t<div class=\"elementor-widget-container\">\n\t\t\t\t\t\t\t<ul class=\"elementor-icon-list-items\">\n\t\t\t\t\t\t\t<li class=\"elementor-icon-list-item\">\n\t\t\t\t\t\t\t\t\t\t\t<span class=\"elementor-icon-list-icon\">\n\t\t\t\t\t\t\t<i aria-hidden=\"true\" class=\"far fa-clock\"><\/i>\t\t\t\t\t\t<\/span>\n\t\t\t\t\t\t\t\t\t\t<span class=\"elementor-icon-list-text\">Samedi 01\/05\/2025 9:30 \u00e0 16.30<\/span>\n\t\t\t\t\t\t\t\t\t<\/li>\n\t\t\t\t\t\t\t\t<li class=\"elementor-icon-list-item\">\n\t\t\t\t\t\t\t\t\t\t\t<span class=\"elementor-icon-list-icon\">\n\t\t\t\t\t\t\t<i aria-hidden=\"true\" class=\"far fa-clock\"><\/i>\t\t\t\t\t\t<\/span>\n\t\t\t\t\t\t\t\t\t\t<span class=\"elementor-icon-list-text\">Mercredi 19\/03\/25 18:15 \u00e0 21:15 heures<\/span>\n\t\t\t\t\t\t\t\t\t<\/li>\n\t\t\t\t\t\t\t\t<li class=\"elementor-icon-list-item\">\n\t\t\t\t\t\t\t\t\t\t\t<span class=\"elementor-icon-list-icon\">\n\t\t\t\t\t\t\t<i aria-hidden=\"true\" class=\"far fa-clock\"><\/i>\t\t\t\t\t\t<\/span>\n\t\t\t\t\t\t\t\t\t\t<span class=\"elementor-icon-list-text\">Samedi 26\/04\/25 de 09:30 \u00e0 16h30<\/span>\n\t\t\t\t\t\t\t\t\t<\/li>\n\t\t\t\t\t\t\t\t<li class=\"elementor-icon-list-item\">\n\t\t\t\t\t\t\t\t\t\t\t<span class=\"elementor-icon-list-icon\">\n\t\t\t\t\t\t\t<i aria-hidden=\"true\" class=\"far fa-clock\"><\/i>\t\t\t\t\t\t<\/span>\n\t\t\t\t\t\t\t\t\t\t<span class=\"elementor-icon-list-text\">Mercredi 28\/05\/25 18:15 \u00e0 21:15 heures<\/span>\n\t\t\t\t\t\t\t\t\t<\/li>\n\t\t\t\t\t\t\t\t<li class=\"elementor-icon-list-item\">\n\t\t\t\t\t\t\t\t\t\t\t<span class=\"elementor-icon-list-icon\">\n\t\t\t\t\t\t\t<i aria-hidden=\"true\" class=\"far fa-clock\"><\/i>\t\t\t\t\t\t<\/span>\n\t\t\t\t\t\t\t\t\t\t<span class=\"elementor-icon-list-text\">Mercredi, 02.07.25 - 18:15 bis 21:15 Uhr<\/span>\n\t\t\t\t\t\t\t\t\t<\/li>\n\t\t\t\t\t\t<\/ul>\n\t\t\t\t\t\t<\/div>\n\t\t\t\t<\/div>\n\t\t\t\t<div class=\"elementor-element elementor-element-46b25607 elementor-widget elementor-widget-text-editor\" data-id=\"46b25607\" data-element_type=\"widget\" data-e-type=\"widget\" data-widget_type=\"text-editor.default\">\n\t\t\t\t<div class=\"elementor-widget-container\">\n\t\t\t\t\t\t\t\t\t<p><a href=\"https:\/\/systemicworks.ch\/termine\/\"><strong>Vous trouverez l&rsquo;inscription et plus d&rsquo;informations ICI  <\/strong><\/a><\/p>\n\t\t\t\t\t\t\t\t<\/div>\n\t\t\t\t<\/div>\n\t\t\t\t<div class=\"elementor-element elementor-element-d7bc3d1 elementor-widget elementor-widget-heading\" data-id=\"d7bc3d1\" data-element_type=\"widget\" data-e-type=\"widget\" data-widget_type=\"heading.default\">\n\t\t\t\t<div class=\"elementor-widget-container\">\n\t\t\t\t\t<h6 class=\"elementor-heading-title elementor-size-default\">Contact<\/h6>\t\t\t\t<\/div>\n\t\t\t\t<\/div>\n\t\t\t\t<div class=\"elementor-element elementor-element-bcfc582 elementor-widget elementor-widget-text-editor\" data-id=\"bcfc582\" data-element_type=\"widget\" data-e-type=\"widget\" data-widget_type=\"text-editor.default\">\n\t\t\t\t<div class=\"elementor-widget-container\">\n\t\t\t\t\t\t\t\t\tMichael Schulz<\/br> kontakt@systemicworks.ch<\/br> T\u00e9l. : 079 89 89 175\t\t\t\t\t\t\t\t<\/div>\n\t\t\t\t<\/div>\n\t\t\t\t<\/div>\n\t\t<div class=\"elementor-element elementor-element-155ab801 e-con-full e-flex e-con e-child\" data-id=\"155ab801\" data-element_type=\"container\" data-e-type=\"container\">\n\t\t\t\t<div class=\"elementor-element elementor-element-66a02565 elementor-widget elementor-widget-heading\" data-id=\"66a02565\" data-element_type=\"widget\" data-e-type=\"widget\" data-widget_type=\"heading.default\">\n\t\t\t\t<div class=\"elementor-widget-container\">\n\t\t\t\t\t<h6 class=\"elementor-heading-title elementor-size-default\">Tarifs<\/h6>\t\t\t\t<\/div>\n\t\t\t\t<\/div>\n\t\t\t\t<div class=\"elementor-element elementor-element-4b844f2 elementor-widget elementor-widget-text-editor\" data-id=\"4b844f2\" data-element_type=\"widget\" data-e-type=\"widget\" data-widget_type=\"text-editor.default\">\n\t\t\t\t<div class=\"elementor-widget-container\">\n\t\t\t\t\t\t\t\t\t<p>Groupe du soir<\/p>\n\t\t\t\t\t\t\t\t<\/div>\n\t\t\t\t<\/div>\n\t\t\t\t<div class=\"elementor-element elementor-element-30d31423 elementor-widget elementor-widget-text-editor\" data-id=\"30d31423\" data-element_type=\"widget\" data-e-type=\"widget\" data-widget_type=\"text-editor.default\">\n\t\t\t\t<div class=\"elementor-widget-container\">\n\t\t\t\t\t\t\t\t\t<p><span style=\"text-align: var(--text-align); font-family: var( --e-global-typography-text-font-family ), Sans-serif; font-size: var( --e-global-typography-text-font-size );\">Participation comme suppl\u00e9ant\/avec son propre th\u00e8me&#8230;&#8230;&#8230;&#8230;&#8230;&#8230;&#8230;&#8230;&#8230;&#8230;&#8230;&#8230;&#8230;&#8230;&#8230;&#8230;&#8230;&#8230;&#8230;&#8230;<strong>40 CHF<\/strong><\/span><\/p>\n\t\t\t\t\t\t\t\t<\/div>\n\t\t\t\t<\/div>\n\t\t\t\t<div class=\"elementor-element elementor-element-9927244 elementor-widget elementor-widget-text-editor\" data-id=\"9927244\" data-element_type=\"widget\" data-e-type=\"widget\" data-widget_type=\"text-editor.default\">\n\t\t\t\t<div class=\"elementor-widget-container\">\n\t\t\t\t\t\t\t\t\t<p>S\u00e9minaire d&rsquo;une journ\u00e9e<\/p>\n\t\t\t\t\t\t\t\t<\/div>\n\t\t\t\t<\/div>\n\t\t\t\t<div class=\"elementor-element elementor-element-c6bdc7b elementor-widget elementor-widget-text-editor\" data-id=\"c6bdc7b\" data-element_type=\"widget\" data-e-type=\"widget\" data-widget_type=\"text-editor.default\">\n\t\t\t\t<div class=\"elementor-widget-container\">\n\t\t\t\t\t\t\t\t\t<p>Participation comme suppl\u00e9ant&#8230;&#8230;&#8230;&#8230;&#8230;<strong>40 CHF<\/strong><br \/>Participation avec son propre th\u00e8me&#8230;&#8230;<strong>120 CHF<\/strong><\/p>\n\t\t\t\t\t\t\t\t<\/div>\n\t\t\t\t<\/div>\n\t\t\t\t<\/div>\n\t\t<div class=\"elementor-element elementor-element-e4e4e13 e-con-full e-flex e-con e-child\" data-id=\"e4e4e13\" data-element_type=\"container\" data-e-type=\"container\">\n\t\t\t\t<div class=\"elementor-element elementor-element-6e019dd5 elementor-widget elementor-widget-heading\" data-id=\"6e019dd5\" data-element_type=\"widget\" data-e-type=\"widget\" data-widget_type=\"heading.default\">\n\t\t\t\t<div class=\"elementor-widget-container\">\n\t\t\t\t\t<h6 class=\"elementor-heading-title elementor-size-default\">Lieu<\/h6>\t\t\t\t<\/div>\n\t\t\t\t<\/div>\n\t\t\t\t<div class=\"elementor-element elementor-element-1a99bc8b elementor-widget elementor-widget-text-editor\" data-id=\"1a99bc8b\" data-element_type=\"widget\" data-e-type=\"widget\" data-widget_type=\"text-editor.default\">\n\t\t\t\t<div class=\"elementor-widget-container\">\n\t\t\t\t\t\t\t\t\t<p>TCM Praxis Laminet \u00e0 Biel\/Bienne, <br \/>Rue de Nidau 28, au 3e \u00e9tage. <\/p>\n\t\t\t\t\t\t\t\t<\/div>\n\t\t\t\t<\/div>\n\t\t\t\t<div class=\"elementor-element elementor-element-186a5443 elementor-widget elementor-widget-google_maps\" data-id=\"186a5443\" data-element_type=\"widget\" data-e-type=\"widget\" data-widget_type=\"google_maps.default\">\n\t\t\t\t<div class=\"elementor-widget-container\">\n\t\t\t\t\t\t\t<div class=\"elementor-custom-embed\">\n\t\t\t<iframe loading=\"lazy\"\n\t\t\t\t\tsrc=\"https:\/\/maps.google.com\/maps?q=Nidausgasse%2028%2C%20Biel%2C%20Schweiz&#038;t=m&#038;z=13&#038;output=embed&#038;iwloc=near\"\n\t\t\t\t\ttitle=\"Nidausgasse 28, Biel, Schweiz\"\n\t\t\t\t\taria-label=\"Nidausgasse 28, Biel, Schweiz\"\n\t\t\t><\/iframe>\n\t\t<\/div>\n\t\t\t\t\t\t<\/div>\n\t\t\t\t<\/div>\n\t\t\t\t<\/div>\n\t\t\t\t\t<\/div>\n\t\t\t\t<\/div>\n\t\t<div class=\"elementor-element elementor-element-461939f0 e-flex e-con-boxed e-con e-parent\" data-id=\"461939f0\" data-element_type=\"container\" data-e-type=\"container\">\n\t\t\t\t\t<div class=\"e-con-inner\">\n\t\t\t\t<div class=\"elementor-element elementor-element-506fa3ec elementor-widget elementor-widget-button\" data-id=\"506fa3ec\" data-element_type=\"widget\" data-e-type=\"widget\" data-widget_type=\"button.default\">\n\t\t\t\t<div class=\"elementor-widget-container\">\n\t\t\t\t\t\t\t\t\t<div class=\"elementor-button-wrapper\">\n\t\t\t\t\t<a class=\"elementor-button elementor-button-link elementor-size-sm\" href=\"https:\/\/www.laminet.ch\/fr\/offres\/\">\n\t\t\t\t\t\t<span class=\"elementor-button-content-wrapper\">\n\t\t\t\t\t\t<span class=\"elementor-button-icon\">\n\t\t\t\t<i aria-hidden=\"true\" class=\"far fa-arrow-alt-circle-left\"><\/i>\t\t\t<\/span>\n\t\t\t\t\t\t\t\t\t<span class=\"elementor-button-text\">Retour \u00e0 Offres<\/span>\n\t\t\t\t\t<\/span>\n\t\t\t\t\t<\/a>\n\t\t\t\t<\/div>\n\t\t\t\t\t\t\t\t<\/div>\n\t\t\t\t<\/div>\n\t\t\t\t\t<\/div>\n\t\t\t\t<\/div>\n\t\t\t\t<\/div>\n\t\t","protected":false},"excerpt":{"rendered":"<p>Constellations familiales Le travail de constellation syst\u00e9mique nous aide \u00e0 en savoir plus sur nous-m\u00eames. Qu&rsquo;est-ce qui nous emp\u00eache d&rsquo;aller plus loin dans la vie ? Cette m\u00e9thode th\u00e9rapeutique n&rsquo;est pas n\u00e9cessairement li\u00e9e \u00e0 la famille. Elle vise \u00e0 mettre en \u00e9vidence et \u00e0 comprendre les structures et dynamiques inconscientes qui influencent n\u00e9gativement notre vie [&hellip;]<\/p>\n","protected":false},"author":4,"featured_media":0,"parent":0,"menu_order":0,"comment_status":"closed","ping_status":"closed","template":"","meta":{"footnotes":""},"class_list":["post-5500","page","type-page","status-publish","hentry"],"_links":{"self":[{"href":"https:\/\/www.laminet.ch\/fr\/wp-json\/wp\/v2\/pages\/5500","targetHints":{"allow":["GET"]}}],"collection":[{"href":"https:\/\/www.laminet.ch\/fr\/wp-json\/wp\/v2\/pages"}],"about":[{"href":"https:\/\/www.laminet.ch\/fr\/wp-json\/wp\/v2\/types\/page"}],"author":[{"embeddable":true,"href":"https:\/\/www.laminet.ch\/fr\/wp-json\/wp\/v2\/users\/4"}],"replies":[{"embeddable":true,"href":"https:\/\/www.laminet.ch\/fr\/wp-json\/wp\/v2\/comments?post=5500"}],"version-history":[{"count":11,"href":"https:\/\/www.laminet.ch\/fr\/wp-json\/wp\/v2\/pages\/5500\/revisions"}],"predecessor-version":[{"id":6318,"href":"https:\/\/www.laminet.ch\/fr\/wp-json\/wp\/v2\/pages\/5500\/revisions\/6318"}],"wp:attachment":[{"href":"https:\/\/www.laminet.ch\/fr\/wp-json\/wp\/v2\/media?parent=5500"}],"curies":[{"name":"wp","href":"https:\/\/api.w.org\/{rel}","templated":true}]}}