{"id":5498,"date":"2024-11-29T16:36:43","date_gmt":"2024-11-29T15:36:43","guid":{"rendered":"https:\/\/www.laminet.ch\/coaching-nutritionnel\/"},"modified":"2025-10-21T19:47:38","modified_gmt":"2025-10-21T17:47:38","slug":"coaching-nutritionnel","status":"publish","type":"page","link":"https:\/\/www.laminet.ch\/fr\/coaching-nutritionnel\/","title":{"rendered":"Coaching nutritionnel"},"content":{"rendered":"\t\t<div data-elementor-type=\"wp-page\" data-elementor-id=\"5498\" class=\"elementor elementor-5498 elementor-4247\" data-elementor-post-type=\"page\">\n\t\t\t\t<div class=\"elementor-element elementor-element-268e38a9 e-flex e-con-boxed e-con e-parent\" data-id=\"268e38a9\" data-element_type=\"container\" data-e-type=\"container\">\n\t\t\t\t\t<div class=\"e-con-inner\">\n\t\t\t\t<div class=\"elementor-element elementor-element-3ae29816 elementor-widget elementor-widget-spacer\" data-id=\"3ae29816\" data-element_type=\"widget\" data-e-type=\"widget\" data-widget_type=\"spacer.default\">\n\t\t\t\t<div class=\"elementor-widget-container\">\n\t\t\t\t\t\t\t<div class=\"elementor-spacer\">\n\t\t\t<div class=\"elementor-spacer-inner\"><\/div>\n\t\t<\/div>\n\t\t\t\t\t\t<\/div>\n\t\t\t\t<\/div>\n\t\t\t\t\t<\/div>\n\t\t\t\t<\/div>\n\t\t<div class=\"elementor-element elementor-element-fcb6363 e-flex e-con-boxed e-con e-parent\" data-id=\"fcb6363\" data-element_type=\"container\" data-e-type=\"container\">\n\t\t\t\t\t<div class=\"e-con-inner\">\n\t\t\t\t<div class=\"elementor-element elementor-element-17beb0b6 elementor-widget elementor-widget-heading\" data-id=\"17beb0b6\" data-element_type=\"widget\" data-e-type=\"widget\" data-widget_type=\"heading.default\">\n\t\t\t\t<div class=\"elementor-widget-container\">\n\t\t\t\t\t<h4 class=\"elementor-heading-title elementor-size-default\">Coaching nutritionnel \u00e0 point<\/h4>\t\t\t\t<\/div>\n\t\t\t\t<\/div>\n\t\t\t\t<div class=\"elementor-element elementor-element-28d5227 elementor-widget__width-inherit elementor-widget elementor-widget-heading\" data-id=\"28d5227\" data-element_type=\"widget\" data-e-type=\"widget\" data-widget_type=\"heading.default\">\n\t\t\t\t<div class=\"elementor-widget-container\">\n\t\t\t\t\t<h6 class=\"elementor-heading-title elementor-size-default\">Conseils nutritionnels en bref<\/h6>\t\t\t\t<\/div>\n\t\t\t\t<\/div>\n\t\t\t\t<div class=\"elementor-element elementor-element-13fa7c57 elementor-widget__width-inherit elementor-widget elementor-widget-text-editor\" data-id=\"13fa7c57\" data-element_type=\"widget\" data-e-type=\"widget\" data-widget_type=\"text-editor.default\">\n\t\t\t\t<div class=\"elementor-widget-container\">\n\t\t\t\t\t\t\t\t\t<img decoding=\"async\" class=\"size-medium wp-image-3646 alignright\" style=\"margin-left: 20px; margin-bottom: 10px; border-radius: 15px;\" src=\"https:\/\/www.laminet.ch\/wp-content\/uploads\/2024\/06\/Ernaehrung-300x225.png\" alt=\"\" width=\"500\" srcset=\"https:\/\/www.laminet.ch\/wp-content\/uploads\/2024\/06\/Ernaehrung-300x225.png 300w, https:\/\/www.laminet.ch\/wp-content\/uploads\/2024\/06\/Ernaehrung-768x576.png 768w, https:\/\/www.laminet.ch\/wp-content\/uploads\/2024\/06\/Ernaehrung.png 800w\" sizes=\"(max-width: 300px) 100vw, 300px\" \/>Un petit effort, mais un impact maximal. Je vous montre des moyens d&rsquo;utiliser au mieux les ressources existantes et de les mettre pour ainsi dire au point. Votre alimentation joue un r\u00f4le tr\u00e8s important pour votre bien-\u00eatre, qui est au centre de mes pr\u00e9occupations. Ensemble, nous d\u00e9finissons ce qui est important pour vous et surtout ce qui peut \u00eatre mis en \u0153uvre, en fonction de vos besoins et de votre situation.\n<div>Nous enregistrons vos habitudes, mettons en \u00e9vidence le r\u00e9gime alimentaire qui vous convient le mieux et faisons de vous un expert en la mati\u00e8re. Personne d&rsquo;autre que vous et votre corps ne sait mieux ce qui est bon pour vous et ce qui ne l&rsquo;est pas. Avec l&rsquo;alimentation int\u00e9grative, nous prenons en compte le corps et l&rsquo;esprit pour que vous vous sentiez bien dans votre int\u00e9gralit\u00e9. Pour une bonne intuition. En effet, l&rsquo;alimentation influence \u00e9galement notre humeur. Notre collaboration doit \u00eatre savoureuse, car manger et boire sont notre \u00e9lixir de vie. Il n&rsquo;y a (presque) pas d&rsquo;interdictions chez moi, tout ce qui vous pla\u00eet est permis, simplement en masse. L&rsquo;objectif est  <span style=\"text-align: var(--text-align); font-family: var( --e-global-typography-text-font-family ), Sans-serif; font-size: var( --e-global-typography-text-font-size );\">que vous sachiez quels aliments agissent sur votre corps et comment ils agissent, et que vous reconnaissiez ce qui est bon pour votre corps et votre esprit et ce qui ne l&rsquo;est pas. Gr\u00e2ce \u00e0 des informations cibl\u00e9es, vous pouvez, apr\u00e8s ma consultation, am\u00e9liorer votre bien-\u00eatre de mani\u00e8re autonome.<\/span><\/div>\n<div>\n\nLes conseils nutritionnels int\u00e9gratifs sont exempts de dogmes, ils sont adapt\u00e9s \u00e0 chaque type et peuvent \u00eatre mis en \u0153uvre de mani\u00e8re durable. L&rsquo;objectif est de vous permettre de reconna\u00eetre de mani\u00e8re autonome ce qui est bon pour votre corps et ce qui ne l&rsquo;est pas.\n\n<\/div>\t\t\t\t\t\t\t\t<\/div>\n\t\t\t\t<\/div>\n\t\t\t\t\t<\/div>\n\t\t\t\t<\/div>\n\t\t<div class=\"elementor-element elementor-element-98318da e-flex e-con-boxed e-con e-parent\" data-id=\"98318da\" data-element_type=\"container\" data-e-type=\"container\">\n\t\t\t\t\t<div class=\"e-con-inner\">\n\t\t\t\t<div class=\"elementor-element elementor-element-323dd75 elementor-widget elementor-widget-heading\" data-id=\"323dd75\" data-element_type=\"widget\" data-e-type=\"widget\" data-widget_type=\"heading.default\">\n\t\t\t\t<div class=\"elementor-widget-container\">\n\t\t\t\t\t<h5 class=\"elementor-heading-title elementor-size-default\">Un petit effort - un impact maximal<\/h5>\t\t\t\t<\/div>\n\t\t\t\t<\/div>\n\t\t\t\t<div class=\"elementor-element elementor-element-c645be1 elementor-widget elementor-widget-text-editor\" data-id=\"c645be1\" data-element_type=\"widget\" data-e-type=\"widget\" data-widget_type=\"text-editor.default\">\n\t\t\t\t<div class=\"elementor-widget-container\">\n\t\t\t\t\t\t\t\t\t<p>La nutrition int\u00e9grative comble une lacune en synth\u00e9tisant les connaissances nutritionnelles pertinentes et en les mettant en perspective. L&rsquo;approche holistique et int\u00e9grative acc\u00e9l\u00e8re les r\u00e9sultats th\u00e9rapeutiques gr\u00e2ce \u00e0 un suivi individuel qui vous prend l\u00e0 o\u00f9 vous en \u00eates. L&rsquo;objectif g\u00e9n\u00e9ral est d&rsquo;am\u00e9liorer l&rsquo;absorption des nutriments et de corriger les d\u00e9s\u00e9quilibres existants. Souvent, cela permet d&rsquo;aplanir les difficult\u00e9s quotidiennes et de r\u00e9ussir \u00e0 changer ses habitudes.&nbsp;<\/p>\t\t\t\t\t\t\t\t<\/div>\n\t\t\t\t<\/div>\n\t\t\t\t<div class=\"elementor-element elementor-element-6a78323 elementor-widget-divider--view-line elementor-widget elementor-widget-divider\" data-id=\"6a78323\" data-element_type=\"widget\" data-e-type=\"widget\" data-widget_type=\"divider.default\">\n\t\t\t\t<div class=\"elementor-widget-container\">\n\t\t\t\t\t\t\t<div class=\"elementor-divider\">\n\t\t\t<span class=\"elementor-divider-separator\">\n\t\t\t\t\t\t<\/span>\n\t\t<\/div>\n\t\t\t\t\t\t<\/div>\n\t\t\t\t<\/div>\n\t\t\t\t\t<\/div>\n\t\t\t\t<\/div>\n\t\t<div class=\"elementor-element elementor-element-5d9709d6 e-flex e-con-boxed e-con e-parent\" data-id=\"5d9709d6\" data-element_type=\"container\" data-e-type=\"container\">\n\t\t\t\t\t<div class=\"e-con-inner\">\n\t\t<div class=\"elementor-element elementor-element-4740a894 e-con-full e-flex e-con e-child\" data-id=\"4740a894\" data-element_type=\"container\" data-e-type=\"container\">\n\t\t\t\t<div class=\"elementor-element elementor-element-4242a552 elementor-widget elementor-widget-heading\" data-id=\"4242a552\" data-element_type=\"widget\" data-e-type=\"widget\" data-widget_type=\"heading.default\">\n\t\t\t\t<div class=\"elementor-widget-container\">\n\t\t\t\t\t<h6 class=\"elementor-heading-title elementor-size-default\">Date\/heure<\/h6>\t\t\t\t<\/div>\n\t\t\t\t<\/div>\n\t\t\t\t<div class=\"elementor-element elementor-element-38768715 elementor-widget elementor-widget-text-editor\" data-id=\"38768715\" data-element_type=\"widget\" data-e-type=\"widget\" data-widget_type=\"text-editor.default\">\n\t\t\t\t<div class=\"elementor-widget-container\">\n\t\t\t\t\t\t\t\t\t<p>Lorem ipsum dolor sit amet, consectetur adipiscing elit. Ut elit tellus, luctus nec ullamcorper mattis, pulvinar dapibus leo.<\/p>\t\t\t\t\t\t\t\t<\/div>\n\t\t\t\t<\/div>\n\t\t\t\t<div class=\"elementor-element elementor-element-6a88e6f4 elementor-widget elementor-widget-heading\" data-id=\"6a88e6f4\" data-element_type=\"widget\" data-e-type=\"widget\" data-widget_type=\"heading.default\">\n\t\t\t\t<div class=\"elementor-widget-container\">\n\t\t\t\t\t<h6 class=\"elementor-heading-title elementor-size-default\">Contact<\/h6>\t\t\t\t<\/div>\n\t\t\t\t<\/div>\n\t\t\t\t<div class=\"elementor-element elementor-element-45302eb7 elementor-widget elementor-widget-text-editor\" data-id=\"45302eb7\" data-element_type=\"widget\" data-e-type=\"widget\" data-widget_type=\"text-editor.default\">\n\t\t\t\t<div class=\"elementor-widget-container\">\n\t\t\t\t\t\t\t\t\t<p>Lorem ipsum dolor sit amet, consectetur adipiscing elit. Ut elit tellus, luctus nec ullamcorper mattis, pulvinar dapibus leo.<\/p>\t\t\t\t\t\t\t\t<\/div>\n\t\t\t\t<\/div>\n\t\t\t\t<\/div>\n\t\t<div class=\"elementor-element elementor-element-c9873a5 e-con-full e-flex e-con e-child\" data-id=\"c9873a5\" data-element_type=\"container\" data-e-type=\"container\">\n\t\t\t\t<div class=\"elementor-element elementor-element-668341be elementor-widget elementor-widget-heading\" data-id=\"668341be\" data-element_type=\"widget\" data-e-type=\"widget\" data-widget_type=\"heading.default\">\n\t\t\t\t<div class=\"elementor-widget-container\">\n\t\t\t\t\t<h6 class=\"elementor-heading-title elementor-size-default\">Tarifs<\/h6>\t\t\t\t<\/div>\n\t\t\t\t<\/div>\n\t\t\t\t<div class=\"elementor-element elementor-element-79babebb elementor-widget elementor-widget-text-editor\" data-id=\"79babebb\" data-element_type=\"widget\" data-e-type=\"widget\" data-widget_type=\"text-editor.default\">\n\t\t\t\t<div class=\"elementor-widget-container\">\n\t\t\t\t\t\t\t\t\t<p>Lorem ipsum dolor sit amet, consectetur adipiscing elit. Ut elit tellus, luctus nec ullamcorper mattis, pulvinar dapibus leo.<\/p>\t\t\t\t\t\t\t\t<\/div>\n\t\t\t\t<\/div>\n\t\t\t\t<\/div>\n\t\t<div class=\"elementor-element elementor-element-9d5200f e-con-full e-flex e-con e-child\" data-id=\"9d5200f\" data-element_type=\"container\" data-e-type=\"container\">\n\t\t\t\t<div class=\"elementor-element elementor-element-5f638bcf elementor-widget elementor-widget-heading\" data-id=\"5f638bcf\" data-element_type=\"widget\" data-e-type=\"widget\" data-widget_type=\"heading.default\">\n\t\t\t\t<div class=\"elementor-widget-container\">\n\t\t\t\t\t<h6 class=\"elementor-heading-title elementor-size-default\">Lieu<\/h6>\t\t\t\t<\/div>\n\t\t\t\t<\/div>\n\t\t\t\t<div class=\"elementor-element elementor-element-4338bada elementor-widget elementor-widget-text-editor\" data-id=\"4338bada\" data-element_type=\"widget\" data-e-type=\"widget\" data-widget_type=\"text-editor.default\">\n\t\t\t\t<div class=\"elementor-widget-container\">\n\t\t\t\t\t\t\t\t\t<p>Lorem ipsum dolor sit amet, consectetur adipiscing elit. Ut elit tellus, luctus nec ullamcorper mattis, pulvinar dapibus leo.<\/p>\t\t\t\t\t\t\t\t<\/div>\n\t\t\t\t<\/div>\n\t\t\t\t<div class=\"elementor-element elementor-element-48bb1dac elementor-widget elementor-widget-google_maps\" data-id=\"48bb1dac\" data-element_type=\"widget\" data-e-type=\"widget\" data-widget_type=\"google_maps.default\">\n\t\t\t\t<div class=\"elementor-widget-container\">\n\t\t\t\t\t\t\t<div class=\"elementor-custom-embed\">\n\t\t\t<iframe loading=\"lazy\"\n\t\t\t\t\tsrc=\"https:\/\/maps.google.com\/maps?q=Nidaugasse%2028%2C%20Biel&#038;t=m&#038;z=10&#038;output=embed&#038;iwloc=near\"\n\t\t\t\t\ttitle=\"Nidaugasse 28, Biel\"\n\t\t\t\t\taria-label=\"Nidaugasse 28, Biel\"\n\t\t\t><\/iframe>\n\t\t<\/div>\n\t\t\t\t\t\t<\/div>\n\t\t\t\t<\/div>\n\t\t\t\t<\/div>\n\t\t\t\t\t<\/div>\n\t\t\t\t<\/div>\n\t\t<div class=\"elementor-element elementor-element-695dd656 e-flex e-con-boxed e-con e-parent\" data-id=\"695dd656\" data-element_type=\"container\" data-e-type=\"container\">\n\t\t\t\t\t<div class=\"e-con-inner\">\n\t\t\t\t<div class=\"elementor-element elementor-element-3e517d53 elementor-widget elementor-widget-button\" data-id=\"3e517d53\" data-element_type=\"widget\" data-e-type=\"widget\" data-widget_type=\"button.default\">\n\t\t\t\t<div class=\"elementor-widget-container\">\n\t\t\t\t\t\t\t\t\t<div class=\"elementor-button-wrapper\">\n\t\t\t\t\t<a class=\"elementor-button elementor-button-link elementor-size-sm\" href=\"#\">\n\t\t\t\t\t\t<span class=\"elementor-button-content-wrapper\">\n\t\t\t\t\t\t\t\t\t<span class=\"elementor-button-text\">Vers l'inscription<\/span>\n\t\t\t\t\t<\/span>\n\t\t\t\t\t<\/a>\n\t\t\t\t<\/div>\n\t\t\t\t\t\t\t\t<\/div>\n\t\t\t\t<\/div>\n\t\t\t\t\t<\/div>\n\t\t\t\t<\/div>\n\t\t\t\t<\/div>\n\t\t","protected":false},"excerpt":{"rendered":"<p>Coaching nutritionnel \u00e0 point Conseils nutritionnels en bref Un petit effort, mais un impact maximal. Je vous montre des moyens d&rsquo;utiliser au mieux les ressources existantes et de les mettre pour ainsi dire au point. Votre alimentation joue un r\u00f4le tr\u00e8s important pour votre bien-\u00eatre, qui est au centre de mes pr\u00e9occupations. Ensemble, nous d\u00e9finissons [&hellip;]<\/p>\n","protected":false},"author":4,"featured_media":0,"parent":0,"menu_order":0,"comment_status":"closed","ping_status":"closed","template":"","meta":{"footnotes":""},"class_list":["post-5498","page","type-page","status-publish","hentry"],"_links":{"self":[{"href":"https:\/\/www.laminet.ch\/fr\/wp-json\/wp\/v2\/pages\/5498","targetHints":{"allow":["GET"]}}],"collection":[{"href":"https:\/\/www.laminet.ch\/fr\/wp-json\/wp\/v2\/pages"}],"about":[{"href":"https:\/\/www.laminet.ch\/fr\/wp-json\/wp\/v2\/types\/page"}],"author":[{"embeddable":true,"href":"https:\/\/www.laminet.ch\/fr\/wp-json\/wp\/v2\/users\/4"}],"replies":[{"embeddable":true,"href":"https:\/\/www.laminet.ch\/fr\/wp-json\/wp\/v2\/comments?post=5498"}],"version-history":[{"count":3,"href":"https:\/\/www.laminet.ch\/fr\/wp-json\/wp\/v2\/pages\/5498\/revisions"}],"predecessor-version":[{"id":6890,"href":"https:\/\/www.laminet.ch\/fr\/wp-json\/wp\/v2\/pages\/5498\/revisions\/6890"}],"wp:attachment":[{"href":"https:\/\/www.laminet.ch\/fr\/wp-json\/wp\/v2\/media?parent=5498"}],"curies":[{"name":"wp","href":"https:\/\/api.w.org\/{rel}","templated":true}]}}