{"id":5494,"date":"2024-11-29T16:35:49","date_gmt":"2024-11-29T15:35:49","guid":{"rendered":"https:\/\/www.laminet.ch\/therapie-par-les-sangsues\/"},"modified":"2024-12-11T21:27:54","modified_gmt":"2024-12-11T20:27:54","slug":"therapie-par-les-sangsues","status":"publish","type":"page","link":"https:\/\/www.laminet.ch\/fr\/therapie-par-les-sangsues\/","title":{"rendered":"Th\u00e9rapie par les sangsues"},"content":{"rendered":"\t\t<div data-elementor-type=\"wp-page\" data-elementor-id=\"5494\" class=\"elementor elementor-5494 elementor-3657\" data-elementor-post-type=\"page\">\n\t\t\t\t<div class=\"elementor-element elementor-element-2efe1bd1 e-flex e-con-boxed e-con e-parent\" data-id=\"2efe1bd1\" data-element_type=\"container\" data-e-type=\"container\">\n\t\t\t\t\t<div class=\"e-con-inner\">\n\t\t<div class=\"elementor-element elementor-element-6dcbdd1 e-con-full e-flex e-con e-child\" data-id=\"6dcbdd1\" data-element_type=\"container\" data-e-type=\"container\">\n\t\t\t\t<div class=\"elementor-element elementor-element-562db956 elementor-widget elementor-widget-heading\" data-id=\"562db956\" data-element_type=\"widget\" data-e-type=\"widget\" data-widget_type=\"heading.default\">\n\t\t\t\t<div class=\"elementor-widget-container\">\n\t\t\t\t\t<h4 class=\"elementor-heading-title elementor-size-default\">Th\u00e9rapie par les sangsues<\/h4>\t\t\t\t<\/div>\n\t\t\t\t<\/div>\n\t\t\t\t<div class=\"elementor-element elementor-element-4711f1d5 elementor-widget elementor-widget-heading\" data-id=\"4711f1d5\" data-element_type=\"widget\" data-e-type=\"widget\" data-widget_type=\"heading.default\">\n\t\t\t\t<div class=\"elementor-widget-container\">\n\t\t\t\t\t<h6 class=\"elementor-heading-title elementor-size-default\">Meilleure que sa r\u00e9putation<\/h6>\t\t\t\t<\/div>\n\t\t\t\t<\/div>\n\t\t\t\t<div class=\"elementor-element elementor-element-13fd0387 elementor-widget elementor-widget-text-editor\" data-id=\"13fd0387\" data-element_type=\"widget\" data-e-type=\"widget\" data-widget_type=\"text-editor.default\">\n\t\t\t\t<div class=\"elementor-widget-container\">\n\t\t\t\t\t\t\t\t\t<p>La th\u00e9rapie par les sangsues a \u00e9t\u00e9 quelque peu oubli\u00e9e par la m\u00e9decine moderne. En revanche, la m\u00e9decine naturelle continue de les utiliser avec succ\u00e8s. Le traitement est utilis\u00e9 par exemple en cas d&rsquo;inflammation des articulations, de douleurs dorsales chroniques, de blessures sportives, de fortes tensions, de douleurs arthritiques, d&rsquo;abc\u00e8s, de furoncles et d&rsquo;escarres, de varices, de douleurs chroniques, d&rsquo;inflammations de zones cutan\u00e9es, etc. \u00c9galement apr\u00e8s une op\u00e9ration, lorsque les tissus ne sont plus correctement irrigu\u00e9s.  <\/p>\n<p>Les sangsues lib\u00e8rent une multitude de substances dans les tissus pendant le traitement. Il a notamment pour effet de fluidifier le sang, d&rsquo;assouplir les tissus et de r\u00e9duire l&rsquo;inflammation. En cas de douleurs arthrosiques, vous r\u00e9duisez la douleur au niveau des zones trait\u00e9es et d\u00e9clenchez des m\u00e9canismes d&rsquo;auto-gu\u00e9rison. En cas d&rsquo;h\u00e9matomes importants dus \u00e0 un accident sportif, r\u00e9duisez le saignement dans les tissus et le gonflement. Le processus de gu\u00e9rison est acc\u00e9l\u00e9r\u00e9. M\u00eame en cas de zona, les sangsues peuvent r\u00e9duire consid\u00e9rablement la douleur sur les zones touch\u00e9es. Les applications sont nombreuses et les b\u00e9n\u00e9fices importants.  <\/p>\n\t\t\t\t\t\t\t\t<\/div>\n\t\t\t\t<\/div>\n\t\t\t\t<\/div>\n\t\t<div class=\"elementor-element elementor-element-72ff357c e-con-full e-flex e-con e-child\" data-id=\"72ff357c\" data-element_type=\"container\" data-e-type=\"container\">\n\t\t\t\t<div class=\"elementor-element elementor-element-6c1a6a02 elementor-widget elementor-widget-image\" data-id=\"6c1a6a02\" data-element_type=\"widget\" data-e-type=\"widget\" data-widget_type=\"image.default\">\n\t\t\t\t<div class=\"elementor-widget-container\">\n\t\t\t\t\t\t\t\t\t\t\t\t\t\t\t<img fetchpriority=\"high\" decoding=\"async\" width=\"800\" height=\"600\" src=\"https:\/\/www.laminet.ch\/wp-content\/uploads\/2024\/07\/Blutegel.png\" class=\"attachment-full size-full wp-image-4565\" alt=\"\" srcset=\"https:\/\/www.laminet.ch\/wp-content\/uploads\/2024\/07\/Blutegel.png 800w, https:\/\/www.laminet.ch\/wp-content\/uploads\/2024\/07\/Blutegel-300x225.png 300w, https:\/\/www.laminet.ch\/wp-content\/uploads\/2024\/07\/Blutegel-768x576.png 768w\" sizes=\"(max-width: 800px) 100vw, 800px\" \/>\t\t\t\t\t\t\t\t\t\t\t\t\t\t\t<\/div>\n\t\t\t\t<\/div>\n\t\t\t\t<\/div>\n\t\t\t\t\t<\/div>\n\t\t\t\t<\/div>\n\t\t<div class=\"elementor-element elementor-element-3a066357 e-flex e-con-boxed e-con e-parent\" data-id=\"3a066357\" data-element_type=\"container\" data-e-type=\"container\">\n\t\t\t\t\t<div class=\"e-con-inner\">\n\t\t\t\t<div class=\"elementor-element elementor-element-6830c7bb elementor-widget elementor-widget-heading\" data-id=\"6830c7bb\" data-element_type=\"widget\" data-e-type=\"widget\" data-widget_type=\"heading.default\">\n\t\t\t\t<div class=\"elementor-widget-container\">\n\t\t\t\t\t<h6 class=\"elementor-heading-title elementor-size-default\">Le d\u00e9roulement d'un traitement<\/h6>\t\t\t\t<\/div>\n\t\t\t\t<\/div>\n\t\t\t\t<div class=\"elementor-element elementor-element-53e8f8ff elementor-widget elementor-widget-text-editor\" data-id=\"53e8f8ff\" data-element_type=\"widget\" data-e-type=\"widget\" data-widget_type=\"text-editor.default\">\n\t\t\t\t<div class=\"elementor-widget-container\">\n\t\t\t\t\t\t\t\t\t<p>Les sangsues sont sp\u00e9cialement \u00e9lev\u00e9es \u00e0 des fins m\u00e9dicales. Ils ne peuvent donc pas transmettre de maladies. Les morsures de sangsues sont ressenties pendant environ 2 minutes, puis ne sont plus ressenties. Si l&rsquo;on prend des anticoagulants, il faut les arr\u00eater au moins 5 jours avant, car leur effet est encore pr\u00e9sent dans le corps pendant plusieurs jours. Les morsures ne se referment qu&rsquo;au bout de 12 heures apr\u00e8s le traitement et sont compl\u00e8tement ferm\u00e9es au bout de 24 heures. Si l&rsquo;organisme contient un anticoagulant suppl\u00e9mentaire, la perte de sang est nettement plus importante. Les zones sont reli\u00e9es de mani\u00e8re appropri\u00e9e apr\u00e8s le traitement. Le lendemain, vous pouvez \u00e0 nouveau tout faire et \u00eatre pleinement op\u00e9rationnel. Le traitement &nbsp;ne dure pas plus de 2 heures et est pris en charge par l&rsquo;assurance compl\u00e9mentaire. Le tarif horaire est de 132 CHF, le prix par sangsue est de 16 CHF, les pansements et les consommables ne sont pas factur\u00e9s s\u00e9par\u00e9ment.  &nbsp;<\/p>\n<p>Le traitement par sangsues peut \u00eatre utilis\u00e9 en compl\u00e9ment d&rsquo;autres mesures. Ils permettent souvent de retarder, voire d&rsquo;\u00e9viter, des interventions chirurgicales comme dans le cas de l&rsquo;arthrose. En revanche, ils ne peuvent pas faire de miracles dans les cas chroniques. Dans ce cas, il faut traiter de mani\u00e8re r\u00e9p\u00e9t\u00e9e et envisager \u00e9galement d&rsquo;autres mesures th\u00e9rapeutiques. La th\u00e9rapie, comme toute autre, peut \u00eatre utilis\u00e9e \u00e0 titre pr\u00e9ventif. Le traitement est effectu\u00e9 par Michael Schulz (naturopathe dipl\u00f4m\u00e9). Vous trouverez plus d&rsquo;informations sur le lien suivant. <strong><a href=\"https:\/\/corpusetspiritus.ch\/blutegeltherapie\/\" target=\"_blank\" rel=\"noopener\">Traitement par les sangsues<\/a><\/strong>&nbsp;<\/p>\t\t\t\t\t\t\t\t<\/div>\n\t\t\t\t<\/div>\n\t\t\t\t<div class=\"elementor-element elementor-element-e65b896 elementor-widget elementor-widget-button\" data-id=\"e65b896\" data-element_type=\"widget\" data-e-type=\"widget\" data-widget_type=\"button.default\">\n\t\t\t\t<div class=\"elementor-widget-container\">\n\t\t\t\t\t\t\t\t\t<div class=\"elementor-button-wrapper\">\n\t\t\t\t\t<a class=\"elementor-button elementor-button-link elementor-size-sm\" href=\"https:\/\/www.laminet.ch\/fr\/offres\/\">\n\t\t\t\t\t\t<span class=\"elementor-button-content-wrapper\">\n\t\t\t\t\t\t<span class=\"elementor-button-icon\">\n\t\t\t\t<i aria-hidden=\"true\" class=\"far fa-arrow-alt-circle-left\"><\/i>\t\t\t<\/span>\n\t\t\t\t\t\t\t\t\t<span class=\"elementor-button-text\">Retour \u00e0 Offres<\/span>\n\t\t\t\t\t<\/span>\n\t\t\t\t\t<\/a>\n\t\t\t\t<\/div>\n\t\t\t\t\t\t\t\t<\/div>\n\t\t\t\t<\/div>\n\t\t\t\t\t<\/div>\n\t\t\t\t<\/div>\n\t\t\t\t<\/div>\n\t\t","protected":false},"excerpt":{"rendered":"<p>Th\u00e9rapie par les sangsues Meilleure que sa r\u00e9putation La th\u00e9rapie par les sangsues a \u00e9t\u00e9 quelque peu oubli\u00e9e par la m\u00e9decine moderne. En revanche, la m\u00e9decine naturelle continue de les utiliser avec succ\u00e8s. Le traitement est utilis\u00e9 par exemple en cas d&rsquo;inflammation des articulations, de douleurs dorsales chroniques, de blessures sportives, de fortes tensions, de [&hellip;]<\/p>\n","protected":false},"author":4,"featured_media":0,"parent":0,"menu_order":0,"comment_status":"closed","ping_status":"closed","template":"","meta":{"footnotes":""},"class_list":["post-5494","page","type-page","status-publish","hentry"],"_links":{"self":[{"href":"https:\/\/www.laminet.ch\/fr\/wp-json\/wp\/v2\/pages\/5494","targetHints":{"allow":["GET"]}}],"collection":[{"href":"https:\/\/www.laminet.ch\/fr\/wp-json\/wp\/v2\/pages"}],"about":[{"href":"https:\/\/www.laminet.ch\/fr\/wp-json\/wp\/v2\/types\/page"}],"author":[{"embeddable":true,"href":"https:\/\/www.laminet.ch\/fr\/wp-json\/wp\/v2\/users\/4"}],"replies":[{"embeddable":true,"href":"https:\/\/www.laminet.ch\/fr\/wp-json\/wp\/v2\/comments?post=5494"}],"version-history":[{"count":1,"href":"https:\/\/www.laminet.ch\/fr\/wp-json\/wp\/v2\/pages\/5494\/revisions"}],"predecessor-version":[{"id":5495,"href":"https:\/\/www.laminet.ch\/fr\/wp-json\/wp\/v2\/pages\/5494\/revisions\/5495"}],"wp:attachment":[{"href":"https:\/\/www.laminet.ch\/fr\/wp-json\/wp\/v2\/media?parent=5494"}],"curies":[{"name":"wp","href":"https:\/\/api.w.org\/{rel}","templated":true}]}}