{"id":5492,"date":"2024-11-29T16:35:17","date_gmt":"2024-11-29T15:35:17","guid":{"rendered":"https:\/\/www.laminet.ch\/stage\/"},"modified":"2024-12-10T16:51:43","modified_gmt":"2024-12-10T15:51:43","slug":"stage","status":"publish","type":"page","link":"https:\/\/www.laminet.ch\/fr\/stage\/","title":{"rendered":"Stage"},"content":{"rendered":"\t\t<div data-elementor-type=\"wp-page\" data-elementor-id=\"5492\" class=\"elementor elementor-5492 elementor-3722\" data-elementor-post-type=\"page\">\n\t\t\t\t<div class=\"elementor-element elementor-element-56f1ff7 e-flex e-con-boxed e-con e-parent\" data-id=\"56f1ff7\" data-element_type=\"container\" data-e-type=\"container\">\n\t\t\t\t\t<div class=\"e-con-inner\">\n\t\t\t\t<div class=\"elementor-element elementor-element-daab8b4 elementor-widget elementor-widget-heading\" data-id=\"daab8b4\" data-element_type=\"widget\" data-e-type=\"widget\" data-widget_type=\"heading.default\">\n\t\t\t\t<div class=\"elementor-widget-container\">\n\t\t\t\t\t<h4 class=\"elementor-heading-title elementor-size-default\">Stage<\/h4>\t\t\t\t<\/div>\n\t\t\t\t<\/div>\n\t\t\t\t<div class=\"elementor-element elementor-element-f02443f elementor-widget elementor-widget-heading\" data-id=\"f02443f\" data-element_type=\"widget\" data-e-type=\"widget\" data-widget_type=\"heading.default\">\n\t\t\t\t<div class=\"elementor-widget-container\">\n\t\t\t\t\t<h6 class=\"elementor-heading-title elementor-size-default\">Mettez en pratique vos connaissances acquises<\/h6>\t\t\t\t<\/div>\n\t\t\t\t<\/div>\n\t\t\t\t<div class=\"elementor-element elementor-element-2446ecf elementor-widget elementor-widget-text-editor\" data-id=\"2446ecf\" data-element_type=\"widget\" data-e-type=\"widget\" data-widget_type=\"text-editor.default\">\n\t\t\t\t<div class=\"elementor-widget-container\">\n\t\t\t\t\t\t\t\t\t<p style=\"font-weight: 400; text-align: left;\"><img fetchpriority=\"high\" decoding=\"async\" class=\"alignright wp-image-4753 size-full\" src=\"https:\/\/www.laminet.ch\/wp-content\/uploads\/2024\/08\/Praktikum-1.png\" alt=\"\" width=\"600\" height=\"400\">Je vous offre la possibilit\u00e9 d&rsquo;\u00e9largir vos connaissances pratiques et de vous d\u00e9velopper. Que vous veniez de terminer votre formation ou que vous ayez d\u00e9j\u00e0 une exp\u00e9rience pratique, vous pouvez acqu\u00e9rir avec moi des connaissances et des comp\u00e9tences pr\u00e9cieuses dans le domaine de l&rsquo;acupuncture et du tuina. Vous pouvez profiter de mes vastes connaissances et de ma longue exp\u00e9rience et apprendre ce qui a fait ses preuves dans la pratique. Vous apprendrez \u00e0 r\u00e9aliser correctement des anamn\u00e8ses, des techniques d&rsquo;aiguille, des combinaisons de points, des ventouses, du moxa, du guasha et bien d&rsquo;autres choses encore. Vous apprendrez \u00e9galement tout ce qui se passe dans un cabinet de MTC. Vous devez acqu\u00e9rir des qualit\u00e9s professionnelles et vous entra\u00eener \u00e0 travailler de mani\u00e8re autonome. Mon objectif est de partager mon enthousiasme pour mon travail avec vous, afin que vous puissiez vous aussi appr\u00e9cier votre stage. Je souhaite vous pr\u00e9parer au monde fascinant de la m\u00e9decine traditionnelle chinoise (MTC) par une exp\u00e9rience d&rsquo;apprentissage positive, afin que vous puissiez vous pr\u00e9senter \u00e0 l&rsquo;avenir avec assurance, comp\u00e9tence et professionnalisme. L&rsquo;accent est donc mis sur l&rsquo;\u00e9laboration du profil de comp\u00e9tences d&rsquo;un \u00ab\u00a0naturopathe MTC sp\u00e9cialis\u00e9 en acupuncture et tuina\u00a0\u00bb.<\/p>\n<p style=\"font-weight: 400;\">J&rsquo;attache une grande importance aux comp\u00e9tences techniques, mais aussi au d\u00e9veloppement d&rsquo;autres comp\u00e9tences cl\u00e9s telles que la responsabilit\u00e9 personnelle, l&rsquo;apprentissage par probl\u00e8mes, la mise en r\u00e9seau, la m\u00e9tacognition et la coop\u00e9ration.<\/p>\n<p style=\"font-weight: 400;\">Cela vous parle? Si c&rsquo;est le cas, je vous propose de personnaliser votre stage. Vous pouvez organiser vous-m\u00eame votre charge de travail et vos vacances. La dur\u00e9e du stage est \u00e0 convenir.<\/p>\t\t\t\t\t\t\t\t<\/div>\n\t\t\t\t<\/div>\n\t\t\t\t\t<\/div>\n\t\t\t\t<\/div>\n\t\t<div class=\"elementor-element elementor-element-2d22a84 e-flex e-con-boxed e-con e-parent\" data-id=\"2d22a84\" data-element_type=\"container\" data-e-type=\"container\">\n\t\t\t\t\t<div class=\"e-con-inner\">\n\t\t<div class=\"elementor-element elementor-element-86f490b e-con-full e-flex e-con e-child\" data-id=\"86f490b\" data-element_type=\"container\" data-e-type=\"container\">\n\t\t\t\t<div class=\"elementor-element elementor-element-5bb0c59 elementor-widget elementor-widget-heading\" data-id=\"5bb0c59\" data-element_type=\"widget\" data-e-type=\"widget\" data-widget_type=\"heading.default\">\n\t\t\t\t<div class=\"elementor-widget-container\">\n\t\t\t\t\t<h5 class=\"elementor-heading-title elementor-size-default\"><span>Votre profil<\/span><\/h5>\t\t\t\t<\/div>\n\t\t\t\t<\/div>\n\t\t\t\t<div class=\"elementor-element elementor-element-e9675f7 elementor-icon-list--layout-traditional elementor-list-item-link-full_width elementor-widget elementor-widget-icon-list\" data-id=\"e9675f7\" data-element_type=\"widget\" data-e-type=\"widget\" data-widget_type=\"icon-list.default\">\n\t\t\t\t<div class=\"elementor-widget-container\">\n\t\t\t\t\t\t\t<ul class=\"elementor-icon-list-items\">\n\t\t\t\t\t\t\t<li class=\"elementor-icon-list-item\">\n\t\t\t\t\t\t\t\t\t\t\t<span class=\"elementor-icon-list-icon\">\n\t\t\t\t\t\t\t<i aria-hidden=\"true\" class=\"fas fa-yin-yang\"><\/i>\t\t\t\t\t\t<\/span>\n\t\t\t\t\t\t\t\t\t\t<span class=\"elementor-icon-list-text\">Dipl\u00f4me de MTC (bases de la MTC, acupuncture et tuina)<\/span>\n\t\t\t\t\t\t\t\t\t<\/li>\n\t\t\t\t\t\t\t\t<li class=\"elementor-icon-list-item\">\n\t\t\t\t\t\t\t\t\t\t\t<span class=\"elementor-icon-list-icon\">\n\t\t\t\t\t\t\t<i aria-hidden=\"true\" class=\"fas fa-yin-yang\"><\/i>\t\t\t\t\t\t<\/span>\n\t\t\t\t\t\t\t\t\t\t<span class=\"elementor-icon-list-text\">Grand int\u00e9r\u00eat pour la m\u00e9decine traditionnelle chinoise et les m\u00e9thodes de gu\u00e9rison alternatives<\/span>\n\t\t\t\t\t\t\t\t\t<\/li>\n\t\t\t\t\t\t\t\t<li class=\"elementor-icon-list-item\">\n\t\t\t\t\t\t\t\t\t\t\t<span class=\"elementor-icon-list-icon\">\n\t\t\t\t\t\t\t<i aria-hidden=\"true\" class=\"fas fa-yin-yang\"><\/i>\t\t\t\t\t\t<\/span>\n\t\t\t\t\t\t\t\t\t\t<span class=\"elementor-icon-list-text\">Une premi\u00e8re exp\u00e9rience pratique est un atout, mais pas une obligation<\/span>\n\t\t\t\t\t\t\t\t\t<\/li>\n\t\t\t\t\t\t\t\t<li class=\"elementor-icon-list-item\">\n\t\t\t\t\t\t\t\t\t\t\t<span class=\"elementor-icon-list-icon\">\n\t\t\t\t\t\t\t<i aria-hidden=\"true\" class=\"fas fa-yin-yang\"><\/i>\t\t\t\t\t\t<\/span>\n\t\t\t\t\t\t\t\t\t\t<span class=\"elementor-icon-list-text\">Bonne connaissance du fran\u00e7ais en plus de l'allemand<\/span>\n\t\t\t\t\t\t\t\t\t<\/li>\n\t\t\t\t\t\t<\/ul>\n\t\t\t\t\t\t<\/div>\n\t\t\t\t<\/div>\n\t\t\t\t<div class=\"elementor-element elementor-element-845a196 elementor-widget elementor-widget-text-editor\" data-id=\"845a196\" data-element_type=\"widget\" data-e-type=\"widget\" data-widget_type=\"text-editor.default\">\n\t\t\t\t<div class=\"elementor-widget-container\">\n\t\t\t\t\t\t\t\t\t<\/p>\n<p style=\"font-weight: 400;\">\u00cates-vous pr\u00eat \u00e0 acqu\u00e9rir une exp\u00e9rience pr\u00e9cieuse dans le monde de la MTC ? Envoyez-moi votre CV, une br\u00e8ve lettre de motivation et vos dipl\u00f4mes par e-mail. <a href=\"mailto:mail@thereselaminet.ch\" target=\"_blank\" rel=\"noopener\"><strong>e-mail<\/strong><\/a>.<\/p>\n<p style=\"font-weight: 400;\">J&rsquo;ai h\u00e2te de vous rencontrer !<\/p>\n<p style=\"font-weight: 400;\">\n\t\t\t\t\t\t\t\t<\/div>\n\t\t\t\t<\/div>\n\t\t\t\t<div class=\"elementor-element elementor-element-6b34d73 elementor-widget elementor-widget-button\" data-id=\"6b34d73\" data-element_type=\"widget\" data-e-type=\"widget\" data-widget_type=\"button.default\">\n\t\t\t\t<div class=\"elementor-widget-container\">\n\t\t\t\t\t\t\t\t\t<div class=\"elementor-button-wrapper\">\n\t\t\t\t\t<a class=\"elementor-button elementor-button-link elementor-size-sm\" href=\"https:\/\/www.laminet.ch\/fr\/offres\/\">\n\t\t\t\t\t\t<span class=\"elementor-button-content-wrapper\">\n\t\t\t\t\t\t<span class=\"elementor-button-icon\">\n\t\t\t\t<i aria-hidden=\"true\" class=\"far fa-arrow-alt-circle-left\"><\/i>\t\t\t<\/span>\n\t\t\t\t\t\t\t\t\t<span class=\"elementor-button-text\">Retour \u00e0 Offres<\/span>\n\t\t\t\t\t<\/span>\n\t\t\t\t\t<\/a>\n\t\t\t\t<\/div>\n\t\t\t\t\t\t\t\t<\/div>\n\t\t\t\t<\/div>\n\t\t\t\t<\/div>\n\t\t<div class=\"elementor-element elementor-element-3643690 e-con-full e-flex e-con e-child\" data-id=\"3643690\" data-element_type=\"container\" data-e-type=\"container\">\n\t\t\t\t<div class=\"elementor-element elementor-element-be46878 elementor-widget elementor-widget-heading\" data-id=\"be46878\" data-element_type=\"widget\" data-e-type=\"widget\" data-widget_type=\"heading.default\">\n\t\t\t\t<div class=\"elementor-widget-container\">\n\t\t\t\t\t<h5 class=\"elementor-heading-title elementor-size-default\"><span>Vos t\u00e2ches  <\/span><\/h5>\t\t\t\t<\/div>\n\t\t\t\t<\/div>\n\t\t\t\t<div class=\"elementor-element elementor-element-ac32d76 elementor-icon-list--layout-traditional elementor-list-item-link-full_width elementor-widget elementor-widget-icon-list\" data-id=\"ac32d76\" data-element_type=\"widget\" data-e-type=\"widget\" data-widget_type=\"icon-list.default\">\n\t\t\t\t<div class=\"elementor-widget-container\">\n\t\t\t\t\t\t\t<ul class=\"elementor-icon-list-items\">\n\t\t\t\t\t\t\t<li class=\"elementor-icon-list-item\">\n\t\t\t\t\t\t\t\t\t\t\t<span class=\"elementor-icon-list-icon\">\n\t\t\t\t\t\t\t<i aria-hidden=\"true\" class=\"fas fa-yin-yang\"><\/i>\t\t\t\t\t\t<\/span>\n\t\t\t\t\t\t\t\t\t\t<span class=\"elementor-icon-list-text\">Vous me soutenez dans mon travail quotidien<\/span>\n\t\t\t\t\t\t\t\t\t<\/li>\n\t\t\t\t\t\t\t\t<li class=\"elementor-icon-list-item\">\n\t\t\t\t\t\t\t\t\t\t\t<span class=\"elementor-icon-list-icon\">\n\t\t\t\t\t\t\t<i aria-hidden=\"true\" class=\"fas fa-yin-yang\"><\/i>\t\t\t\t\t\t<\/span>\n\t\t\t\t\t\t\t\t\t\t<span class=\"elementor-icon-list-text\">Aide \u00e0 la pr\u00e9paration et \u00e0 la r\u00e9alisation des traitements<\/span>\n\t\t\t\t\t\t\t\t\t<\/li>\n\t\t\t\t\t\t\t\t<li class=\"elementor-icon-list-item\">\n\t\t\t\t\t\t\t\t\t\t\t<span class=\"elementor-icon-list-icon\">\n\t\t\t\t\t\t\t<i aria-hidden=\"true\" class=\"fas fa-yin-yang\"><\/i>\t\t\t\t\t\t<\/span>\n\t\t\t\t\t\t\t\t\t\t<span class=\"elementor-icon-list-text\">Prise en charge des patients avant et apr\u00e8s les s\u00e9ances de th\u00e9rapie  <\/span>\n\t\t\t\t\t\t\t\t\t<\/li>\n\t\t\t\t\t\t\t\t<li class=\"elementor-icon-list-item\">\n\t\t\t\t\t\t\t\t\t\t\t<span class=\"elementor-icon-list-icon\">\n\t\t\t\t\t\t\t<i aria-hidden=\"true\" class=\"fas fa-yin-yang\"><\/i>\t\t\t\t\t\t<\/span>\n\t\t\t\t\t\t\t\t\t\t<span class=\"elementor-icon-list-text\">Aper\u00e7u de l'\u00e9tablissement d'un diagnostic et de l'\u00e9laboration d'un plan de traitement  <\/span>\n\t\t\t\t\t\t\t\t\t<\/li>\n\t\t\t\t\t\t<\/ul>\n\t\t\t\t\t\t<\/div>\n\t\t\t\t<\/div>\n\t\t\t\t<\/div>\n\t\t\t\t\t<\/div>\n\t\t\t\t<\/div>\n\t\t\t\t<\/div>\n\t\t","protected":false},"excerpt":{"rendered":"<p>Stage Mettez en pratique vos connaissances acquises Je vous offre la possibilit\u00e9 d&rsquo;\u00e9largir vos connaissances pratiques et de vous d\u00e9velopper. Que vous veniez de terminer votre formation ou que vous ayez d\u00e9j\u00e0 une exp\u00e9rience pratique, vous pouvez acqu\u00e9rir avec moi des connaissances et des comp\u00e9tences pr\u00e9cieuses dans le domaine de l&rsquo;acupuncture et du tuina. Vous [&hellip;]<\/p>\n","protected":false},"author":3,"featured_media":0,"parent":0,"menu_order":0,"comment_status":"closed","ping_status":"closed","template":"","meta":{"footnotes":""},"class_list":["post-5492","page","type-page","status-publish","hentry"],"_links":{"self":[{"href":"https:\/\/www.laminet.ch\/fr\/wp-json\/wp\/v2\/pages\/5492","targetHints":{"allow":["GET"]}}],"collection":[{"href":"https:\/\/www.laminet.ch\/fr\/wp-json\/wp\/v2\/pages"}],"about":[{"href":"https:\/\/www.laminet.ch\/fr\/wp-json\/wp\/v2\/types\/page"}],"author":[{"embeddable":true,"href":"https:\/\/www.laminet.ch\/fr\/wp-json\/wp\/v2\/users\/3"}],"replies":[{"embeddable":true,"href":"https:\/\/www.laminet.ch\/fr\/wp-json\/wp\/v2\/comments?post=5492"}],"version-history":[{"count":3,"href":"https:\/\/www.laminet.ch\/fr\/wp-json\/wp\/v2\/pages\/5492\/revisions"}],"predecessor-version":[{"id":5998,"href":"https:\/\/www.laminet.ch\/fr\/wp-json\/wp\/v2\/pages\/5492\/revisions\/5998"}],"wp:attachment":[{"href":"https:\/\/www.laminet.ch\/fr\/wp-json\/wp\/v2\/media?parent=5492"}],"curies":[{"name":"wp","href":"https:\/\/api.w.org\/{rel}","templated":true}]}}