{"id":5480,"date":"2024-11-29T16:28:16","date_gmt":"2024-11-29T15:28:16","guid":{"rendered":"https:\/\/www.laminet.ch\/lequipe\/"},"modified":"2025-01-19T18:26:30","modified_gmt":"2025-01-19T17:26:30","slug":"lequipe","status":"publish","type":"page","link":"https:\/\/www.laminet.ch\/fr\/lequipe\/","title":{"rendered":"L&rsquo;\u00e9quipe"},"content":{"rendered":"\t\t<div data-elementor-type=\"wp-page\" data-elementor-id=\"5480\" class=\"elementor elementor-5480 elementor-1801\" data-elementor-post-type=\"page\">\n\t\t\t\t<div class=\"elementor-element elementor-element-76c4922 e-flex e-con-boxed e-con e-parent\" data-id=\"76c4922\" data-element_type=\"container\" data-e-type=\"container\">\n\t\t\t\t\t<div class=\"e-con-inner\">\n\t\t<div class=\"elementor-element elementor-element-4cca4b25 e-con-full e-flex e-con e-child\" data-id=\"4cca4b25\" data-element_type=\"container\" data-e-type=\"container\">\n\t\t\t\t<div class=\"elementor-element elementor-element-a0b25f2 elementor-widget elementor-widget-heading\" data-id=\"a0b25f2\" data-element_type=\"widget\" data-e-type=\"widget\" data-widget_type=\"heading.default\">\n\t\t\t\t<div class=\"elementor-widget-container\">\n\t\t\t\t\t<h4 class=\"elementor-heading-title elementor-size-default\">Marie-Therese Laminet<\/h4>\t\t\t\t<\/div>\n\t\t\t\t<\/div>\n\t\t\t\t<div class=\"elementor-element elementor-element-545b6614 elementor-widget elementor-widget-heading\" data-id=\"545b6614\" data-element_type=\"widget\" data-e-type=\"widget\" data-widget_type=\"heading.default\">\n\t\t\t\t<div class=\"elementor-widget-container\">\n\t\t\t\t\t<div class=\"elementor-heading-title elementor-size-default\">Naturopathe dipl\u00f4m\u00e9 f\u00e9deral en MTC <br>Th\u00e9rapeute dipl\u00f4m\u00e9 en acupuncture<br> Th\u00e9rapeute dipl\u00f4m\u00e9 en Tuina<\/div>\t\t\t\t<\/div>\n\t\t\t\t<\/div>\n\t\t\t\t<div class=\"elementor-element elementor-element-4bd25006 elementor-widget elementor-widget-text-editor\" data-id=\"4bd25006\" data-element_type=\"widget\" data-e-type=\"widget\" data-widget_type=\"text-editor.default\">\n\t\t\t\t<div class=\"elementor-widget-container\">\n\t\t\t\t\t\t\t\t\t<p>Je travaille comme th\u00e9rapeute en m\u00e9decine chinoise depuis plus de 20 ans maintenant. Durant cette p\u00e9riode, je n&rsquo;ai cess\u00e9 d&rsquo;\u00e9voluer, tant sur le plan professionnel que personnel, et je m&rsquo;\u00e9merveille encore chaque jour de la sagesse et du savoir qui sont enracin\u00e9s dans cette tradition mill\u00e9naire. Elle lie l&rsquo;homme \u00e0 la nature qui l&rsquo;entoure en tant que point central entre le ciel et la terre.<\/p><p>Ces connaissances et mon exp\u00e9rience pratique m&rsquo;aident \u00e0 vous appr\u00e9hender dans votre globalit\u00e9 en tant que corps, esprit et \u00e2me et \u00e0 vous traiter en cons\u00e9quence. Avec beaucoup de c\u0153ur, d&#8217;empathie, d&rsquo;engagement et de comp\u00e9tence professionnelle, je suis \u00e0 vos c\u00f4t\u00e9s pour vous soutenir dans votre parcours.<\/p><p><a href=\"https:\/\/www.laminet.ch\/wp-content\/uploads\/CV_MTLaminet_WEB_fr_2025.pdf\"><strong>ICI<\/strong><\/a> vous pouvez en savoir plus sur ma formation m\u00e9dicale.<\/p>\t\t\t\t\t\t\t\t<\/div>\n\t\t\t\t<\/div>\n\t\t\t\t<\/div>\n\t\t<div class=\"elementor-element elementor-element-59c8d457 e-con-full e-flex e-con e-child\" data-id=\"59c8d457\" data-element_type=\"container\" data-e-type=\"container\">\n\t\t\t\t<div class=\"elementor-element elementor-element-3dd6240c elementor-widget elementor-widget-image\" data-id=\"3dd6240c\" data-element_type=\"widget\" data-e-type=\"widget\" data-widget_type=\"image.default\">\n\t\t\t\t<div class=\"elementor-widget-container\">\n\t\t\t\t\t\t\t\t\t\t\t\t\t\t\t<img fetchpriority=\"high\" decoding=\"async\" width=\"936\" height=\"1058\" src=\"https:\/\/www.laminet.ch\/wp-content\/uploads\/2024\/12\/therese-laminet.webp\" class=\"attachment-full size-full wp-image-5863\" alt=\"therese laminet\" srcset=\"https:\/\/www.laminet.ch\/wp-content\/uploads\/2024\/12\/therese-laminet.webp 936w, https:\/\/www.laminet.ch\/wp-content\/uploads\/2024\/12\/therese-laminet-265x300.webp 265w, https:\/\/www.laminet.ch\/wp-content\/uploads\/2024\/12\/therese-laminet-906x1024.webp 906w, https:\/\/www.laminet.ch\/wp-content\/uploads\/2024\/12\/therese-laminet-768x868.webp 768w\" sizes=\"(max-width: 936px) 100vw, 936px\" \/>\t\t\t\t\t\t\t\t\t\t\t\t\t\t\t<\/div>\n\t\t\t\t<\/div>\n\t\t\t\t<\/div>\n\t\t\t\t\t<\/div>\n\t\t\t\t<\/div>\n\t\t<div class=\"elementor-element elementor-element-2246cb1 e-flex e-con-boxed e-con e-parent\" data-id=\"2246cb1\" data-element_type=\"container\" data-e-type=\"container\">\n\t\t\t\t\t<div class=\"e-con-inner\">\n\t\t<div class=\"elementor-element elementor-element-796980a e-con-full e-flex e-con e-child\" data-id=\"796980a\" data-element_type=\"container\" data-e-type=\"container\">\n\t\t\t\t<div class=\"elementor-element elementor-element-6ac0526 elementor-widget elementor-widget-heading\" data-id=\"6ac0526\" data-element_type=\"widget\" data-e-type=\"widget\" data-widget_type=\"heading.default\">\n\t\t\t\t<div class=\"elementor-widget-container\">\n\t\t\t\t\t<h4 class=\"elementor-heading-title elementor-size-default\">Michael Schulz<\/h4>\t\t\t\t<\/div>\n\t\t\t\t<\/div>\n\t\t\t\t<div class=\"elementor-element elementor-element-438c904 elementor-widget elementor-widget-heading\" data-id=\"438c904\" data-element_type=\"widget\" data-e-type=\"widget\" data-widget_type=\"heading.default\">\n\t\t\t\t<div class=\"elementor-widget-container\">\n\t\t\t\t\t<div class=\"elementor-heading-title elementor-size-default\">Naturopathe TEN <br> Constellation familiale <br> Formateur d'adultes<\/div>\t\t\t\t<\/div>\n\t\t\t\t<\/div>\n\t\t\t\t<div class=\"elementor-element elementor-element-209af50 elementor-widget elementor-widget-text-editor\" data-id=\"209af50\" data-element_type=\"widget\" data-e-type=\"widget\" data-widget_type=\"text-editor.default\">\n\t\t\t\t<div class=\"elementor-widget-container\">\n\t\t\t\t\t\t\t\t\t<p>A propos de moi, Michael Schulz, je suis naturopathe form\u00e9 en Suisse. Je peux vous aider en cas de probl\u00e8mes musculo-squelettiques, par exemple tensions, entorses, \u00e9paule gel\u00e9e, inflammations articulaires, rhumatismes, goutte, arthrose. Il en va de m\u00eame pour les probl\u00e8mes du syst\u00e8me nerveux v\u00e9g\u00e9tatif qui entra\u00eenent des troubles du sommeil, des \u00e9tats d&rsquo;\u00e9puisement, des probl\u00e8mes digestifs, etc. Je dispose pour cela de th\u00e9rapies manuelles telles que le massage, la r\u00e9flexologie plantaire, les ventouses, la phytoth\u00e9rapie et la th\u00e9rapie par les sangsues. Pour plus d&rsquo;informations sur mon travail, consultez <a href=\"https:\/\/corpusetspiritus.ch\/\">www.corpusetspiritus.ch<\/a><br \/>Je suis \u00e9galement form\u00e9e aux constellations familiales (travail de constellation syst\u00e9mique). Ce travail permet de cartographier les maladies, d&rsquo;en trouver la cause et d&rsquo;initier des solutions. Pour plus d&rsquo;informations, consultez <a href=\"https:\/\/systemicworks.ch\/\">www.systemicworks.ch<\/a><\/p>\n\t\t\t\t\t\t\t\t<\/div>\n\t\t\t\t<\/div>\n\t\t\t\t<\/div>\n\t\t<div class=\"elementor-element elementor-element-ca1cc84 e-con-full e-flex e-con e-child\" data-id=\"ca1cc84\" data-element_type=\"container\" data-e-type=\"container\">\n\t\t\t\t<div class=\"elementor-element elementor-element-eaffe20 elementor-widget elementor-widget-image\" data-id=\"eaffe20\" data-element_type=\"widget\" data-e-type=\"widget\" data-widget_type=\"image.default\">\n\t\t\t\t<div class=\"elementor-widget-container\">\n\t\t\t\t\t\t\t\t\t\t\t\t\t\t\t<img decoding=\"async\" width=\"933\" height=\"1047\" src=\"https:\/\/www.laminet.ch\/wp-content\/uploads\/2024\/12\/Michael-Schulz.webp\" class=\"attachment-full size-full wp-image-5868\" alt=\"\" srcset=\"https:\/\/www.laminet.ch\/wp-content\/uploads\/2024\/12\/Michael-Schulz.webp 933w, https:\/\/www.laminet.ch\/wp-content\/uploads\/2024\/12\/Michael-Schulz-267x300.webp 267w, https:\/\/www.laminet.ch\/wp-content\/uploads\/2024\/12\/Michael-Schulz-913x1024.webp 913w, https:\/\/www.laminet.ch\/wp-content\/uploads\/2024\/12\/Michael-Schulz-768x862.webp 768w\" sizes=\"(max-width: 933px) 100vw, 933px\" \/>\t\t\t\t\t\t\t\t\t\t\t\t\t\t\t<\/div>\n\t\t\t\t<\/div>\n\t\t\t\t<\/div>\n\t\t\t\t\t<\/div>\n\t\t\t\t<\/div>\n\t\t\t\t<\/div>\n\t\t","protected":false},"excerpt":{"rendered":"<p>Marie-Therese Laminet Naturopathe dipl\u00f4m\u00e9 f\u00e9deral en MTC Th\u00e9rapeute dipl\u00f4m\u00e9 en acupuncture Th\u00e9rapeute dipl\u00f4m\u00e9 en Tuina Je travaille comme th\u00e9rapeute en m\u00e9decine chinoise depuis plus de 20 ans maintenant. Durant cette p\u00e9riode, je n&rsquo;ai cess\u00e9 d&rsquo;\u00e9voluer, tant sur le plan professionnel que personnel, et je m&rsquo;\u00e9merveille encore chaque jour de la sagesse et du savoir qui [&hellip;]<\/p>\n","protected":false},"author":1,"featured_media":0,"parent":0,"menu_order":0,"comment_status":"closed","ping_status":"closed","template":"","meta":{"footnotes":""},"class_list":["post-5480","page","type-page","status-publish","hentry"],"_links":{"self":[{"href":"https:\/\/www.laminet.ch\/fr\/wp-json\/wp\/v2\/pages\/5480","targetHints":{"allow":["GET"]}}],"collection":[{"href":"https:\/\/www.laminet.ch\/fr\/wp-json\/wp\/v2\/pages"}],"about":[{"href":"https:\/\/www.laminet.ch\/fr\/wp-json\/wp\/v2\/types\/page"}],"author":[{"embeddable":true,"href":"https:\/\/www.laminet.ch\/fr\/wp-json\/wp\/v2\/users\/1"}],"replies":[{"embeddable":true,"href":"https:\/\/www.laminet.ch\/fr\/wp-json\/wp\/v2\/comments?post=5480"}],"version-history":[{"count":16,"href":"https:\/\/www.laminet.ch\/fr\/wp-json\/wp\/v2\/pages\/5480\/revisions"}],"predecessor-version":[{"id":6398,"href":"https:\/\/www.laminet.ch\/fr\/wp-json\/wp\/v2\/pages\/5480\/revisions\/6398"}],"wp:attachment":[{"href":"https:\/\/www.laminet.ch\/fr\/wp-json\/wp\/v2\/media?parent=5480"}],"curies":[{"name":"wp","href":"https:\/\/api.w.org\/{rel}","templated":true}]}}